{"id":15,"date":"2014-04-27T22:23:14","date_gmt":"2014-04-27T22:23:14","guid":{"rendered":"http:\/\/www.lmkk.org\/?page_id=15"},"modified":"2017-02-19T11:06:48","modified_gmt":"2017-02-19T11:06:48","slug":"menneet-tapahtumat-vuosi-2015","status":"publish","type":"page","link":"http:\/\/www.lmkk.org\/?page_id=15","title":{"rendered":"Menneet tapahtumat &#8211; Vuosi 2015"},"content":{"rendered":"<ul>\n<li><strong>8.3. MEJ\u00c4-koulutus Rovaniemell\u00e4<\/strong><\/li>\n<\/ul>\n<p>MEJ\u00c4:n talvikauden kuivaharjoittelut, &#8221;Mit\u00e4, miksi ja miten eli MEJ\u00c4\u00e4 teoriassa&#8221;. Su 8.3. klo 12-16 Rovaniemell\u00e4 osoitteessa Juppotie 2 (Siwan talo). Kouluttajana MEJ\u00c4-ylituomari Marika Ahola, paikalla my\u00f6s ylituomari Kari Airiainen kertomassa VAHI-kokeesta ja HIRV-palkintotuomareiden p\u00e4tev\u00f6it\u00e4misest\u00e4 lajiin. Osallistumismaksu 5\u20ac maksetaan paikan p\u00e4\u00e4ll\u00e4 k\u00e4teisell\u00e4. Ilmoittautumiset ja toiveet koulutuksessa k\u00e4sitelt\u00e4vist\u00e4 asioista 1.3. menness\u00e4 eveliina.makitalo@gmail.com<br \/>\n<a href=\"http:\/\/www.lmkk.org\/wp-content\/uploads\/2014\/04\/MEJ\u00c4n-talvikauden-kuivaharjoittelut-\u2013.jpg\"><img loading=\"lazy\" decoding=\"async\" class=\"aligncenter wp-image-186\" src=\"http:\/\/www.lmkk.org\/wp-content\/uploads\/2014\/04\/MEJ\u00c4n-talvikauden-kuivaharjoittelut-\u2013.jpg\" alt=\"MEJ\u00c4n talvikauden kuivaharjoittelut \u2013\" width=\"500\" height=\"281\" srcset=\"http:\/\/www.lmkk.org\/wp-content\/uploads\/2014\/04\/MEJ\u00c4n-talvikauden-kuivaharjoittelut-\u2013.jpg 1280w, http:\/\/www.lmkk.org\/wp-content\/uploads\/2014\/04\/MEJ\u00c4n-talvikauden-kuivaharjoittelut-\u2013-300x169.jpg 300w, http:\/\/www.lmkk.org\/wp-content\/uploads\/2014\/04\/MEJ\u00c4n-talvikauden-kuivaharjoittelut-\u2013-768x432.jpg 768w, http:\/\/www.lmkk.org\/wp-content\/uploads\/2014\/04\/MEJ\u00c4n-talvikauden-kuivaharjoittelut-\u2013-1024x576.jpg 1024w\" sizes=\"auto, (max-width: 500px) 100vw, 500px\" \/><\/a><\/p>\n<ul>\n<li><strong>25.4. Keinoluolaharjoitukset Oulussa<\/strong><\/li>\n<\/ul>\n<p>Lapin M\u00e4yr\u00e4koirakerhon ja Osty:n yhteiset luolakoirien taipumusharjoitukset luolakoiraroduille Oulun Haukkukeitaalla lauantaina 25.4. klo 10 &#8211; n. klo 16.00. M\u00e4yr\u00e4koirakerhon v\u00e4en harjoitukset painottuvat iltap\u00e4iv\u00e4\u00e4n.<\/p>\n<p>Etusija harjoituksiin on molempien yhdistyksen j\u00e4senill\u00e4 15.4. saakka. T\u00e4m\u00e4n j\u00e4lkeen mahdolliset vapaat paikat jaetaan ilm.j\u00e4rjestyksess\u00e4 yhdistysten ulkopuolisille.<\/p>\n<p>Harjoittelun hinta 10 \u20ac j\u00e4senille, ei-j\u00e4senille 15 \u20ac. Harjoitusmaksu maksetaan k\u00e4teisell\u00e4 paikan p\u00e4\u00e4ll\u00e4.<\/p>\n<p>SITOVAT ilmoittautumiset s\u00e4hk\u00f6postitse osoitteeseen anupj.karkkainen@gmail.com. Peruuttamattomasta harjoitusajasta veloitamme t\u00e4yden hinnan. Mik\u00e4li et p\u00e4\u00e4se osallistumaan, niin peruutukset on teht\u00e4v\u00e4 Anulle mahdollisimman pikaisesti nroon 0400 978 556 (mielell\u00e4\u00e4n txt).<\/p>\n<p>Laita ilmoittautumiseen tieto, oletko j\u00e4sen, koiran kutsumanimi, rotu ja ik\u00e4 sek\u00e4 omistajan\/ohjaajan nimi sek\u00e4 puhelinnumero. Kerro my\u00f6s, onko koirasi ensikertalainen tai mit\u00e4 sen kanssa pit\u00e4isi ennen kaikkea harjoitella (ahdinko, hiekankaivuu jne) vai oletteko jo kokeisiin menij\u00f6it\u00e4. N\u00e4in voimme etuk\u00e4teen jakaa koiria sopiviin ryhmiin. Saat vastausviestin\u00e4 koirasi harjoitusajan.<\/p>\n<p>Saavu harjoituksiin hyviss\u00e4 ajoin, sill\u00e4 treeniajoissa esiintyy joustoja ja varaudu my\u00f6skin odottamaan. Ota harjoituksiin mukaan koiran rokotustodistus. Huom! Rabies-s\u00e4\u00e4nt\u00f6 on muuttunut 1.1.2015. Rokotusta ei tarvitse en\u00e4\u00e4 uusia vuosittain, vaan se on voimassa rokotuksen voimassaoloajan.<\/p>\n<ul>\n<li><strong>9.5. LUT-koetoimitsijakurssi 2 Louella<br \/>\n<\/strong><\/li>\n<\/ul>\n<p>Kurssin johtaja Kari Airiainen. Ilmoittautumiset 1.5. menness\u00e4:<\/p>\n<p>Kari Airiainen<br \/>\nTengeli\u00f6ntie 671<br \/>\n95630 Kuivakangas<br \/>\n050 491 2089<br \/>\nkari.airiainen@gmail.com<\/p>\n<p>Kurssimaksu 20 \u20ac, sis\u00e4lt\u00e4\u00e4 oppimateriaalin, Lapin M\u00e4yr\u00e4koirakerhon tilille FI98 5640 0220 2669 07.<\/p>\n<ul>\n<li><strong>9.5. LUT-harjoitukset Louella<\/strong><\/li>\n<\/ul>\n<p>Harjoituksiin otetaan 10 koiraa, etusijalla ovat Lapin M\u00e4yr\u00e4koirakerhon j\u00e4senet.\u00a0Osallistumismaksu 10,00\u20ac maksetaan paikan p\u00e4\u00e4ll\u00e4. Ilmoittautumiset 3.5. menness\u00e4 040 835 7089 tai lmkk.sihteeri@gmail.com.<\/p>\n<ul>\n<li><strong>9.5. PIKA-harjoitukset Louella<\/strong><\/li>\n<\/ul>\n<p>PIKA- eli pienoism\u00e4yt\u00e4koirien k\u00e4ytt\u00f6taipumusharjoitukset. Osallistumismaksu 10,00\u20ac maksetaan paikan p\u00e4\u00e4ll\u00e4. Ilmoittautumiset 3.5. menness\u00e4 040 835 7089 tai lmkk.sihteeri@gmail.com.<\/p>\n<ul>\n<li><strong>9.-10.5. LUT-kokeet Louella<\/strong><\/li>\n<\/ul>\n<p>Ylituomari Kari Airiainen. Ilmoittautumiset 1.4.-3.5. v\u00e4lisen\u00e4 aikana:<\/p>\n<p>Nina Airiainen<br \/>\nTengeli\u00f6ntie 671<br \/>\n95630 Kuivakangas<br \/>\n050 413 0449<br \/>\nnina.airiainen@gmail.com<\/p>\n<p>Kokeeseen otetaan max. 15 koiraa\/p\u00e4iv\u00e4. Osanottomaksu 50,00\u20ac maksetaan\u00a0vasta koepaikan varmistuttua.<br \/>\nLapin M\u00e4yr\u00e4koirakerhon tilinumero FI98 5640 0220 2669 07, viitenumero 12409.<\/p>\n<p>Lis\u00e4ksi lauantaina j\u00e4rjestet\u00e4\u00e4n luonnonluolan tarkastuksia Muurolassa, osallistumismaksu 10,00\u20ac maksetaan paikan p\u00e4\u00e4ll\u00e4<\/p>\n<ul>\n<li><strong>17.5. Konekarhukunkku 2015 osakilpailu Muurolassa<br \/>\n<\/strong><\/li>\n<\/ul>\n<p><a href=\"http:\/\/www.lmkk.org\/wp-content\/uploads\/2014\/05\/konekarhukontio2015.jpg\"><img loading=\"lazy\" decoding=\"async\" class=\"aligncenter wp-image-271\" src=\"http:\/\/www.lmkk.org\/wp-content\/uploads\/2014\/05\/konekarhukontio2015.jpg\" alt=\"konekarhukontio2015\" width=\"400\" height=\"651\" srcset=\"http:\/\/www.lmkk.org\/wp-content\/uploads\/2014\/05\/konekarhukontio2015.jpg 680w, http:\/\/www.lmkk.org\/wp-content\/uploads\/2014\/05\/konekarhukontio2015-184x300.jpg 184w, http:\/\/www.lmkk.org\/wp-content\/uploads\/2014\/05\/konekarhukontio2015-630x1024.jpg 630w\" sizes=\"auto, (max-width: 400px) 100vw, 400px\" \/><\/a><\/p>\n<ul>\n<li><strong>24.5. MEJ\u00c4-koe Torniossa<br \/>\n<\/strong><\/li>\n<\/ul>\n<p>Ylituomari Aila Pekkarinen. lmoittautumiset 27.4.-11.5. v\u00e4lisen\u00e4 aikana:<\/p>\n<p>Minna Kilpel\u00e4inen<br \/>\nPaakkolantie 1365<br \/>\n95590 Tornio<br \/>\n040 860 7641<br \/>\nminna.kilpelainen@suomi24.fi<\/p>\n<p>Ilmoittautumislomakkeen l\u00f6yd\u00e4t\u00a0<a href=\"http:\/\/www.lmkk.org\/wp-content\/uploads\/2014\/04\/MEJ\u00c4_ilmoittautumislomake.pdf\">t\u00e4\u00e4lt\u00e4<\/a>.<\/p>\n<p>Etusija j\u00e4rjest\u00e4v\u00e4n yhdistyksen j\u00e4senill\u00e4. Osanottomaksu 80,00\u20ac maksetaan koepaikalla. J\u00e4ljentekij\u00f6ille kulukorvaus.<\/p>\n<ul>\n<li><strong>6.-7.6. MEJ\u00c4-koetoimitsijakurssi Rovaniemell\u00e4<\/strong><\/li>\n<\/ul>\n<p>Rovaniemen K\u00e4ytt\u00f6koirat ry, Lapin Spanielikerho ry ja Lapin M\u00e4yr\u00e4koirakerho ry j\u00e4rjest\u00e4v\u00e4t<br \/>\nMEJ\u00c4:n koetoimitsijakurssin Rovaniemell\u00e4 6.-7.6.2015.<\/p>\n<p>Kurssin johtajana toimii Marika Ahola ja avustajana Nina Jann\u00e9.<\/p>\n<p>Kurssi sis\u00e4lt\u00e4\u00e4 etuk\u00e4teisteht\u00e4v\u00e4n, teorialuennot ja maastoharjoittelut lauantaina sek\u00e4<br \/>\nkoeharjoittelut ja loppukokeen sunnuntaina. Kurssilaiset osallistuvat viikonloppuna j\u00e4rjestett\u00e4v\u00e4n<br \/>\nMEJ\u00c4-kokeen teht\u00e4viin.<\/p>\n<p>Koulutukseen osallistuvalla tulee olla j\u00e4senyhdistyksens\u00e4 suositus, koetoimitsijakoulutuksen 1-<br \/>\nkurssin hyv\u00e4ksytty suoritus sek\u00e4:<br \/>\n&#8211; Toiminut j\u00e4ljest\u00e4miskokeissa toimitsijana, tekem\u00e4ss\u00e4 j\u00e4lki\u00e4 ja opastanut niit\u00e4<br \/>\n&#8211; Toiminut koiranohjaajana j\u00e4ljest\u00e4miskokeessa<br \/>\n&#8211; Omaa kyvyn ilmaista itse\u00e4\u00e4n suullisesti ja kirjallisesti<br \/>\n&#8211; On kykenev\u00e4 organisoimaan ja johtamaan isoakin joukkoa koetoimitsijoita ja kokeeseen<br \/>\nosallistujia<br \/>\n&#8211; Oltava t\u00e4ysi-ik\u00e4inen ja oikeustoimikelpoinen<br \/>\n&#8211; Oltava SKL-FKK ry:n j\u00e4sen.<\/p>\n<p>Rajoitettu osallistujam\u00e4\u00e4r\u00e4. Kurssin hinta on 25 \u20ac sis\u00e4lt\u00e4en kurssimateriaalin. Kurssimaksu<br \/>\nmaksetaan paikan varmistuttua Lapin Spanielikerhon tilille 800013-71306995. Viikonlopun<br \/>\nruokapaketti on 10 \u20ac. Kurssipaikalla on mahdollisuus majoitukseen.<\/p>\n<p>Tiedustelut<br \/>\nMarika Ahola, puh. 040 534 8663, marika_ahola@hotmail.com<\/p>\n<p>Ilmoittautumiset 15.5.2015 menness\u00e4 joko postitse Marika Ahola, Vorokkikuja 5, 96460<br \/>\nRovaniemi tai s\u00e4hk\u00f6postitse marika_ahola@hotmail.com.<\/p>\n<p>Ilmoittautumiseen tulee liitt\u00e4\u00e4 yhdistyksen suositus ja vapaamuotoinen selvitys p\u00e4\u00e4syvaatimusten<br \/>\nt\u00e4yttymisest\u00e4.<\/p>\n<ul>\n<li><strong>14.6. MEJ\u00c4\/VAHI-koulutus Pelkosenniemell\u00e4<\/strong><\/li>\n<\/ul>\n<p><a href=\"http:\/\/www.lmkk.org\/wp-content\/uploads\/2014\/04\/mej\u00e4vahi.jpg\"><img loading=\"lazy\" decoding=\"async\" class=\"aligncenter wp-image-486\" src=\"http:\/\/www.lmkk.org\/wp-content\/uploads\/2014\/04\/mej\u00e4vahi-753x1024.jpg\" alt=\"mej\u00e4vahi\" width=\"400\" height=\"544\" srcset=\"http:\/\/www.lmkk.org\/wp-content\/uploads\/2014\/04\/mej\u00e4vahi-753x1024.jpg 753w, http:\/\/www.lmkk.org\/wp-content\/uploads\/2014\/04\/mej\u00e4vahi-221x300.jpg 221w, http:\/\/www.lmkk.org\/wp-content\/uploads\/2014\/04\/mej\u00e4vahi-768x1044.jpg 768w\" sizes=\"auto, (max-width: 400px) 100vw, 400px\" \/><\/a><\/p>\n<ul>\n<li><strong>16.6. MEJ\u00c4-harjoitukset aloittelijoille Muurolassa<\/strong><\/li>\n<\/ul>\n<p>Aloittelijoiden MEJ\u00c4-harjoitukset pidet\u00e4\u00e4n 16.6. Muurolassa klo 18.00 alkaen. Ilmoittautumiset 12.6. menness\u00e4 osoitteeseen lmkk.puheenjohtaja@gmail.com.<\/p>\n<ul>\n<li><strong>27.-28.6. Luonnetesti Rovaniemell\u00e4<\/strong><\/li>\n<\/ul>\n<p>Lapin M\u00e4yr\u00e4koirakerho j\u00e4rjest\u00e4\u00e4 luonnetestin Rovaiemell\u00e4 klo 10.00 alkaen. Tuomareina Jari Kein\u00e4nen ja Riitta Lehmuspelto.<br \/>\nIlmoittautumiset 15.6.2015 menness\u00e4:<\/p>\n<p>Tiina Sallinen<br \/>\nRanuantie 3018<br \/>\n97675 Narkaus<br \/>\npuh. 044 994 9069<br \/>\nrakkapalon@luukku.com<\/p>\n<p>Osallistumismaksu: m\u00e4yr\u00e4koirat 35 \u20ac, muut 50 \u20ac.\u00a0M\u00e4yr\u00e4koirat ovat etusijalla. Lapin M\u00e4yr\u00e4koirakehron tilinumero FI98 5640 0220 2669 07, k\u00e4yt\u00e4 viitenumeroa 12357.<\/p>\n<ul>\n<li><strong>1.7. Match Show-n\u00e4yttely Kemiss\u00e4<\/strong><\/li>\n<\/ul>\n<p><a href=\"http:\/\/www.lmkk.org\/wp-content\/uploads\/2014\/04\/m\u00e4ts\u00e4ri-kemi.jpg\"><img loading=\"lazy\" decoding=\"async\" class=\"aligncenter wp-image-518\" src=\"http:\/\/www.lmkk.org\/wp-content\/uploads\/2014\/04\/m\u00e4ts\u00e4ri-kemi.jpg\" alt=\"m\u00e4ts\u00e4ri kemi\" width=\"400\" height=\"566\" srcset=\"http:\/\/www.lmkk.org\/wp-content\/uploads\/2014\/04\/m\u00e4ts\u00e4ri-kemi.jpg 1241w, http:\/\/www.lmkk.org\/wp-content\/uploads\/2014\/04\/m\u00e4ts\u00e4ri-kemi-212x300.jpg 212w, http:\/\/www.lmkk.org\/wp-content\/uploads\/2014\/04\/m\u00e4ts\u00e4ri-kemi-768x1086.jpg 768w, http:\/\/www.lmkk.org\/wp-content\/uploads\/2014\/04\/m\u00e4ts\u00e4ri-kemi-724x1024.jpg 724w\" sizes=\"auto, (max-width: 400px) 100vw, 400px\" \/><\/a><\/p>\n<ul>\n<li><strong>2.8. MEJ\u00c4-koe Muurolassa<\/strong><\/li>\n<\/ul>\n<p>Ylituomari Lea Foudilainen. Ilmoittautumiset 6.-20.7. v\u00e4lisen\u00e4 aikana:<\/p>\n<p>Marika Ahola<br \/>\nVorokkikuja 5<br \/>\n96460 Rovaniemi<br \/>\n040 534 8663<br \/>\nmarika_ahola@hotmail.com<\/p>\n<p>Koe on samalla kerhonmestaruus molemmissa luokissa. Etusija j\u00e4rjest\u00e4v\u00e4n yhdistyksen j\u00e4senill\u00e4. Osanottomaksu 80,00\u20ac maksetaan koepaikalla. J\u00e4ljentekij\u00f6ille kulukorvaus.<\/p>\n<ul>\n<li><strong>16.8. Match Show-n\u00e4yttely Rovaniemell\u00e4<\/strong><\/li>\n<\/ul>\n<p>Lapin M\u00e4yr\u00e4koirakerho ry j\u00e4rjest\u00e4\u00e4 match shown sunnuntaina 16.8. Rovaniemell\u00e4 Lappi Areenan parkkipaikalla.<br \/>\nIlmoittautuminen ja rokotusten tarkastus klo 13, arvostelu kehiss\u00e4 alkaa klo 14.<\/p>\n<p>Luokat ja tuomarit:<br \/>\n&#8211; Isot aikuiset, veteraanit: Eija Pahtakari<br \/>\n&#8211; Pienet aikuiset, pennut: Heidi Jaukkuri (kennel Lapland&#8217;s)<br \/>\n&#8211; Lapsi &amp; lelukoira, lapsi &amp; koira: Ella Mouruj\u00e4rvi<br \/>\n&#8211; Metsien kunkku ja kuningatar: Helena Hanni<\/p>\n<p>Hinnat:<br \/>\nIsot ja pienet aikuiset, pennut, veteraanit 5\u20ac<br \/>\nLapsi &amp; lelukoira, lapsi &amp; koira 2\u20ac<br \/>\nMetsien kunkku ja kuningatar 5\u20ac, tai ilmoitettuna my\u00f6s muuhun luokkaan 2\u20ac<br \/>\nPentujen ik\u00e4raja 1v, aikuiset 1-8v, veteraanit 8v yl\u00f6sp\u00e4in.<br \/>\nMetsien kunkku ja kuningatar-luokka tarkoitettu vain mets\u00e4styskoirille.<\/p>\n<p>Sponsorit:<br \/>\nTapahtuman p\u00e4\u00e4sponsori on Musti ja Mirri.<br \/>\nMuut sponsorit ovat Ollin Er\u00e4 ja Kalastus, Ilowilla, nimilaatat.com, Korpihilla, Tmi Salmiakkitassu.<\/p>\n<p>HUOM! Muistattehan voimassa olevat rokotusm\u00e4\u00e4r\u00e4ykset! http:\/\/www.kennelliitto.fi\/\u2026\/uudet-rokotusmaaraykset-voimaa\u2026 Tarkistamme koirien rokotukset tapahtumapaikalla, rokotusasiakirjat siis mukaan!<\/p>\n<p>Tapahtumapaikalla on kanttiini ja kerhon tuotemyyntipiste, varaathan pikkurahaa mukaasi.<\/p>\n<p>Tiedustelut tapahtumasta t\u00e4ss\u00e4 ryhm\u00e4ss\u00e4 tai nathalie.karakko@gmail.com<\/p>\n<ul>\n<li><strong>22.8. Jalostustarkastus Rovaniemell\u00e4<br \/>\n<\/strong><\/li>\n<\/ul>\n<p>Napapiirin Elo-Shown yhteydess\u00e4 Suomen M\u00e4yr\u00e4koiraliitto ja Lapin M\u00e4yr\u00e4koirakerho ry j\u00e4rjest\u00e4v\u00e4t m\u00e4yr\u00e4koirien jalostustarkastuksen.<br \/>\nTarkastustuomari Anita Al-Bachy.<br \/>\nMax 20 koiraa. Osallistumismaksu 15 euroa, joka maksetaan paikanp\u00e4\u00e4ll\u00e4.<\/p>\n<p>Ilmoittautuminen ja tiedustelut:<br \/>\nIlmoittautuminen 7.8. menness\u00e4<br \/>\nMinna Kilpel\u00e4inen puh. 0408607641 (klo 16:00 j\u00e4lkeen) tai minna.kilpelainen@suomi24.fi<\/p>\n<ul>\n<li><strong>22.-23.8. Ryhm\u00e4n\u00e4yttelyt Rovaniemell\u00e4<br \/>\n<\/strong><\/li>\n<\/ul>\n<p><a href=\"http:\/\/www.lmkk.org\/wp-content\/uploads\/2014\/04\/napapiirielo_mainos2.jpg\"><img loading=\"lazy\" decoding=\"async\" class=\"aligncenter wp-image-360\" src=\"http:\/\/www.lmkk.org\/wp-content\/uploads\/2014\/04\/napapiirielo_mainos2-721x1024.jpg\" alt=\"napapiirielo_mainos2\" width=\"400\" height=\"568\" \/><\/a><\/p>\n<p>Ryhm\u00e4n\u00e4yttelyjen kotisivuille p\u00e4\u00e4set <a href=\"http:\/\/www.showlink.fi\/showlink\/rovaniemiRN2015\">t\u00e4st\u00e4<\/a>.<br \/>\nKerholaisia kaivataan talkoilemaan!<br \/>\nTalkoolaisten ilmoittautumislomakkeeseen p\u00e4\u00e4set <a href=\"https:\/\/docs.google.com\/forms\/d\/174ql8fVaE_Hczi2GSOVygwEIzV6VD1t8Ek5jbbuqC3A\/viewform?c=0&amp;w=1\">t\u00e4st\u00e4<\/a>.<\/p>\n<ul>\n<li><strong>6.9. MEJ\u00c4-koe Sodankyl\u00e4ss\u00e4<br \/>\n<\/strong><\/li>\n<\/ul>\n<p>Koe j\u00e4rjestet\u00e4\u00e4n yhteisty\u00f6ss\u00e4 Lapin Spanielikerhon kanssa. Voittajaluokassa\u00a0Lapin kennelpiirin piirinmestaruuskoe.\u00a0Osallistujat valitaan piirimestaruuskokeen valintas\u00e4\u00e4nt\u00f6jen mukaisesti.<\/p>\n<p>Ylituomari Aila Pekkarinen. Ilmoittautumiset 3.-24.8. v\u00e4lisen\u00e4 aikana:<\/p>\n<p>Marika Ahola<br \/>\nVorokkikuja 5<br \/>\n96460 Rovaniemi<br \/>\n040 534 8663<br \/>\nmarika_ahola@hotmail.com<\/p>\n<p>Osanottomaksu 80,00\u20ac maksetaan koepaikalla. J\u00e4ljentekij\u00f6ille kulukorvaus.<\/p>\n<ul>\n<li><strong>20.9. M\u00c4AJ-koe\u00a0Muurolassa<\/strong><\/li>\n<\/ul>\n<p>Ylituomari Teija Multaniemi, koiranohjaaja ilmoittaa palkintotuomarin.<br \/>\nKoe on samalla piirinmestaruuskoe, osallistujat valitaan piirimestaruuskokeen valintas\u00e4\u00e4nt\u00f6jen mukaisesti.<\/p>\n<p>Osallistumismaksu 55,00\u20ac maksetaan paikan p\u00e4\u00e4ll\u00e4.<\/p>\n<p>Ilmottautumiset 13.9. menness\u00e4:<\/p>\n<p>Vuokko Huovinen<br \/>\nPasmantie 23<br \/>\n97140 Muurola<br \/>\npuh. 0451142006<br \/>\nvuokkohuovinen@gmail.com<\/p>\n<ul>\n<li><strong>3.-16.10. M\u00c4AJ-pitk\u00e4koe Rovaniemell\u00e4<\/strong><\/li>\n<\/ul>\n<p>Ylituomari Kari Airiainen, koiranohjaaja ilmoittaa palkintotuomarin ja koemaaston.<\/p>\n<p>Osallistumismaksu 25,00\u20ac maksetaan paikan p\u00e4\u00e4ll\u00e4.<\/p>\n<p>Ilmottautumiset 27.9. menness\u00e4:<\/p>\n<p>Vuokko Huovinen<br \/>\nPasmantie 23<br \/>\n97140 Muurola<br \/>\npuh. 0451142006<br \/>\nvuokkohuovinen@gmail.com<\/p>\n<ul>\n<li><strong>28.11. Koulutusp\u00e4iv\u00e4<br \/>\n<\/strong><\/li>\n<\/ul>\n<p>Jari Kein\u00e4sen koulutus kerhon j\u00e4senille.<\/p>\n<p><a href=\"http:\/\/www.lmkk.org\/wp-content\/uploads\/2014\/04\/jarinkoulutus.jpg\" target=\"_blank\"><img loading=\"lazy\" decoding=\"async\" class=\"aligncenter size-full wp-image-651\" src=\"http:\/\/www.lmkk.org\/wp-content\/uploads\/2014\/04\/jarinkoulutus_thmb.jpg\" alt=\"jarinkoulutus_thmb\" width=\"310\" height=\"439\" srcset=\"http:\/\/www.lmkk.org\/wp-content\/uploads\/2014\/04\/jarinkoulutus_thmb.jpg 310w, http:\/\/www.lmkk.org\/wp-content\/uploads\/2014\/04\/jarinkoulutus_thmb-212x300.jpg 212w\" sizes=\"auto, (max-width: 310px) 100vw, 310px\" \/><\/a><\/p>\n<ul>\n<li><strong>5.-6.12 Yhteismatka Voittaja-n\u00e4yttelyyn Helsinkiin<br \/>\n<\/strong><\/li>\n<\/ul>\n<p>Matka j\u00e4rjestet\u00e4\u00e4n yhteisty\u00f6ss\u00e4 Tornion kennelkerhon ja Lapin Spanielikerhon kanssa.<\/p>\n<p>Hinta kerhojen j\u00e4senille on 190\u20ac ja mik\u00e4li paikkoja j\u00e4\u00e4, kerhojen ulkopuolisille hinta on 250\u20ac.<\/p>\n<p>Hintaan sis\u00e4ltyy matkat ja majoitus Hotelli Presidentiss\u00e4 2hl\u00f6 huoneissa. L\u00e4ht\u00f6 perjantai-iltana Rovaniemelt\u00e4, paluu sunnuntai-iltana heti ryhm\u00e4kehien j\u00e4lkeen.<\/p>\n<p>Sitovat ilmoittautumiset 15.9 menness\u00e4 osoitteeseen\u00a0katja.luttinen@edu.lapinamk.fi<\/p>\n","protected":false},"excerpt":{"rendered":"<p>8.3. MEJ\u00c4-koulutus Rovaniemell\u00e4 MEJ\u00c4:n talvikauden kuivaharjoittelut, &#8221;Mit\u00e4, miksi ja miten eli MEJ\u00c4\u00e4 teoriassa&#8221;. Su 8.3. klo 12-16 Rovaniemell\u00e4 osoitteessa Juppotie 2 (Siwan talo). Kouluttajana MEJ\u00c4-ylituomari Marika Ahola, paikalla my\u00f6s ylituomari Kari Airiainen kertomassa VAHI-kokeesta ja HIRV-palkintotuomareiden p\u00e4tev\u00f6it\u00e4misest\u00e4 lajiin. Osallistumismaksu 5\u20ac maksetaan paikan p\u00e4\u00e4ll\u00e4 k\u00e4teisell\u00e4. Ilmoittautumiset ja toiveet koulutuksessa k\u00e4sitelt\u00e4vist\u00e4 asioista 1.3. menness\u00e4 eveliina.makitalo@gmail.com 25.4. Keinoluolaharjoitukset &hellip; <\/p>\n<p class=\"link-more\"><a href=\"http:\/\/www.lmkk.org\/?page_id=15\" class=\"more-link\">Jatka lukemista<span class=\"screen-reader-text\"> &#8221;Menneet tapahtumat &#8211; Vuosi 2015&#8221;<\/span><\/a><\/p>\n","protected":false},"author":1,"featured_media":0,"parent":0,"menu_order":0,"comment_status":"closed","ping_status":"closed","template":"","meta":{"footnotes":""},"class_list":["post-15","page","type-page","status-publish","hentry"],"_links":{"self":[{"href":"http:\/\/www.lmkk.org\/index.php?rest_route=\/wp\/v2\/pages\/15","targetHints":{"allow":["GET"]}}],"collection":[{"href":"http:\/\/www.lmkk.org\/index.php?rest_route=\/wp\/v2\/pages"}],"about":[{"href":"http:\/\/www.lmkk.org\/index.php?rest_route=\/wp\/v2\/types\/page"}],"author":[{"embeddable":true,"href":"http:\/\/www.lmkk.org\/index.php?rest_route=\/wp\/v2\/users\/1"}],"replies":[{"embeddable":true,"href":"http:\/\/www.lmkk.org\/index.php?rest_route=%2Fwp%2Fv2%2Fcomments&post=15"}],"version-history":[{"count":98,"href":"http:\/\/www.lmkk.org\/index.php?rest_route=\/wp\/v2\/pages\/15\/revisions"}],"predecessor-version":[{"id":869,"href":"http:\/\/www.lmkk.org\/index.php?rest_route=\/wp\/v2\/pages\/15\/revisions\/869"}],"wp:attachment":[{"href":"http:\/\/www.lmkk.org\/index.php?rest_route=%2Fwp%2Fv2%2Fmedia&parent=15"}],"curies":[{"name":"wp","href":"https:\/\/api.w.org\/{rel}","templated":true}]}}