{"id":1947,"date":"2019-08-07T11:12:02","date_gmt":"2019-08-07T11:12:02","guid":{"rendered":"http:\/\/www.lmkk.org\/?page_id=1947"},"modified":"2020-07-22T14:56:07","modified_gmt":"2020-07-22T14:56:07","slug":"valokuvagalleria","status":"publish","type":"page","link":"http:\/\/www.lmkk.org\/?page_id=1947","title":{"rendered":"Valokuvagalleria"},"content":{"rendered":"\n<p>Hei j\u00e4senet! Kotisivuille on luotu valokuvagalleria ( j\u00e4senten koirille ja valiokoirille). Kuvat voi l\u00e4hett\u00e4\u00e4 pienen esittelytekstin kera Sirpalle, lmkk.sihteeri@gmail.com <\/p>\n\n\n\n<p><img loading=\"lazy\" decoding=\"async\" width=\"650\" height=\"416\" class=\"wp-image-2117\" src=\"http:\/\/www.lmkk.org\/wp-content\/uploads\/2020\/07\/19-scaled.jpg\" alt=\"\" style=\"width: 650px;\" srcset=\"http:\/\/www.lmkk.org\/wp-content\/uploads\/2020\/07\/19-scaled.jpg 2560w, http:\/\/www.lmkk.org\/wp-content\/uploads\/2020\/07\/19-300x192.jpg 300w, http:\/\/www.lmkk.org\/wp-content\/uploads\/2020\/07\/19-1024x655.jpg 1024w, http:\/\/www.lmkk.org\/wp-content\/uploads\/2020\/07\/19-768x491.jpg 768w, http:\/\/www.lmkk.org\/wp-content\/uploads\/2020\/07\/19-1536x982.jpg 1536w, http:\/\/www.lmkk.org\/wp-content\/uploads\/2020\/07\/19-2048x1309.jpg 2048w\" sizes=\"auto, (max-width: 650px) 100vw, 650px\" \/><\/p>\n\n\n\n<p><\/p>\n","protected":false},"excerpt":{"rendered":"<p>Hei j\u00e4senet! Kotisivuille on luotu valokuvagalleria ( j\u00e4senten koirille ja valiokoirille). Kuvat voi l\u00e4hett\u00e4\u00e4 pienen esittelytekstin kera Sirpalle, lmkk.sihteeri@gmail.com<\/p>\n","protected":false},"author":1,"featured_media":0,"parent":0,"menu_order":0,"comment_status":"closed","ping_status":"closed","template":"","meta":{"footnotes":""},"class_list":["post-1947","page","type-page","status-publish","hentry"],"_links":{"self":[{"href":"http:\/\/www.lmkk.org\/index.php?rest_route=\/wp\/v2\/pages\/1947","targetHints":{"allow":["GET"]}}],"collection":[{"href":"http:\/\/www.lmkk.org\/index.php?rest_route=\/wp\/v2\/pages"}],"about":[{"href":"http:\/\/www.lmkk.org\/index.php?rest_route=\/wp\/v2\/types\/page"}],"author":[{"embeddable":true,"href":"http:\/\/www.lmkk.org\/index.php?rest_route=\/wp\/v2\/users\/1"}],"replies":[{"embeddable":true,"href":"http:\/\/www.lmkk.org\/index.php?rest_route=%2Fwp%2Fv2%2Fcomments&post=1947"}],"version-history":[{"count":4,"href":"http:\/\/www.lmkk.org\/index.php?rest_route=\/wp\/v2\/pages\/1947\/revisions"}],"predecessor-version":[{"id":2119,"href":"http:\/\/www.lmkk.org\/index.php?rest_route=\/wp\/v2\/pages\/1947\/revisions\/2119"}],"wp:attachment":[{"href":"http:\/\/www.lmkk.org\/index.php?rest_route=%2Fwp%2Fv2%2Fmedia&parent=1947"}],"curies":[{"name":"wp","href":"https:\/\/api.w.org\/{rel}","templated":true}]}}