{"id":2186,"date":"2021-03-28T11:31:29","date_gmt":"2021-03-28T11:31:29","guid":{"rendered":"http:\/\/www.lmkk.org\/?page_id=2186"},"modified":"2021-03-28T11:31:29","modified_gmt":"2021-03-28T11:31:29","slug":"kiertopalkinnot-vuosi-2019","status":"publish","type":"page","link":"http:\/\/www.lmkk.org\/?page_id=2186","title":{"rendered":"Kiertopalkinnot &#8211; Vuosi 2019"},"content":{"rendered":"\n<h3 class=\"wp-block-heading\">Vuosi 2019<\/h3>\n\n\n\n<p><strong>Vuoden N\u00e4yttelym\u00e4yr\u00e4koira<\/strong><\/p>\n\n\n\n<p>PKU Sagotax H\u00f6vliga Holger, om. Mari Saarenp\u00e4\u00e4, Tornio, 47p<\/p>\n\n\n\n<p>KKU Kokomo Av Larhjelm, om. Johanna Isaksson, Rovaniemi, 40p<\/p>\n\n\n\n<p>PKU Salamantelin Naurava Kulkuri, om. Sirpa Penttil\u00e4, Maksniemi, 20p<\/p>\n\n\n\n<p><strong>Vuoden K\u00e4ytt\u00f6m\u00e4yr\u00e4koira<\/strong><\/p>\n\n\n\n<p>KKN Joutilaan Xantippa, om. Saara Pyh\u00e4j\u00e4rvi, Rovaniemi, 28p<\/p>\n\n\n\n<p>LKN Taxiaseman Tupas-Villa, om. Marika Ahola &amp; Mika Angl\u00e9, Rovaniemi28p<\/p>\n\n\n\n<p>KKN Filurin Immergr\u00fcn om. Antti ja Ella P\u00e4tsi, Lohiranta, 12p<\/p>\n\n\n\n<p><strong>Vuoden Ajom\u00e4yr\u00e4koira<\/strong><\/p>\n\n\n\n<p>KKN Joutilaan Xantippa, om. Saara Pyh\u00e4j\u00e4rvi, Rovaniemi, 28p<\/p>\n\n\n\n<p><strong>Manun Malja \u2013 Vuoden J\u00e4ljest\u00e4j\u00e4<\/strong><\/p>\n\n\n\n<p>LKN Taxiaseman Tupas-Villa, om. Marika Ahola &amp; Mika Angl\u00e9, Rovaniemi, 28p<\/p>\n\n\n\n<p>KKN Filurin Immergr\u00fcn om. Antti ja Ella P\u00e4tsi, Lohiranta, 12p<\/p>\n\n\n\n<p><strong>Vuoden Yritt\u00e4j\u00e4\u2028<\/strong><\/p>\n\n\n\n<p>LKU Zaron Melton Kronos, om. Susanna Kaarlej\u00e4rvi<\/p>\n\n\n\n<p><strong>Vuoden Touhukas<\/strong><\/p>\n\n\n\n<p>Katja Luttinen<\/p>\n","protected":false},"excerpt":{"rendered":"<p>Vuosi 2019 Vuoden N\u00e4yttelym\u00e4yr\u00e4koira PKU Sagotax H\u00f6vliga Holger, om. Mari Saarenp\u00e4\u00e4, Tornio, 47p KKU Kokomo Av Larhjelm, om. Johanna Isaksson, Rovaniemi, 40p PKU Salamantelin Naurava Kulkuri, om. Sirpa Penttil\u00e4, Maksniemi, 20p Vuoden K\u00e4ytt\u00f6m\u00e4yr\u00e4koira KKN Joutilaan Xantippa, om. Saara Pyh\u00e4j\u00e4rvi, Rovaniemi, 28p LKN Taxiaseman Tupas-Villa, om. Marika Ahola &amp; Mika Angl\u00e9, Rovaniemi28p KKN Filurin Immergr\u00fcn om. &hellip; <\/p>\n<p class=\"link-more\"><a href=\"http:\/\/www.lmkk.org\/?page_id=2186\" class=\"more-link\">Jatka lukemista<span class=\"screen-reader-text\"> &#8221;Kiertopalkinnot &#8211; Vuosi 2019&#8221;<\/span><\/a><\/p>\n","protected":false},"author":1,"featured_media":0,"parent":7,"menu_order":0,"comment_status":"closed","ping_status":"closed","template":"","meta":{"footnotes":""},"class_list":["post-2186","page","type-page","status-publish","hentry"],"_links":{"self":[{"href":"http:\/\/www.lmkk.org\/index.php?rest_route=\/wp\/v2\/pages\/2186","targetHints":{"allow":["GET"]}}],"collection":[{"href":"http:\/\/www.lmkk.org\/index.php?rest_route=\/wp\/v2\/pages"}],"about":[{"href":"http:\/\/www.lmkk.org\/index.php?rest_route=\/wp\/v2\/types\/page"}],"author":[{"embeddable":true,"href":"http:\/\/www.lmkk.org\/index.php?rest_route=\/wp\/v2\/users\/1"}],"replies":[{"embeddable":true,"href":"http:\/\/www.lmkk.org\/index.php?rest_route=%2Fwp%2Fv2%2Fcomments&post=2186"}],"version-history":[{"count":2,"href":"http:\/\/www.lmkk.org\/index.php?rest_route=\/wp\/v2\/pages\/2186\/revisions"}],"predecessor-version":[{"id":2188,"href":"http:\/\/www.lmkk.org\/index.php?rest_route=\/wp\/v2\/pages\/2186\/revisions\/2188"}],"up":[{"embeddable":true,"href":"http:\/\/www.lmkk.org\/index.php?rest_route=\/wp\/v2\/pages\/7"}],"wp:attachment":[{"href":"http:\/\/www.lmkk.org\/index.php?rest_route=%2Fwp%2Fv2%2Fmedia&parent=2186"}],"curies":[{"name":"wp","href":"https:\/\/api.w.org\/{rel}","templated":true}]}}