{"id":2189,"date":"2021-03-28T11:32:51","date_gmt":"2021-03-28T11:32:51","guid":{"rendered":"http:\/\/www.lmkk.org\/?page_id=2189"},"modified":"2021-03-28T11:32:51","modified_gmt":"2021-03-28T11:32:51","slug":"kiertopalkinnot-vuosi-2018","status":"publish","type":"page","link":"http:\/\/www.lmkk.org\/?page_id=2189","title":{"rendered":"Kiertopalkinnot &#8211; Vuosi 2018"},"content":{"rendered":"\n<h3 class=\"wp-block-heading\">Vuosi 2018<\/h3>\n\n\n\n<p><strong>Vuoden N\u00e4yttelym\u00e4yr\u00e4koira<\/strong><\/p>\n\n\n\n<p>Sagotax H\u00f6vliga Holger, om. Mari Saarenp\u00e4\u00e4, Tornio, 69p.<\/p>\n\n\n\n<p>Salamantelin Me\u00e4n Mimmi, om. Katja Miettunen, Tornio, 43p.<\/p>\n\n\n\n<p>Kokomo Av Larhjelm, om. Johanna Isaksson, Rovaniemi, 42p.<\/p>\n\n\n\n<p>Salamantelin Me\u00e4n Marmori, om. Katja Miettunen, Tornio, 30p.<\/p>\n\n\n\n<p><strong>Vuoden K\u00e4ytt\u00f6m\u00e4yr\u00e4koira<\/strong><\/p>\n\n\n\n<p>Taxiaseman Tupas-Villa, om. Marika Ahola &amp; Mika Angl\u00e9, Rovaniemi, 38p.<\/p>\n\n\n\n<p>Joutilaan Xantippa, om. Petri Kokkonen, Rovaniemi, 35p.<\/p>\n\n\n\n<p>Kettupaimenen Fiery Soul, om. Sirpa Penttil\u00e4, Maksniemi, 22p.<\/p>\n\n\n\n<p>Filurin Immergr\u00fcn, om. Antti P\u00e4tsi &amp; Ella Mouruj\u00e4rvi, Lohiranta, 19p.<\/p>\n\n\n\n<p><strong>Vuoden Ajom\u00e4yr\u00e4koira<\/strong><\/p>\n\n\n\n<p>Joutilaan Xantippa, om. Petri Kokkonen, Rovaniemi, 35p.<\/p>\n\n\n\n<p><strong>Manun Malja \u2013 Vuoden J\u00e4ljest\u00e4j\u00e4<\/strong><\/p>\n\n\n\n<p>Taxiaseman Tupas-Villa, om. Marika Ahola &amp; Mika Angl\u00e9, Rovaniemi, 38p.<\/p>\n\n\n\n<p>Kettupaimenen Fiery Soul, om. Sirpa Penttil\u00e4, Maksniemi, 22p.<\/p>\n\n\n\n<p>Filurin Immergr\u00fcn, om. Antti P\u00e4tsi &amp; Ella Mouruj\u00e4rvi, Lohiranta, 19p.<\/p>\n\n\n\n<p><strong>Vuoden Yritt\u00e4j\u00e4<\/strong><\/p>\n\n\n\n<p>L\u00f6yt\u00f6haukun Ruska, om. Vuokko &amp; Harri Huovinen, Muurola<\/p>\n\n\n\n<p><strong>Vuoden Touhukas<\/strong><\/p>\n\n\n\n<p>Kari Airiainen<\/p>\n","protected":false},"excerpt":{"rendered":"<p>Vuosi 2018 Vuoden N\u00e4yttelym\u00e4yr\u00e4koira Sagotax H\u00f6vliga Holger, om. Mari Saarenp\u00e4\u00e4, Tornio, 69p. Salamantelin Me\u00e4n Mimmi, om. Katja Miettunen, Tornio, 43p. Kokomo Av Larhjelm, om. Johanna Isaksson, Rovaniemi, 42p. Salamantelin Me\u00e4n Marmori, om. Katja Miettunen, Tornio, 30p. Vuoden K\u00e4ytt\u00f6m\u00e4yr\u00e4koira Taxiaseman Tupas-Villa, om. Marika Ahola &amp; Mika Angl\u00e9, Rovaniemi, 38p. Joutilaan Xantippa, om. Petri Kokkonen, Rovaniemi, 35p. &hellip; <\/p>\n<p class=\"link-more\"><a href=\"http:\/\/www.lmkk.org\/?page_id=2189\" class=\"more-link\">Jatka lukemista<span class=\"screen-reader-text\"> &#8221;Kiertopalkinnot &#8211; Vuosi 2018&#8221;<\/span><\/a><\/p>\n","protected":false},"author":1,"featured_media":0,"parent":7,"menu_order":0,"comment_status":"closed","ping_status":"closed","template":"","meta":{"footnotes":""},"class_list":["post-2189","page","type-page","status-publish","hentry"],"_links":{"self":[{"href":"http:\/\/www.lmkk.org\/index.php?rest_route=\/wp\/v2\/pages\/2189","targetHints":{"allow":["GET"]}}],"collection":[{"href":"http:\/\/www.lmkk.org\/index.php?rest_route=\/wp\/v2\/pages"}],"about":[{"href":"http:\/\/www.lmkk.org\/index.php?rest_route=\/wp\/v2\/types\/page"}],"author":[{"embeddable":true,"href":"http:\/\/www.lmkk.org\/index.php?rest_route=\/wp\/v2\/users\/1"}],"replies":[{"embeddable":true,"href":"http:\/\/www.lmkk.org\/index.php?rest_route=%2Fwp%2Fv2%2Fcomments&post=2189"}],"version-history":[{"count":1,"href":"http:\/\/www.lmkk.org\/index.php?rest_route=\/wp\/v2\/pages\/2189\/revisions"}],"predecessor-version":[{"id":2190,"href":"http:\/\/www.lmkk.org\/index.php?rest_route=\/wp\/v2\/pages\/2189\/revisions\/2190"}],"up":[{"embeddable":true,"href":"http:\/\/www.lmkk.org\/index.php?rest_route=\/wp\/v2\/pages\/7"}],"wp:attachment":[{"href":"http:\/\/www.lmkk.org\/index.php?rest_route=%2Fwp%2Fv2%2Fmedia&parent=2189"}],"curies":[{"name":"wp","href":"https:\/\/api.w.org\/{rel}","templated":true}]}}