{"id":2194,"date":"2021-03-28T12:00:13","date_gmt":"2021-03-28T12:00:13","guid":{"rendered":"http:\/\/www.lmkk.org\/?page_id=2194"},"modified":"2021-03-28T12:00:13","modified_gmt":"2021-03-28T12:00:13","slug":"tulokset-vuosi-2019","status":"publish","type":"page","link":"http:\/\/www.lmkk.org\/?page_id=2194","title":{"rendered":"Tulokset &#8211; Vuosi 2019"},"content":{"rendered":"\n<h2 class=\"wp-block-heading\">Vuosi 2019<\/h2>\n\n\n\n<p><strong>Rovaniemi 28.7.2019 ylituomari Jouni Simonen<\/strong><\/p>\n\n\n\n<p>lkn Taxiaseman Tupas-Villa Marika Ahola VOI1 49 pist &nbsp; &nbsp;KM1<br>kkn Joutilaan DL Bailey Joonas Lehtola AVO2 33 pist KM1<br>kku Mets\u00e4kruunun Aikapoika Roope Ronkainen AVO3 29 pist KM2<br>lku Zaron Melton Kronos Susanna Kaarlej\u00e4rvi AVO3 26 pist KM3<br>kkn Amatsoonintyt\u00e4r Jouko Lepp\u00e4nen AVO 0<br>pku Salamantelin Naurava Kulkuri Sirpa Penttil\u00e4 AVO 0<\/p>\n\n\n\n<p><strong>Tornio 30.06.2019 ylituomari Heikki Ryyn\u00e4nen<\/strong><\/p>\n\n\n\n<p>AVO-luokka\/ koira om,ohj. pisteet. &nbsp; &nbsp; &nbsp; &nbsp; &nbsp; &nbsp; &nbsp; &nbsp; &nbsp; &nbsp; &nbsp; &nbsp; &nbsp; &nbsp; &nbsp; &nbsp; &nbsp; &nbsp; &nbsp; &nbsp; &nbsp; &nbsp; &nbsp; &nbsp; &nbsp; &nbsp; &nbsp; &nbsp; &nbsp; &nbsp; &nbsp; &nbsp; &nbsp; &nbsp; &nbsp; &nbsp; &nbsp; &nbsp; &nbsp; &nbsp; &nbsp; &nbsp; &nbsp; &nbsp; &nbsp; &nbsp; &nbsp; &nbsp; &nbsp; &nbsp; &nbsp; &nbsp; &nbsp; &nbsp; &nbsp; &nbsp; &nbsp; &nbsp; &nbsp; &nbsp; &nbsp; &nbsp; &nbsp; &nbsp; &nbsp; &nbsp; &nbsp;Pkmku Salamantelin Naurava kulkuri Sirpa Penttil\u00e4 AVO1 50 pist.<br>Pkmku Salamantelin Me\u00e4n Marmori Katja Miettunen AVO 0 0 pist.<br>Shipperke Intopiukan Yahoo Satu Portti AVO 0 0 pist.<\/p>\n\n\n\n<p>VOI-luokka<br>kkmn Filurin Immergrun Ella Mouruj\u00e4rvi VOI1 50 pist<br>lkmn Taxiaseman Tupas-Villa Marika Ahola VOI1 47 pist<br>Slkn Kultalapin Toskalintypykk\u00e4 Pirjo Kaisko VOI3 29 pist.<\/p>\n\n\n\n<p><strong>Posio 9.6.2019 ylituomari Lea Foudilainen<\/strong><\/p>\n\n\n\n<p>lkn Taxiaseman Tupas-Villa Marika Ahola VOI1 41 pist<br>lku Zaron Melton Kronos Susanna Kaarlej\u00e4rvi AVO2 36 pist<br>pku Salamantelin Naurava Kulkuri Sirpa Penttil\u00e4 AVO 0<br>kkn Joutilaan Xantippa Saara Pyh\u00e4j\u00e4rvi AVO 0<\/p>\n","protected":false},"excerpt":{"rendered":"<p>Vuosi 2019 Rovaniemi 28.7.2019 ylituomari Jouni Simonen lkn Taxiaseman Tupas-Villa Marika Ahola VOI1 49 pist &nbsp; &nbsp;KM1kkn Joutilaan DL Bailey Joonas Lehtola AVO2 33 pist KM1kku Mets\u00e4kruunun Aikapoika Roope Ronkainen AVO3 29 pist KM2lku Zaron Melton Kronos Susanna Kaarlej\u00e4rvi AVO3 26 pist KM3kkn Amatsoonintyt\u00e4r Jouko Lepp\u00e4nen AVO 0pku Salamantelin Naurava Kulkuri Sirpa Penttil\u00e4 AVO 0 &hellip; <\/p>\n<p class=\"link-more\"><a href=\"http:\/\/www.lmkk.org\/?page_id=2194\" class=\"more-link\">Jatka lukemista<span class=\"screen-reader-text\"> &#8221;Tulokset &#8211; Vuosi 2019&#8221;<\/span><\/a><\/p>\n","protected":false},"author":1,"featured_media":0,"parent":0,"menu_order":0,"comment_status":"closed","ping_status":"closed","template":"","meta":{"footnotes":""},"class_list":["post-2194","page","type-page","status-publish","hentry"],"_links":{"self":[{"href":"http:\/\/www.lmkk.org\/index.php?rest_route=\/wp\/v2\/pages\/2194","targetHints":{"allow":["GET"]}}],"collection":[{"href":"http:\/\/www.lmkk.org\/index.php?rest_route=\/wp\/v2\/pages"}],"about":[{"href":"http:\/\/www.lmkk.org\/index.php?rest_route=\/wp\/v2\/types\/page"}],"author":[{"embeddable":true,"href":"http:\/\/www.lmkk.org\/index.php?rest_route=\/wp\/v2\/users\/1"}],"replies":[{"embeddable":true,"href":"http:\/\/www.lmkk.org\/index.php?rest_route=%2Fwp%2Fv2%2Fcomments&post=2194"}],"version-history":[{"count":1,"href":"http:\/\/www.lmkk.org\/index.php?rest_route=\/wp\/v2\/pages\/2194\/revisions"}],"predecessor-version":[{"id":2196,"href":"http:\/\/www.lmkk.org\/index.php?rest_route=\/wp\/v2\/pages\/2194\/revisions\/2196"}],"wp:attachment":[{"href":"http:\/\/www.lmkk.org\/index.php?rest_route=%2Fwp%2Fv2%2Fmedia&parent=2194"}],"curies":[{"name":"wp","href":"https:\/\/api.w.org\/{rel}","templated":true}]}}