{"id":2197,"date":"2021-03-28T12:01:20","date_gmt":"2021-03-28T12:01:20","guid":{"rendered":"http:\/\/www.lmkk.org\/?page_id=2197"},"modified":"2021-03-28T12:10:16","modified_gmt":"2021-03-28T12:10:16","slug":"tulokset-vuosi-2020","status":"publish","type":"page","link":"http:\/\/www.lmkk.org\/?page_id=2197","title":{"rendered":"Tulokset &#8211; Vuosi 2020"},"content":{"rendered":"\n<h1 class=\"wp-block-heading\">Vuosi 2020<\/h1>\n\n\n\n<h4 class=\"wp-block-heading\"><strong>PM-MEJ\u00c4 KOE ROVANIEMI 30.8 yhteisty\u00f6ss\u00e4 Lapin Nuuskut ry:n kanssa. &nbsp;Ylituomari Toni Tunkkari&nbsp;<\/strong><\/h4>\n\n\n\n<p>PM1: kk.m\u00e4yr\u00e4koira FILURIN IMMERG\u00dcN VOI1\/49 om. Ella ja Antti P\u00e4tsi <\/p>\n\n\n\n<p>PM2: novascotiannoutaja EVESSIN GEISSA VOI1\/48 om. Tarja Ranta <\/p>\n\n\n\n<p>PM3: cockerspanieli LAMMENPEIN ALINDA VOI1\/48 om. Kaisu K\u00e4rn\u00e4 <\/p>\n\n\n\n<p>novascotiannoutaja HILLIT\u00d6N TULENLENTO VOI1\/47 om. Sanni Saarela <\/p>\n\n\n\n<p>lk.m\u00e4yr\u00e4koira TAXIASEMAN TUPAS-VILLA VOI1\/46 om. Marika Ahola ja Mika Angl\u00e8<\/p>\n\n\n\n<p>cockerspanieli DEBBIE&#8217;S LUCKY SASSETTE VOI1\/46 om. Satu Kamunen ja Miska Harju-Autti \u00a0 \u00a0 \u00a0<\/p>\n\n\n\n<h4 class=\"wp-block-heading\"><strong>MEJ\u00c4-KOE ROVANIEMI 30.8 yhteisty\u00f6ss\u00e4 Lapin Nuuskut ry:n kanssa. Ylituomari Marika &nbsp;Ahola<\/strong><\/h4>\n\n\n\n<p>sile\u00e4karvainen noutaja DURASSELIN CELINE DION AVO1\/45 om. Miia J\u00e4rvi <\/p>\n\n\n\n<p>kk.m\u00e4yr\u00e4koira METS\u00c4KRUUNUN AIKAPOIKA AVO2\/28 om. Roope ja Mira Ronkainen \u00a0<\/p>\n\n\n\n<p>novascotiannoutaja BELLE FOX CHICAGO WHITESOX VOI1\/44 om. Liisa Rintala<\/p>\n\n\n\n<p>labradorinnoutaja KULTEEN S\u00d6LDEN VOI1\/40 om. Merja Tavaj\u00e4rvi-Mikkonen<\/p>\n\n\n\n<p>lk.m\u00e4yr\u00e4koira ZARON MELTON KRONOS VOI2\/36 om. Susanna Kaarlej\u00e4rvi<\/p>\n\n\n\n<p>kk.m\u00e4yr\u00e4koira HARALD VOI2\/34 om. Minna Kilpel\u00e4inen \u00a0 \u00a0 \u00a0<\/p>\n\n\n\n<h4 class=\"wp-block-heading\"><strong>KERHONMESTARUUS MEJ\u00c4-KOE TERVOLA 9.8 Ylituomari Satu Kamunen<\/strong><\/h4>\n\n\n\n<p>Tulokset AVO:<\/p>\n\n\n\n<p>KM1: pku SALAMANTELIN ME\u00c4N MAHTI &#8221;Manu&#8221; om. Katja Kauppinen AVO1\/46<\/p>\n\n\n\n<p>KM2: kku METS\u00c4KRUUNUN AIKAPOIKA &#8221;Carlos&#8221; om. Roope Ronkainen AVO2\/37<\/p>\n\n\n\n<p>KM3: pku SALAMANTELIN ME\u00c4N MARMORI &#8221;P\u00e4k\u00e4&#8221; om. Katja Miettunen AVO3\/25 \u00a0 <\/p>\n\n\n\n<p>Tulokset VOI:<\/p>\n\n\n\n<p>KM1: kkn FILURIN IMMERGR\u00dcN &#8221;Rita&#8221; om. Ella &amp; Antti P\u00e4tsi VOI1\/49<\/p>\n\n\n\n<p>KM2: kku HARALD &#8221;Harald&#8221; om. Minna Kilpel\u00e4inen VOI1\/49<\/p>\n\n\n\n<p>KM3: lkn TAXIASEMAN TUPAS-VILLA &#8221;Saaga&#8221; om. Marika Ahola ja Mika \u00c0ngle VOI1\/46<\/p>\n\n\n\n<p>lku ZARON MELTON KRONOS &#8221;Martti&#8221; om. Susanna Kaarlej\u00e4rvi VOI1\/44<\/p>\n\n\n\n<p>pku SALAMANTELIN NAURAVA KULKURI &#8221;Puppe&#8221; om. Sirpa Penttil\u00e4 VOI2\/36 \u00a0 \u00a0<\/p>\n\n\n\n<h3 class=\"wp-block-heading\"><strong>MEJ\u00c4-KOE TORNIO 9.7 ylituomari Marika Ahola<\/strong><\/h3>\n\n\n\n<p>AVO1 46 lku Zaron Melton Kronos om. Susanna Kaarlej\u00e4rvi AVO3 20<\/p>\n\n\n\n<p>cockerspanieli Lingonberry&#8217;s Lost Highway om. Sari M\u00e4ntyranta AVO0<\/p>\n\n\n\n<p>pkn Salamantelin Me\u00e4n Mimmi om. Katja Miettunen AVO0<\/p>\n\n\n\n<p>cockerspanieli Debbie&#8217;s Mu Cephei om. Satu Kamunen ja Mari Kelahaara \u00a0 \u00a0<\/p>\n\n\n\n<h3 class=\"wp-block-heading\"><strong>MEJ\u00c4-KOE POSIO 5.7 ylituomari Juha Pelttari<\/strong><\/h3>\n\n\n\n<p>lkn VOI1 49 \u201dSaaga\u201d Taxiaseman Tupas-Villa om. Marika Ahola ja Mika Angl\u00e9<\/p>\n\n\n\n<p>kkn VOI1 45 \u201dRita\u201d Filurin Immergr\u00fcn om. Antti ja Ella P\u00e4tsi<\/p>\n\n\n\n<p>pku AVO1 44 \u201dPuppe\u201d Salamantelin Naurava Kulkuri om. Sirpa Penttil\u00e4<\/p>\n\n\n\n<p>kkn AVO2 31 \u201dVappu\u201d Riistaloimun Lapin Lumo om. Minna Junno<\/p>\n\n\n\n<p>lku AVO2 30 \u201dMartti\u201d Zaron Melton Kronos om. Susanna Kaarlej\u00e4rvi<\/p>\n\n\n\n<p>kkn AVO0 0 \u201dAni\u201d Joutilaan Xantippa om. Saara Pyh\u00e4j\u00e4rvi<\/p>\n","protected":false},"excerpt":{"rendered":"<p>Vuosi 2020 PM-MEJ\u00c4 KOE ROVANIEMI 30.8 yhteisty\u00f6ss\u00e4 Lapin Nuuskut ry:n kanssa. &nbsp;Ylituomari Toni Tunkkari&nbsp; PM1: kk.m\u00e4yr\u00e4koira FILURIN IMMERG\u00dcN VOI1\/49 om. Ella ja Antti P\u00e4tsi PM2: novascotiannoutaja EVESSIN GEISSA VOI1\/48 om. Tarja Ranta PM3: cockerspanieli LAMMENPEIN ALINDA VOI1\/48 om. Kaisu K\u00e4rn\u00e4 novascotiannoutaja HILLIT\u00d6N TULENLENTO VOI1\/47 om. Sanni Saarela lk.m\u00e4yr\u00e4koira TAXIASEMAN TUPAS-VILLA VOI1\/46 om. Marika Ahola ja &hellip; <\/p>\n<p class=\"link-more\"><a href=\"http:\/\/www.lmkk.org\/?page_id=2197\" class=\"more-link\">Jatka lukemista<span class=\"screen-reader-text\"> &#8221;Tulokset &#8211; Vuosi 2020&#8221;<\/span><\/a><\/p>\n","protected":false},"author":1,"featured_media":0,"parent":0,"menu_order":0,"comment_status":"closed","ping_status":"closed","template":"","meta":{"footnotes":""},"class_list":["post-2197","page","type-page","status-publish","hentry"],"_links":{"self":[{"href":"http:\/\/www.lmkk.org\/index.php?rest_route=\/wp\/v2\/pages\/2197","targetHints":{"allow":["GET"]}}],"collection":[{"href":"http:\/\/www.lmkk.org\/index.php?rest_route=\/wp\/v2\/pages"}],"about":[{"href":"http:\/\/www.lmkk.org\/index.php?rest_route=\/wp\/v2\/types\/page"}],"author":[{"embeddable":true,"href":"http:\/\/www.lmkk.org\/index.php?rest_route=\/wp\/v2\/users\/1"}],"replies":[{"embeddable":true,"href":"http:\/\/www.lmkk.org\/index.php?rest_route=%2Fwp%2Fv2%2Fcomments&post=2197"}],"version-history":[{"count":4,"href":"http:\/\/www.lmkk.org\/index.php?rest_route=\/wp\/v2\/pages\/2197\/revisions"}],"predecessor-version":[{"id":2205,"href":"http:\/\/www.lmkk.org\/index.php?rest_route=\/wp\/v2\/pages\/2197\/revisions\/2205"}],"wp:attachment":[{"href":"http:\/\/www.lmkk.org\/index.php?rest_route=%2Fwp%2Fv2%2Fmedia&parent=2197"}],"curies":[{"name":"wp","href":"https:\/\/api.w.org\/{rel}","templated":true}]}}