{"id":2206,"date":"2021-03-28T12:15:14","date_gmt":"2021-03-28T12:15:14","guid":{"rendered":"http:\/\/www.lmkk.org\/?page_id=2206"},"modified":"2021-03-28T12:15:14","modified_gmt":"2021-03-28T12:15:14","slug":"menneet-tapahtumat-vuosi-2019","status":"publish","type":"page","link":"http:\/\/www.lmkk.org\/?page_id=2206","title":{"rendered":"Menneet tapahtumat &#8211; Vuosi 2019"},"content":{"rendered":"<p><strong>Tapahtumat 2019<\/strong><\/p>\n<p>KOKEET<\/p>\n<table border=\"0\" cellspacing=\"0\">\n<tbody>\n<tr class=\"blank_click\" title=\"N\u00e4yt\u00e4\">\n<td valign=\"top\">09.06.2019<\/td>\n<td valign=\"top\">Posio<\/td>\n<td align=\"left\" valign=\"top\">MEJ\u00c4<\/td>\n<td align=\"left\" valign=\"top\">AVO, VOI<\/td>\n<td align=\"left\" valign=\"top\">LEA FOUDILAINEN<\/td>\n<td>&nbsp;<\/td>\n<\/tr>\n<tr id=\"trTapahtuma_k_266706_0_0\">\n<td colspan=\"6\">\n<table border=\"0\" cellspacing=\"0\" cellpadding=\"4\">\n<tbody>\n<tr class=\"vaihto_otsikko\">\n<td>&nbsp;<\/td>\n<td>Paikka<\/td>\n<td>Posio<\/td>\n<td>&nbsp;<\/td>\n<\/tr>\n<tr class=\"vaihto2\">\n<td>&nbsp;<\/td>\n<td align=\"left\" valign=\"top\">J\u00e4rjest\u00e4j\u00e4<\/td>\n<td align=\"left\" valign=\"top\">LAPIN M\u00c4YR\u00c4KOIRAKERHO RY<\/td>\n<td>&nbsp;<\/td>\n<\/tr>\n<tr class=\"vaihto2\">\n<td>&nbsp;<\/td>\n<td align=\"left\" valign=\"top\">Tapahtumantyyppi<\/td>\n<td align=\"left\" valign=\"top\">yleinen<\/td>\n<td>&nbsp;<\/td>\n<\/tr>\n<tr class=\"vaihto2\">\n<td>&nbsp;<\/td>\n<td align=\"left\" valign=\"top\">Luokat<\/td>\n<td align=\"left\" valign=\"top\">AVO, VOI<\/td>\n<td>&nbsp;<\/td>\n<\/tr>\n<tr class=\"vaihto2\">\n<td>&nbsp;<\/td>\n<td align=\"left\" valign=\"top\">Ylituomari<\/td>\n<td align=\"left\" valign=\"top\">LEA FOUDILAINEN<\/td>\n<td>&nbsp;<\/td>\n<\/tr>\n<tr class=\"vaihto2\">\n<td>&nbsp;<\/td>\n<td align=\"left\" valign=\"top\">Rajoituksen perusteet<\/td>\n<td align=\"left\" valign=\"top\">Koiram\u00e4\u00e4r\u00e4\u00e4 koskeva rajoitus<br \/>\nEtusija j\u00e4rjest\u00e4v\u00e4n yhdistyksen j\u00e4senill\u00e4<\/td>\n<td>&nbsp;<\/td>\n<\/tr>\n<tr class=\"vaihto2\">\n<td colspan=\"2\">&nbsp;<\/td>\n<td><a href=\"http:\/\/jalostus.kennelliitto.fi\/frmTapahtuma.aspx?Id=266706\" target=\"_blank\" rel=\"noopener noreferrer\">Tulokset<\/a><\/td>\n<td>&nbsp;<\/td>\n<\/tr>\n<tr class=\"blank\">\n<td colspan=\"4\">&nbsp;<\/td>\n<\/tr>\n<\/tbody>\n<\/table>\n<\/td>\n<\/tr>\n<tr class=\"vaihto_click\" title=\"N\u00e4yt\u00e4\">\n<td>&nbsp;<\/td>\n<td valign=\"top\">30.06.2019<\/td>\n<td valign=\"top\">Tornio<\/td>\n<td align=\"left\" valign=\"top\">MEJ\u00c4<\/td>\n<td align=\"left\" valign=\"top\">AVO, VOI<\/td>\n<td align=\"left\" valign=\"top\">HEIKKI RYYN\u00c4NEN<\/td>\n<td>&nbsp;<\/td>\n<\/tr>\n<tr id=\"trTapahtuma_k_266705_1_0\">\n<td colspan=\"6\">\n<table border=\"0\" cellspacing=\"0\" cellpadding=\"4\">\n<tbody>\n<tr class=\"vaihto_otsikko\">\n<td>&nbsp;<\/td>\n<td>Paikka<\/td>\n<td>Tornio<\/td>\n<td>&nbsp;<\/td>\n<\/tr>\n<tr class=\"vaihto2\">\n<td>&nbsp;<\/td>\n<td align=\"left\" valign=\"top\">J\u00e4rjest\u00e4j\u00e4<\/td>\n<td align=\"left\" valign=\"top\">LAPIN M\u00c4YR\u00c4KOIRAKERHO RY<\/td>\n<td>&nbsp;<\/td>\n<\/tr>\n<tr class=\"vaihto2\">\n<td>&nbsp;<\/td>\n<td align=\"left\" valign=\"top\">Tapahtumantyyppi<\/td>\n<td align=\"left\" valign=\"top\">yleinen<\/td>\n<td>&nbsp;<\/td>\n<\/tr>\n<tr class=\"vaihto2\">\n<td>&nbsp;<\/td>\n<td align=\"left\" valign=\"top\">Luokat<\/td>\n<td align=\"left\" valign=\"top\">AVO, VOI<\/td>\n<td>&nbsp;<\/td>\n<\/tr>\n<tr class=\"vaihto2\">\n<td>&nbsp;<\/td>\n<td align=\"left\" valign=\"top\">Ylituomari<\/td>\n<td align=\"left\" valign=\"top\">HEIKKI RYYN\u00c4NEN<\/td>\n<td>&nbsp;<\/td>\n<\/tr>\n<tr class=\"vaihto2\">\n<td>&nbsp;<\/td>\n<td align=\"left\" valign=\"top\">Rajoituksen perusteet<\/td>\n<td align=\"left\" valign=\"top\">Koiram\u00e4\u00e4r\u00e4\u00e4 koskeva rajoitus<br \/>\nEtusija j\u00e4rjest\u00e4v\u00e4n yhdistyksen j\u00e4senill\u00e4<\/td>\n<td>&nbsp;<\/td>\n<\/tr>\n<tr class=\"vaihto2\">\n<td colspan=\"2\">&nbsp;<\/td>\n<td><a href=\"http:\/\/jalostus.kennelliitto.fi\/frmTapahtuma.aspx?Id=266705\" target=\"_blank\" rel=\"noopener noreferrer\">Tulokset<\/a><\/td>\n<td>&nbsp;<\/td>\n<\/tr>\n<tr class=\"blank\">\n<td colspan=\"4\">&nbsp;<\/td>\n<\/tr>\n<\/tbody>\n<\/table>\n<\/td>\n<\/tr>\n<tr class=\"blank_click\" title=\"N\u00e4yt\u00e4\">\n<td>&nbsp;<\/td>\n<td valign=\"top\">28.07.2019<\/td>\n<td valign=\"top\">Rovaniemi<\/td>\n<td align=\"left\" valign=\"top\">MEJ\u00c4<\/td>\n<td align=\"left\" valign=\"top\">AVO, VOI<\/td>\n<td align=\"left\" valign=\"top\">JOUNI SIMONEN<\/td>\n<td>&nbsp;<\/td>\n<\/tr>\n<tr id=\"trTapahtuma_k_266708_2_0\">\n<td colspan=\"6\">\n<table border=\"0\" cellspacing=\"0\" cellpadding=\"4\">\n<tbody>\n<tr class=\"vaihto_otsikko\">\n<td>&nbsp;<\/td>\n<td>Paikka<\/td>\n<td>Rovaniemi<\/td>\n<td>&nbsp;<\/td>\n<\/tr>\n<tr class=\"vaihto2\">\n<td>&nbsp;<\/td>\n<td align=\"left\" valign=\"top\">J\u00e4rjest\u00e4j\u00e4<\/td>\n<td align=\"left\" valign=\"top\">LAPIN M\u00c4YR\u00c4KOIRAKERHO RY<\/td>\n<td>&nbsp;<\/td>\n<\/tr>\n<tr class=\"vaihto2\">\n<td>&nbsp;<\/td>\n<td align=\"left\" valign=\"top\">Tapahtumantyyppi<\/td>\n<td align=\"left\" valign=\"top\">yleinen<\/td>\n<td>&nbsp;<\/td>\n<\/tr>\n<tr class=\"vaihto2\">\n<td>&nbsp;<\/td>\n<td align=\"left\" valign=\"top\">Luokat<\/td>\n<td align=\"left\" valign=\"top\">AVO, VOI<\/td>\n<td>&nbsp;<\/td>\n<\/tr>\n<tr class=\"vaihto2\">\n<td>&nbsp;<\/td>\n<td align=\"left\" valign=\"top\">Ylituomari<\/td>\n<td align=\"left\" valign=\"top\">JOUNI SIMONEN<\/td>\n<td>&nbsp;<\/td>\n<\/tr>\n<tr class=\"vaihto2\">\n<td>&nbsp;<\/td>\n<td align=\"left\" valign=\"top\">Rajoituksen perusteet<\/td>\n<td align=\"left\" valign=\"top\">Koiram\u00e4\u00e4r\u00e4\u00e4 koskeva rajoitus<br \/>\nEtusija j\u00e4rjest\u00e4v\u00e4n yhdistyksen j\u00e4senill\u00e4<\/td>\n<td>&nbsp;<\/td>\n<\/tr>\n<tr class=\"vaihto2\">\n<td colspan=\"2\">&nbsp;<\/td>\n<td><a href=\"http:\/\/jalostus.kennelliitto.fi\/frmTapahtuma.aspx?Id=266708\" target=\"_blank\" rel=\"noopener noreferrer\">Tulokset<\/a><\/td>\n<td>&nbsp;<\/td>\n<\/tr>\n<tr class=\"blank\">\n<td colspan=\"4\">&nbsp;<\/td>\n<\/tr>\n<\/tbody>\n<\/table>\n<\/td>\n<\/tr>\n<tr class=\"vaihto_click\" title=\"N\u00e4yt\u00e4\">\n<td>&nbsp;<\/td>\n<td valign=\"top\">08.09.2019<\/td>\n<td valign=\"top\">Ylitornio<\/td>\n<td align=\"left\" valign=\"top\">MEJ\u00c4<\/td>\n<td align=\"left\" valign=\"top\">AVO, VOI<\/td>\n<td align=\"left\" valign=\"top\">TONI TUNKKARI<\/td>\n<td>&nbsp;<\/td>\n<\/tr>\n<tr id=\"trTapahtuma_k_265038_3_0\">\n<td colspan=\"6\">\n<table border=\"0\" cellspacing=\"0\" cellpadding=\"4\">\n<tbody>\n<tr class=\"vaihto_otsikko\">\n<td>&nbsp;<\/td>\n<td>Paikka<\/td>\n<td>Ylitornio<\/td>\n<td>&nbsp;<\/td>\n<\/tr>\n<tr class=\"vaihto2\">\n<td>&nbsp;<\/td>\n<td align=\"left\" valign=\"top\">J\u00e4rjest\u00e4j\u00e4t<\/td>\n<td align=\"left\" valign=\"top\">LAPIN SPANIELIKERHO R.Y.<br \/>\nLAPIN M\u00c4YR\u00c4KOIRAKERHO RY<\/td>\n<td>&nbsp;<\/td>\n<\/tr>\n<tr class=\"vaihto2\">\n<td>&nbsp;<\/td>\n<td align=\"left\" valign=\"top\">Tapahtumantyyppi<\/td>\n<td align=\"left\" valign=\"top\">yleinen<\/td>\n<td>&nbsp;<\/td>\n<\/tr>\n<tr class=\"vaihto2\">\n<td>&nbsp;<\/td>\n<td align=\"left\" valign=\"top\">Luokat<\/td>\n<td align=\"left\" valign=\"top\">AVO, VOI<\/td>\n<td>&nbsp;<\/td>\n<\/tr>\n<tr class=\"vaihto2\">\n<td>&nbsp;<\/td>\n<td align=\"left\" valign=\"top\">Ylituomari<\/td>\n<td align=\"left\" valign=\"top\">TONI TUNKKARI<\/td>\n<td>&nbsp;<\/td>\n<\/tr>\n<tr class=\"vaihto2\">\n<td>&nbsp;<\/td>\n<td align=\"left\" valign=\"top\">Ilmoittautuminen<\/td>\n<td align=\"left\" valign=\"top\">5.-26.8.2019<br \/>\nOsanottomaksu 80,00\u20ac, Tilille FI72 8000 1371 3069 95 DABAFIHH<\/td>\n<td>&nbsp;<\/td>\n<\/tr>\n<tr class=\"vaihto2\">\n<td>&nbsp;<\/td>\n<td align=\"left\" valign=\"top\">Ilmoittautumisten vastaanottaja<\/td>\n<td align=\"left\" valign=\"top\">Jouni Yrj\u00e4nheikki<\/p>\n<p>puh.<br \/>\njouni.yrjanheikki@yrjanheikki.fi<\/td>\n<td>&nbsp;<\/td>\n<\/tr>\n<tr class=\"vaihto2\">\n<td>&nbsp;<\/td>\n<td>&nbsp;<\/td>\n<td align=\"left\" valign=\"top\">Osallistumismaksu 80e, josta palautetaan 30e j\u00e4ljentekij\u00f6ille kulukorvausta. Koemaksu maksetaan koepaikalla.<\/td>\n<td>&nbsp;<\/td>\n<\/tr>\n<tr class=\"vaihto2\">\n<td>&nbsp;<\/td>\n<td align=\"left\" valign=\"top\">Rajoituksen perusteet<\/td>\n<td align=\"left\" valign=\"top\">Etusija j\u00e4rjest\u00e4v\u00e4n yhdistyksen j\u00e4senill\u00e4<br \/>\nKoiram\u00e4\u00e4r\u00e4\u00e4 koskeva rajoitus<\/td>\n<td>&nbsp;<\/td>\n<\/tr>\n<tr class=\"blank\">\n<td colspan=\"4\">&nbsp;<\/td>\n<\/tr>\n<\/tbody>\n<\/table>\n<\/td>\n<\/tr>\n<tr class=\"blank_click\" title=\"N\u00e4yt\u00e4\">\n<td>&nbsp;<\/td>\n<td valign=\"top\">14.09.2019<\/td>\n<td valign=\"top\">Ylitornio<\/td>\n<td align=\"left\" valign=\"top\">M\u00c4AJ<\/td>\n<td align=\"left\" valign=\"top\">&nbsp;<\/td>\n<td align=\"left\" valign=\"top\">KARI UOTILA<\/td>\n<td>&nbsp;<\/td>\n<\/tr>\n<tr id=\"trTapahtuma_k_274818_4_0\">\n<td colspan=\"6\">\n<table border=\"0\" cellspacing=\"0\" cellpadding=\"4\">\n<tbody>\n<tr class=\"vaihto_otsikko\">\n<td>&nbsp;<\/td>\n<td>Paikka<\/td>\n<td>Ylitornio<\/td>\n<td>&nbsp;<\/td>\n<\/tr>\n<tr class=\"vaihto2\">\n<td>&nbsp;<\/td>\n<td align=\"left\" valign=\"top\">J\u00e4rjest\u00e4j\u00e4<\/td>\n<td align=\"left\" valign=\"top\">LAPIN M\u00c4YR\u00c4KOIRAKERHO RY<\/td>\n<td>&nbsp;<\/td>\n<\/tr>\n<tr class=\"vaihto2\">\n<td>&nbsp;<\/td>\n<td align=\"left\" valign=\"top\">Tapahtumantyyppi<\/td>\n<td align=\"left\" valign=\"top\">piirimestaruuskoe<\/td>\n<td>&nbsp;<\/td>\n<\/tr>\n<tr class=\"vaihto2\">\n<td>&nbsp;<\/td>\n<td align=\"left\" valign=\"top\">Ylituomari<\/td>\n<td align=\"left\" valign=\"top\">KARI UOTILA<\/td>\n<td>&nbsp;<\/td>\n<\/tr>\n<tr class=\"vaihto2\">\n<td>&nbsp;<\/td>\n<td align=\"left\" valign=\"top\">Ilmoittautuminen<\/td>\n<td align=\"left\" valign=\"top\">8.8.-8.9.2019<br \/>\nOsanottomaksu 50,00\u20ac<\/td>\n<td>&nbsp;<\/td>\n<\/tr>\n<tr class=\"vaihto2\">\n<td>&nbsp;<\/td>\n<td align=\"left\" valign=\"top\">Ilmoittautumisten vastaanottaja<\/td>\n<td align=\"left\" valign=\"top\">NINA AIRIAINEN<\/p>\n<p>puh. 050-4130 449<br \/>\nnina.airiainen@gmail.com<\/td>\n<td>&nbsp;<\/td>\n<\/tr>\n<tr class=\"vaihto2\">\n<td>&nbsp;<\/td>\n<td>&nbsp;<\/td>\n<td align=\"left\" valign=\"top\">Lapin kennelpiirin PM-koe\/ Pohjan lohkokarsintakoe, Koiranohjaaja hoitaa Palkintotuomarin, maksu paikanp\u00e4\u00e4ll\u00e4.<\/td>\n<td>&nbsp;<\/td>\n<\/tr>\n<tr class=\"blank\">\n<td colspan=\"4\">&nbsp;<\/td>\n<\/tr>\n<\/tbody>\n<\/table>\n<\/td>\n<\/tr>\n<\/tbody>\n<\/table>\n<p>N\u00c4YTTELYT<\/p>\n<table border=\"0\" cellspacing=\"0\">\n<tbody>\n<tr class=\"blank_click\" title=\"N\u00e4yt\u00e4\">\n<td valign=\"top\">20.07.2019<\/td>\n<td align=\"left\" valign=\"top\"><a href=\"http:\/\/www.showlink.fi\/shows\/mayrakoiraer2019\/\" target=\"_blank\" rel=\"noopener noreferrer\">Kemi E<\/a><\/td>\n<td align=\"left\" valign=\"top\">Suomen m\u00e4yr\u00e4koiraliitto sml ry ja Lapin M\u00e4yr\u00e4koirakerho ry<\/td>\n<td>&nbsp;<\/td>\n<\/tr>\n<tr id=\"trTapahtuma_11489_0_0\">\n<td colspan=\"6\">\n<table border=\"0\" cellspacing=\"0\" cellpadding=\"4\">\n<tbody>\n<tr class=\"vaihto_otsikko\">\n<td>&nbsp;<\/td>\n<td align=\"left\" valign=\"top\">Nimi<\/td>\n<td align=\"left\" valign=\"top\"><a href=\"http:\/\/www.showlink.fi\/shows\/mayrakoiraer2019\/\" target=\"_blank\" rel=\"noopener noreferrer\">M\u00e4yr\u00e4koirien erikoisn\u00e4yttely<\/a><\/td>\n<td>&nbsp;<\/td>\n<\/tr>\n<tr class=\"vaihto2\">\n<td>&nbsp;<\/td>\n<td>Paikka<\/td>\n<td>Kemi (Sauvonsaaren urheilukentt\u00e4)<\/td>\n<td>&nbsp;<\/td>\n<\/tr>\n<tr class=\"vaihto2\">\n<td>&nbsp;<\/td>\n<td align=\"left\" valign=\"top\">N\u00e4yttelytyyppi<\/td>\n<td align=\"left\" valign=\"top\">Erikoisn\u00e4yttely<\/td>\n<td>&nbsp;<\/td>\n<\/tr>\n<tr class=\"vaihto2\">\n<td>&nbsp;<\/td>\n<td align=\"left\" valign=\"top\">J\u00e4rjest\u00e4j\u00e4<\/td>\n<td align=\"left\" valign=\"top\">SUOMEN M\u00c4YR\u00c4KOIRALIITTO SML RY.<\/td>\n<td>&nbsp;<\/td>\n<\/tr>\n<tr class=\"vaihto2\">\n<td colspan=\"2\">&nbsp;<\/td>\n<td><a href=\"http:\/\/jalostus.kennelliitto.fi\/frmNayttely.aspx?Id=11489\" target=\"_blank\" rel=\"noopener noreferrer\">Tulokset<\/a><\/td>\n<\/tr>\n<\/tbody>\n<\/table>\n<\/td>\n<\/tr>\n<\/tbody>\n<\/table>\n<p>KURSSIT<\/p>\n<table border=\"0\" cellspacing=\"0\">\n<tbody>\n<tr class=\"blank_click\" title=\"N\u00e4yt\u00e4\">\n<td valign=\"top\">15.08.2019<\/td>\n<td valign=\"top\">Ylitornio<\/td>\n<td align=\"left\" valign=\"top\">Koetoimitsijan lajikurssi<\/td>\n<td valign=\"top\">LAPIN M\u00c4YR\u00c4KOIRAKERHO RY<\/td>\n<td>&nbsp;<\/td>\n<\/tr>\n<tr id=\"trTapahtuma_1370_0_0\">\n<td colspan=\"6\">\n<table border=\"0\" cellspacing=\"0\" cellpadding=\"4\">\n<tbody>\n<tr class=\"vaihto_otsikko\">\n<td>&nbsp;<\/td>\n<td align=\"left\" valign=\"top\">Nimi<\/td>\n<td align=\"left\" valign=\"top\">Koetoimitsijan lajikurssi<\/td>\n<td>&nbsp;<\/td>\n<\/tr>\n<tr class=\"vaihto2\">\n<td>&nbsp;<\/td>\n<td>Paikka<\/td>\n<td>Ylitornio<\/td>\n<td>&nbsp;<\/td>\n<\/tr>\n<tr class=\"vaihto2\">\n<td>&nbsp;<\/td>\n<td align=\"left\" valign=\"top\">Kurssityyppi<\/td>\n<td align=\"left\" valign=\"top\">Koetoimitsijan lajikurssi<\/td>\n<td>&nbsp;<\/td>\n<\/tr>\n<tr class=\"vaihto2\">\n<td>&nbsp;<\/td>\n<td align=\"left\" valign=\"top\">Koemuoto<\/td>\n<td align=\"left\" valign=\"top\">M\u00c4AJ<\/td>\n<td>&nbsp;<\/td>\n<\/tr>\n<tr class=\"vaihto2\">\n<td>&nbsp;<\/td>\n<td align=\"left\" valign=\"top\">J\u00e4rjest\u00e4j\u00e4<\/td>\n<td align=\"left\" valign=\"top\">LAPIN M\u00c4YR\u00c4KOIRAKERHO RY<\/td>\n<td>&nbsp;<\/td>\n<\/tr>\n<tr class=\"vaihto2\">\n<td>&nbsp;<\/td>\n<td align=\"left\" valign=\"top\">Ilmoittautuminen<\/td>\n<td align=\"left\" valign=\"top\">11.8.2019 menness\u00e4<br \/>\nOsanottomaksu 10,00\u20ac<\/td>\n<td>&nbsp;<\/td>\n<\/tr>\n<tr class=\"vaihto2\">\n<td>&nbsp;<\/td>\n<td align=\"left\" valign=\"top\">Ilmoittautumisten vastaanottaja<\/td>\n<td align=\"left\" valign=\"top\">KARI AIRIAINEN<\/p>\n<p>puh. 050 491 2089<br \/>\nkari.airiainen@gmail.com<\/td>\n<td>&nbsp;<\/td>\n<\/tr>\n<tr class=\"vaihto2\">\n<td>&nbsp;<\/td>\n<td align=\"left\" valign=\"top\">Kurssin johtaja<\/td>\n<td align=\"left\" valign=\"top\">KARI AIRIAINEN<\/td>\n<\/tr>\n<\/tbody>\n<\/table>\n<\/td>\n<\/tr>\n<\/tbody>\n<\/table>\n","protected":false},"excerpt":{"rendered":"<p>Tapahtumat 2019 KOKEET 09.06.2019 Posio MEJ\u00c4 AVO, VOI LEA FOUDILAINEN &nbsp; &nbsp; Paikka Posio &nbsp; &nbsp; J\u00e4rjest\u00e4j\u00e4 LAPIN M\u00c4YR\u00c4KOIRAKERHO RY &nbsp; &nbsp; Tapahtumantyyppi yleinen &nbsp; &nbsp; Luokat AVO, VOI &nbsp; &nbsp; Ylituomari LEA FOUDILAINEN &nbsp; &nbsp; Rajoituksen perusteet Koiram\u00e4\u00e4r\u00e4\u00e4 koskeva rajoitus Etusija j\u00e4rjest\u00e4v\u00e4n yhdistyksen j\u00e4senill\u00e4 &nbsp; &nbsp; Tulokset &nbsp; &nbsp; &nbsp; 30.06.2019 Tornio MEJ\u00c4 AVO, &hellip; <\/p>\n<p class=\"link-more\"><a href=\"http:\/\/www.lmkk.org\/?page_id=2206\" class=\"more-link\">Jatka lukemista<span class=\"screen-reader-text\"> &#8221;Menneet tapahtumat &#8211; Vuosi 2019&#8221;<\/span><\/a><\/p>\n","protected":false},"author":1,"featured_media":0,"parent":0,"menu_order":0,"comment_status":"closed","ping_status":"closed","template":"","meta":{"footnotes":""},"class_list":["post-2206","page","type-page","status-publish","hentry"],"_links":{"self":[{"href":"http:\/\/www.lmkk.org\/index.php?rest_route=\/wp\/v2\/pages\/2206","targetHints":{"allow":["GET"]}}],"collection":[{"href":"http:\/\/www.lmkk.org\/index.php?rest_route=\/wp\/v2\/pages"}],"about":[{"href":"http:\/\/www.lmkk.org\/index.php?rest_route=\/wp\/v2\/types\/page"}],"author":[{"embeddable":true,"href":"http:\/\/www.lmkk.org\/index.php?rest_route=\/wp\/v2\/users\/1"}],"replies":[{"embeddable":true,"href":"http:\/\/www.lmkk.org\/index.php?rest_route=%2Fwp%2Fv2%2Fcomments&post=2206"}],"version-history":[{"count":1,"href":"http:\/\/www.lmkk.org\/index.php?rest_route=\/wp\/v2\/pages\/2206\/revisions"}],"predecessor-version":[{"id":2209,"href":"http:\/\/www.lmkk.org\/index.php?rest_route=\/wp\/v2\/pages\/2206\/revisions\/2209"}],"wp:attachment":[{"href":"http:\/\/www.lmkk.org\/index.php?rest_route=%2Fwp%2Fv2%2Fmedia&parent=2206"}],"curies":[{"name":"wp","href":"https:\/\/api.w.org\/{rel}","templated":true}]}}