{"id":2211,"date":"2021-03-28T12:19:36","date_gmt":"2021-03-28T12:19:36","guid":{"rendered":"http:\/\/www.lmkk.org\/?page_id=2211"},"modified":"2021-03-28T12:19:36","modified_gmt":"2021-03-28T12:19:36","slug":"menneet-tapahtumat-vuosi-2020","status":"publish","type":"page","link":"http:\/\/www.lmkk.org\/?page_id=2211","title":{"rendered":"Menneet tapahtumat &#8211; Vuosi 2020"},"content":{"rendered":"\n<p><strong>Tapahtumat 2020<\/strong><\/p>\n\n\n\n<p>9.8. MEJ\u00c4-KOE TERVOLA\u00a0<\/p>\n\n\n\n<p>luokat AVO, VOI<\/p>\n\n\n\n<p>Ylituomari Lea Foundilainen<\/p>\n\n\n\n<p>Osanottomaksu 80,00\u20ac<\/p>\n\n\n\n<p>ilmoittautumiset:&nbsp;15.06.-27.07.2020 KATJA ELINA MIETTUNEN&nbsp;OX\u00d6NTIE 31 95470 TORNIO&nbsp;puh. 040-706 3438&nbsp;miettunen.katja@gmail.com<\/p>\n\n\n\n<p>Osanottomaksu koepaikan varmistuttua. J\u00e4ljentekij\u00f6ille palautetaan 30\u20ac kulukorvauksena. Etusija j\u00e4senill\u00e4. Kerhonmestaruus molemmissa luokissa.<\/p>\n\n\n\n<p>30.8 MEJ\u00c4-KOE ROVANIEMI&nbsp;<\/p>\n\n\n\n<p>Yhteisty\u00f6ss\u00e4 Lapin Nuuskut ry:n kanssa&nbsp;<\/p>\n\n\n\n<p>luokat AVO, VOI<\/p>\n\n\n\n<p>Ylituomari Ville Porthan<\/p>\n\n\n\n<p>Osanottomaksu 80,00\u20ac<\/p>\n\n\n\n<p>ilmoittautumiset:&nbsp;06.07.-17.08.2020&nbsp;TARJA RANTA&nbsp;KATAJATIE 2 95700 PELLO<br>puh. 040 412 3278&nbsp;tarjaranta@hotmail.com<\/p>\n\n\n\n<p>Osallistumismaksu koepaikan varmistuttua. J\u00e4ljentekij\u00f6ille palautetaan 30\u20ac kulukorvauksena. Etusija j\u00e4rjest\u00e4v\u00e4n yhdistyksen j\u00e4senill\u00e4<\/p>\n\n\n\n<p>30.8 MEJ\u00c4-KOE ROVANIEMI piirinmestaruuskoe<\/p>\n\n\n\n<p>Yhteisty\u00f6ss\u00e4 Lapin Nuuskut ry:n kanssa&nbsp;<\/p>\n\n\n\n<p>luokat VOI<\/p>\n\n\n\n<p>Ylituomari Toni Tunkkari<\/p>\n\n\n\n<p>Osanottomaksu 80\u20ac<\/p>\n\n\n\n<p>ilmoittautumiset:&nbsp;06.07.-17.08.2020&nbsp;TARJA RANTA&nbsp;KATAJATIE 2 95700 PELLO<br>puh. 040 412 3278&nbsp;tarjaranta@hotmail.com<\/p>\n\n\n\n<p>Osallistumismaksu koepaikan varmistuttua. J\u00e4ljentekij\u00f6ille palautetaan 30\u20ac kulukorvauksena<\/p>\n\n\n\n<p>Lapin kennelpiirin piirinmestaruuskoe. Koetulokset ajalta 26.8.2019-16.8.2020. Piirimestaruuskoes\u00e4\u00e4nn\u00f6t Lapin kennelpiirin kotisivuilla (PM-s\u00e4\u00e4nn\u00f6t).<\/p>\n\n\n\n<p>26.9 M\u00c4AJ YLITORNIO piirinmestaruuskoe<\/p>\n\n\n\n<p>Ylituomari Heikki Uussalo<\/p>\n\n\n\n<p>Osanottomaksu 50\u20ac<\/p>\n\n\n\n<p>ilmoittautumiset:&nbsp;01.-20.09.2020&nbsp;SAARA PYH\u00c4J\u00c4RVI&nbsp;puh. 0408448731<br>saara.pyhajarvi@gmail.com<\/p>\n\n\n\n<p>Koemaksu perit\u00e4\u00e4n koepaikalla.&nbsp;Koepaikalla y\u00f6pymismahdollisuus.&nbsp;<\/p>\n\n\n\n<p>Rajoituksen perusteet:&nbsp;Muu m\u00e4\u00e4r\u00e4\u00e4 koskeva rajoitus &#8211; piirinmestaruuskoes\u00e4\u00e4nt\u00f6jen edellytt\u00e4m\u00e4 oikeus osallistua: Koiram\u00e4\u00e4r\u00e4 rajattu Lapin Kennelpiirin piirinmestaruuss\u00e4\u00e4nt\u00f6jen mukaan.<\/p>\n","protected":false},"excerpt":{"rendered":"<p>Tapahtumat 2020 9.8. MEJ\u00c4-KOE TERVOLA\u00a0 luokat AVO, VOI Ylituomari Lea Foundilainen Osanottomaksu 80,00\u20ac ilmoittautumiset:&nbsp;15.06.-27.07.2020 KATJA ELINA MIETTUNEN&nbsp;OX\u00d6NTIE 31 95470 TORNIO&nbsp;puh. 040-706 3438&nbsp;miettunen.katja@gmail.com Osanottomaksu koepaikan varmistuttua. J\u00e4ljentekij\u00f6ille palautetaan 30\u20ac kulukorvauksena. Etusija j\u00e4senill\u00e4. Kerhonmestaruus molemmissa luokissa. 30.8 MEJ\u00c4-KOE ROVANIEMI&nbsp; Yhteisty\u00f6ss\u00e4 Lapin Nuuskut ry:n kanssa&nbsp; luokat AVO, VOI Ylituomari Ville Porthan Osanottomaksu 80,00\u20ac ilmoittautumiset:&nbsp;06.07.-17.08.2020&nbsp;TARJA RANTA&nbsp;KATAJATIE 2 95700 PELLOpuh. &hellip; <\/p>\n<p class=\"link-more\"><a href=\"http:\/\/www.lmkk.org\/?page_id=2211\" class=\"more-link\">Jatka lukemista<span class=\"screen-reader-text\"> &#8221;Menneet tapahtumat &#8211; Vuosi 2020&#8221;<\/span><\/a><\/p>\n","protected":false},"author":1,"featured_media":0,"parent":0,"menu_order":0,"comment_status":"closed","ping_status":"closed","template":"","meta":{"footnotes":""},"class_list":["post-2211","page","type-page","status-publish","hentry"],"_links":{"self":[{"href":"http:\/\/www.lmkk.org\/index.php?rest_route=\/wp\/v2\/pages\/2211","targetHints":{"allow":["GET"]}}],"collection":[{"href":"http:\/\/www.lmkk.org\/index.php?rest_route=\/wp\/v2\/pages"}],"about":[{"href":"http:\/\/www.lmkk.org\/index.php?rest_route=\/wp\/v2\/types\/page"}],"author":[{"embeddable":true,"href":"http:\/\/www.lmkk.org\/index.php?rest_route=\/wp\/v2\/users\/1"}],"replies":[{"embeddable":true,"href":"http:\/\/www.lmkk.org\/index.php?rest_route=%2Fwp%2Fv2%2Fcomments&post=2211"}],"version-history":[{"count":1,"href":"http:\/\/www.lmkk.org\/index.php?rest_route=\/wp\/v2\/pages\/2211\/revisions"}],"predecessor-version":[{"id":2214,"href":"http:\/\/www.lmkk.org\/index.php?rest_route=\/wp\/v2\/pages\/2211\/revisions\/2214"}],"wp:attachment":[{"href":"http:\/\/www.lmkk.org\/index.php?rest_route=%2Fwp%2Fv2%2Fmedia&parent=2211"}],"curies":[{"name":"wp","href":"https:\/\/api.w.org\/{rel}","templated":true}]}}