{"id":23,"date":"2014-05-05T14:03:11","date_gmt":"2014-05-05T14:03:11","guid":{"rendered":"http:\/\/www.lmkk.org\/?page_id=23"},"modified":"2019-08-12T17:07:31","modified_gmt":"2019-08-12T17:07:31","slug":"uroslista","status":"publish","type":"page","link":"http:\/\/www.lmkk.org\/?page_id=23","title":{"rendered":"Uroslista"},"content":{"rendered":"<p>Uroslista on tarkoitettu kerhon j\u00e4senille. Omistaja on vastuussa koiran tietojen oikeellisuudesta. Kerho ei anna jalostussuosituksia. Listan uroksilla tulee olla voimassa olevat terveystulokset PEVISA-ohjelman mukaisesti. Lis\u00e4tietoa PEVISA-ohjelmasta <a href=\"http:\/\/www.mayrakoiraliitto.fi\/index.php\/terveys\/pevisa\" target=\"_blank\" rel=\"noopener noreferrer\">t\u00e4\u00e4lt\u00e4<\/a>.<\/p>\n<hr \/>\n<table style=\"height: 448px;\" width=\"622\">\n<tbody>\n<tr>\n<td><\/td>\n<td><\/td>\n<\/tr>\n<tr>\n<td><\/td>\n<td><\/td>\n<\/tr>\n<\/tbody>\n<\/table>\n","protected":false},"excerpt":{"rendered":"<p>Uroslista on tarkoitettu kerhon j\u00e4senille. Omistaja on vastuussa koiran tietojen oikeellisuudesta. Kerho ei anna jalostussuosituksia. Listan uroksilla tulee olla voimassa olevat terveystulokset PEVISA-ohjelman mukaisesti. Lis\u00e4tietoa PEVISA-ohjelmasta t\u00e4\u00e4lt\u00e4.<\/p>\n","protected":false},"author":1,"featured_media":0,"parent":0,"menu_order":0,"comment_status":"closed","ping_status":"closed","template":"","meta":{"footnotes":""},"class_list":["post-23","page","type-page","status-publish","hentry"],"_links":{"self":[{"href":"http:\/\/www.lmkk.org\/index.php?rest_route=\/wp\/v2\/pages\/23","targetHints":{"allow":["GET"]}}],"collection":[{"href":"http:\/\/www.lmkk.org\/index.php?rest_route=\/wp\/v2\/pages"}],"about":[{"href":"http:\/\/www.lmkk.org\/index.php?rest_route=\/wp\/v2\/types\/page"}],"author":[{"embeddable":true,"href":"http:\/\/www.lmkk.org\/index.php?rest_route=\/wp\/v2\/users\/1"}],"replies":[{"embeddable":true,"href":"http:\/\/www.lmkk.org\/index.php?rest_route=%2Fwp%2Fv2%2Fcomments&post=23"}],"version-history":[{"count":19,"href":"http:\/\/www.lmkk.org\/index.php?rest_route=\/wp\/v2\/pages\/23\/revisions"}],"predecessor-version":[{"id":2020,"href":"http:\/\/www.lmkk.org\/index.php?rest_route=\/wp\/v2\/pages\/23\/revisions\/2020"}],"wp:attachment":[{"href":"http:\/\/www.lmkk.org\/index.php?rest_route=%2Fwp%2Fv2%2Fmedia&parent=23"}],"curies":[{"name":"wp","href":"https:\/\/api.w.org\/{rel}","templated":true}]}}