{"id":2383,"date":"2026-04-26T15:30:37","date_gmt":"2026-04-26T15:30:37","guid":{"rendered":"http:\/\/www.lmkk.org\/?page_id=2383"},"modified":"2026-04-26T16:23:17","modified_gmt":"2026-04-26T16:23:17","slug":"tapahtumakalenteri","status":"publish","type":"page","link":"http:\/\/www.lmkk.org\/?page_id=2383","title":{"rendered":"Tapahtumakalenteri"},"content":{"rendered":"\n<hr class=\"wp-block-separator has-css-opacity\"\/>\n\n\n\n<div class=\"wp-block-columns is-layout-flex wp-container-core-columns-is-layout-1 wp-block-columns-is-layout-flex\">\n<div class=\"wp-block-column is-layout-flow wp-block-column-is-layout-flow\" style=\"flex-basis:100%\">\n<h2 class=\"wp-block-heading has-medium-font-size\"><strong>Tapahtumat 2026<\/strong><\/h2>\n\n\n<div class=\"wp-block-calendar\"><table id=\"wp-calendar\" class=\"wp-calendar-table\">\n\t<caption>huhtikuu 2026<\/caption>\n\t<thead>\n\t<tr>\n\t\t<th scope=\"col\" title=\"maanantai\">ma<\/th>\n\t\t<th scope=\"col\" title=\"tiistai\">ti<\/th>\n\t\t<th scope=\"col\" title=\"keskiviikko\">ke<\/th>\n\t\t<th scope=\"col\" title=\"torstai\">to<\/th>\n\t\t<th scope=\"col\" title=\"perjantai\">pe<\/th>\n\t\t<th scope=\"col\" title=\"lauantai\">la<\/th>\n\t\t<th scope=\"col\" title=\"sunnuntai\">su<\/th>\n\t<\/tr>\n\t<\/thead>\n\t<tbody>\n\t<tr>\n\t\t<td colspan=\"2\" class=\"pad\">&nbsp;<\/td><td>1<\/td><td><a href=\"http:\/\/www.lmkk.org\/?m=20260402\" aria-label=\"Artikkelit julkaistu 2.4.2026\">2<\/a><\/td><td>3<\/td><td>4<\/td><td>5<\/td>\n\t<\/tr>\n\t<tr>\n\t\t<td>6<\/td><td>7<\/td><td>8<\/td><td>9<\/td><td>10<\/td><td>11<\/td><td>12<\/td>\n\t<\/tr>\n\t<tr>\n\t\t<td>13<\/td><td>14<\/td><td>15<\/td><td>16<\/td><td>17<\/td><td>18<\/td><td>19<\/td>\n\t<\/tr>\n\t<tr>\n\t\t<td>20<\/td><td>21<\/td><td>22<\/td><td>23<\/td><td>24<\/td><td>25<\/td><td id=\"today\">26<\/td>\n\t<\/tr>\n\t<tr>\n\t\t<td>27<\/td><td>28<\/td><td>29<\/td><td>30<\/td>\n\t\t<td class=\"pad\" colspan=\"3\">&nbsp;<\/td>\n\t<\/tr>\n\t<\/tbody>\n\t<\/table><nav aria-label=\"Edelliset ja seuraavat kuukaudet\" class=\"wp-calendar-nav\">\n\t\t<span class=\"wp-calendar-nav-prev\"><a href=\"http:\/\/www.lmkk.org\/?m=202603\">&laquo; maalis<\/a><\/span>\n\t\t<span class=\"pad\">&nbsp;<\/span>\n\t\t<span class=\"wp-calendar-nav-next\">&nbsp;<\/span>\n\t<\/nav><\/div><\/div>\n<\/div>\n\n\n\n<h3 class=\"wp-block-heading\"><strong>15.-7.5.2026 LUT harjoitukset, kokeet ja koetoimitsijakurssi Tervolassa<\/strong><\/h3>\n\n\n\n<p>LUT \u2013 Luolakoirien taipumuskoe<\/p>\n\n\n\n<p>Lauantaina 16.5.2026 klo 9:00 alkaen ja<\/p>\n\n\n\n<p>Sunnuntaina 17.5.2026 klo 9:00 alkaen<\/p>\n\n\n\n<p>Kokeeseen voivat osallistua: Kaikki 15 kuukautta t\u00e4ytt\u00e4neet luolakoirarotuihin kuuluvat koirat, roduissa joille LUT kollegion esityksest\u00e4 Kennelliitto on my\u00f6nt\u00e4nyt osallistumisoikeuden.<\/p>\n\n\n\n<p>Lis\u00e4ksi osallistuvien koirien on t\u00e4ytett\u00e4v\u00e4 Kennelliiton rekister\u00f6inti-, tunnistusmerkint\u00e4- ja rokotusvaatimukset.<\/p>\n\n\n\n<p>Kokeeseen osallistuvalta ei vaadita n\u00e4yttelytulosta, esim. kivesvikainen uros saa osallistua.<\/p>\n\n\n\n<p>Kiimassa olevat nartut saavat osallistua kokeeseen viimeisen\u00e4, muiden koirien suoritusten j\u00e4lkeen. Ne eiv\u00e4t saa liikkua koealueella tai sen l\u00e4heisyydess\u00e4 ennen omaa kokeiluvuoroaan.<\/p>\n\n\n\n<p>Kokeeseen ilmoittaudutaan 20.4.-10.5.2026 Kennelliiton tapahtumakalenterista olevan ohjeen mukaan. Koe j\u00e4rjestet\u00e4\u00e4n lauantaina ja sunnuntaina klo 9:00 alkaen, s\u00e4\u00e4olosuhteet huomioon ottaen(l\u00e4mp\u00f6tila). Paikka ja tarkempi aika ilmoitetaan osallistujille erillisess\u00e4 kutsussa. Koemaksu 60 \u20ac.<\/p>\n\n\n\n<p>LUT &#8211; Harjoitukset<\/p>\n\n\n\n<p>Perjantaina 15.5.2026 klo 18:00 alkaen<\/p>\n\n\n\n<p>Lauantaina 16.5.2026 kokeen j\u00e4lkeen<\/p>\n\n\n\n<p>Harjoitukseen voivat osallistua vain luolakoirarotuihin kuuluvat koirat, joita k\u00e4ytet\u00e4\u00e4n tai tullaan k\u00e4ytt\u00e4m\u00e4\u00e4n kokeissa ja mets\u00e4styksess\u00e4.<\/p>\n\n\n\n<p>Harjoitteluun osallistuvilla koirailla on t\u00e4ytett\u00e4v\u00e4 Kennelliiton rekister\u00f6inti-, tunnistusmerkint\u00e4- ja rokotusvaatimukset.Harjoituksiin voi osallistua koira, joka on t\u00e4ytt\u00e4nyt 9 kk.<\/p>\n\n\n\n<p>Harjoituksessa kettu on kiinte\u00e4sti pes\u00e4ss\u00e4, kuten kokeessakin. Kettua ei siis juoksuteta luolastossa.<\/p>\n\n\n\n<p>Harjoitukset j\u00e4rjestet\u00e4\u00e4n perjantaina ja lauantaina. Paikka ja tarkempi aikataulu ilmoitetaan osallistujille erillisess\u00e4 kutsussa. Harjoituksen hinta on 20 \u20ac\/koira.<\/p>\n\n\n\n<p>Harjoitukseen ilmoittaudutaan 20.4.-10.5.2026 s\u00e4hk\u00f6postilla osoitteeseen lmkk.sihteeri@gmail.com<\/p>\n\n\n\n<p>Ilmoittautumiseen tulee laittaa osallistuvan koiran tiedot (rotu ja rekisterinumero) sek\u00e4 omistajan\/ohjaajan nimi ja yhteystiedot. Mainitse my\u00f6s osallistutko harjoitukseen perjantaina vai lauantaina vai molempina p\u00e4ivin\u00e4. J\u00e4rjest\u00e4j\u00e4 varaa oikeuden rajoittaa osallistujam\u00e4\u00e4r\u00e4\u00e4 tarvittaessa<\/p>\n\n\n\n<p>LUT \u2013 Koetoimitsijakurssi<\/p>\n\n\n\n<p>Sunnuntaina 17.5.2026<\/p>\n\n\n\n<p>Ilmoittautuminen kennelliiton tapahtumakalenterin ohjeiden mukaan 15.4-10.5.2026.Tarkempi aikataulu ilmoitetaan kurssille hyv\u00e4ksytyille henkil\u00f6ille.<\/p>\n\n\n\n<p>Kurssille hakijalta edellytet\u00e4\u00e4n:<\/p>\n\n\n\n<p>-Koetoimitsijan peruskurssi k\u00e4ytyn\u00e4<\/p>\n\n\n\n<p>-Kennelliiton j\u00e4sen<\/p>\n\n\n\n<p>-Kennelliiton j\u00e4senyhdistyksen suositus<\/p>\n\n\n\n<p>-18. vuotias<\/p>\n\n\n\n<p>-Koulutukseen osallistuvalla tulee olla riitt\u00e4v\u00e4 lajituntemus<\/p>\n\n\n\n<p>Kurssille voi osallistua aikaisemmin kouluttautuneet koetoimitsijat p\u00e4ivitt\u00e4\u00e4kseen osaamisen uusiin s\u00e4\u00e4nt\u00f6ihin<\/p>\n\n\n\n<h3 class=\"wp-block-heading\"><strong>24.5.2026 MEJ\u00c4-koe Tervolassa<\/strong><\/h3>\n\n\n\n<h3 class=\"wp-block-heading\"><strong>7.6.2026 MEJ\u00c4-koe Rovaniemell\u00e4<\/strong><\/h3>\n\n\n\n<h3 class=\"wp-block-heading\"><strong>15.7.2026 MEJ\u00c4-koe Rovaniemell\u00e4, iltakoe<\/strong><\/h3>\n\n\n\n<h3 class=\"wp-block-heading\"><strong>26.7.2026 MEJ\u00c4-koe Posiolla, kerhonmestaruuskoe<\/strong><\/h3>\n\n\n\n<h3 class=\"wp-block-heading\"><strong>2.8.2026 MEJ\u00c4-koe Rovaniemell\u00e4<\/strong><\/h3>\n\n\n\n<h3 class=\"wp-block-heading\"><strong>28.-29.8.2026 M\u00c4AJ Palkintotuomarin peruskurssi Ylitorniolla<\/strong><\/h3>\n\n\n\n<h3 class=\"wp-block-heading\"><span style=\"color: #ff9900;\">Menneet tap<\/span><span style=\"color: #ff9900;\">ahtumat<\/span><\/h3>\n\n\n\n<p><a href=\"http:\/\/www.lmkk.org\/?page_id=724\">Vuosi 2021<\/a><\/p>\n\n\n\n<p><a href=\"http:\/\/www.lmkk.org\/?page_id=2211\" target=\"_blank\" rel=\"noopener\">Vuosi 2020<\/a><\/p>\n\n\n\n<p><a href=\"http:\/\/www.lmkk.org\/?page_id=2206\" target=\"_blank\" rel=\"noopener\">Vuosi 2019<\/a><\/p>\n\n\n\n<p><a href=\"http:\/\/www.lmkk.org\/wp-content\/uploads\/2019\/08\/Menneet-tapahtumat-Vuosi-2018.pdf\" target=\"_blank\" rel=\"noopener\">Vuosi 2018<\/a><\/p>\n\n\n\n<p><a href=\"http:\/\/www.lmkk.org\/?page_id=911\" data-type=\"page\" data-id=\"911\">Vuosi 2017<\/a><\/p>\n\n\n\n<p><a href=\"http:\/\/www.lmkk.org\/?page_id=870\" data-type=\"page\" data-id=\"870\">Vuosi 2016<\/a><\/p>\n\n\n\n<p><a href=\"http:\/\/www.lmkk.org\/?page_id=15\">Vuosi 2015<\/a><\/p>\n\n\n\n<p><\/p>\n\n\n\n<hr class=\"wp-block-separator has-css-opacity\"\/>\n\n\n\n<p><\/p>\n","protected":false},"excerpt":{"rendered":"<p>Tapahtumat 2026 15.-7.5.2026 LUT harjoitukset, kokeet ja koetoimitsijakurssi Tervolassa LUT \u2013 Luolakoirien taipumuskoe Lauantaina 16.5.2026 klo 9:00 alkaen ja Sunnuntaina 17.5.2026 klo 9:00 alkaen Kokeeseen voivat osallistua: Kaikki 15 kuukautta t\u00e4ytt\u00e4neet luolakoirarotuihin kuuluvat koirat, roduissa joille LUT kollegion esityksest\u00e4 Kennelliitto on my\u00f6nt\u00e4nyt osallistumisoikeuden. Lis\u00e4ksi osallistuvien koirien on t\u00e4ytett\u00e4v\u00e4 Kennelliiton rekister\u00f6inti-, tunnistusmerkint\u00e4- ja rokotusvaatimukset. Kokeeseen osallistuvalta &hellip; <\/p>\n<p class=\"link-more\"><a href=\"http:\/\/www.lmkk.org\/?page_id=2383\" class=\"more-link\">Jatka lukemista<span class=\"screen-reader-text\"> &#8221;Tapahtumakalenteri&#8221;<\/span><\/a><\/p>\n","protected":false},"author":1,"featured_media":0,"parent":0,"menu_order":0,"comment_status":"closed","ping_status":"closed","template":"","meta":{"footnotes":""},"class_list":["post-2383","page","type-page","status-publish","hentry"],"_links":{"self":[{"href":"http:\/\/www.lmkk.org\/index.php?rest_route=\/wp\/v2\/pages\/2383","targetHints":{"allow":["GET"]}}],"collection":[{"href":"http:\/\/www.lmkk.org\/index.php?rest_route=\/wp\/v2\/pages"}],"about":[{"href":"http:\/\/www.lmkk.org\/index.php?rest_route=\/wp\/v2\/types\/page"}],"author":[{"embeddable":true,"href":"http:\/\/www.lmkk.org\/index.php?rest_route=\/wp\/v2\/users\/1"}],"replies":[{"embeddable":true,"href":"http:\/\/www.lmkk.org\/index.php?rest_route=%2Fwp%2Fv2%2Fcomments&post=2383"}],"version-history":[{"count":12,"href":"http:\/\/www.lmkk.org\/index.php?rest_route=\/wp\/v2\/pages\/2383\/revisions"}],"predecessor-version":[{"id":2404,"href":"http:\/\/www.lmkk.org\/index.php?rest_route=\/wp\/v2\/pages\/2383\/revisions\/2404"}],"wp:attachment":[{"href":"http:\/\/www.lmkk.org\/index.php?rest_route=%2Fwp%2Fv2%2Fmedia&parent=2383"}],"curies":[{"name":"wp","href":"https:\/\/api.w.org\/{rel}","templated":true}]}}