{"id":242,"date":"2015-03-06T00:39:03","date_gmt":"2015-03-06T00:39:03","guid":{"rendered":"http:\/\/www.lmkk.org\/?page_id=242"},"modified":"2020-03-05T16:46:12","modified_gmt":"2020-03-05T16:46:12","slug":"logotuotteet","status":"publish","type":"page","link":"http:\/\/www.lmkk.org\/?page_id=242","title":{"rendered":"Logotuotteet"},"content":{"rendered":"<hr \/>\n<p><strong>Tilausohjeet<\/strong><br \/>\nTilauksia voi l\u00e4hett\u00e4\u00e4\u00a0osoitteeseen lmkk.sihteeri@gmail.com.<br \/>\nKirjoita viestiin seuraavat asiat:<br \/>\n&#8211; Tuotteen\/tuotteiden tiedot (nimi, koko, v\u00e4ri)<br \/>\n&#8211; Tilauksesi yhteissumma<br \/>\n&#8211; Yhteystiedot (nimi, osoite, puhelinnumero)<\/p>\n<p>Saat vahvistusviestiss\u00e4 tilauksen maksutiedot.<\/p>\n<p>Tuotteet noudetaan Rovaniemelt\u00e4 tai sovittaessa esim. kerhon j\u00e4rjest\u00e4mist\u00e4 tapahtumista.<\/p>\n<h3><strong>\u00a0<\/strong><\/h3>\n","protected":false},"excerpt":{"rendered":"<p>Tilausohjeet Tilauksia voi l\u00e4hett\u00e4\u00e4\u00a0osoitteeseen lmkk.sihteeri@gmail.com. Kirjoita viestiin seuraavat asiat: &#8211; Tuotteen\/tuotteiden tiedot (nimi, koko, v\u00e4ri) &#8211; Tilauksesi yhteissumma &#8211; Yhteystiedot (nimi, osoite, puhelinnumero) Saat vahvistusviestiss\u00e4 tilauksen maksutiedot. Tuotteet noudetaan Rovaniemelt\u00e4 tai sovittaessa esim. kerhon j\u00e4rjest\u00e4mist\u00e4 tapahtumista. \u00a0<\/p>\n","protected":false},"author":1,"featured_media":0,"parent":0,"menu_order":0,"comment_status":"closed","ping_status":"closed","template":"","meta":{"footnotes":""},"class_list":["post-242","page","type-page","status-publish","hentry"],"_links":{"self":[{"href":"http:\/\/www.lmkk.org\/index.php?rest_route=\/wp\/v2\/pages\/242","targetHints":{"allow":["GET"]}}],"collection":[{"href":"http:\/\/www.lmkk.org\/index.php?rest_route=\/wp\/v2\/pages"}],"about":[{"href":"http:\/\/www.lmkk.org\/index.php?rest_route=\/wp\/v2\/types\/page"}],"author":[{"embeddable":true,"href":"http:\/\/www.lmkk.org\/index.php?rest_route=\/wp\/v2\/users\/1"}],"replies":[{"embeddable":true,"href":"http:\/\/www.lmkk.org\/index.php?rest_route=%2Fwp%2Fv2%2Fcomments&post=242"}],"version-history":[{"count":36,"href":"http:\/\/www.lmkk.org\/index.php?rest_route=\/wp\/v2\/pages\/242\/revisions"}],"predecessor-version":[{"id":2314,"href":"http:\/\/www.lmkk.org\/index.php?rest_route=\/wp\/v2\/pages\/242\/revisions\/2314"}],"wp:attachment":[{"href":"http:\/\/www.lmkk.org\/index.php?rest_route=%2Fwp%2Fv2%2Fmedia&parent=242"}],"curies":[{"name":"wp","href":"https:\/\/api.w.org\/{rel}","templated":true}]}}