{"id":34,"date":"2014-05-05T14:28:09","date_gmt":"2014-05-05T14:28:09","guid":{"rendered":"http:\/\/www.lmkk.org\/?page_id=34"},"modified":"2022-01-21T15:42:14","modified_gmt":"2022-01-21T15:42:14","slug":"kasvattajat","status":"publish","type":"page","link":"http:\/\/www.lmkk.org\/?page_id=34","title":{"rendered":"Kasvattajat"},"content":{"rendered":"<hr>\n<h3>Joutilaan kennel<\/h3>\n<p>karkeakarvaisia m\u00e4yr\u00e4koiria<br \/>\nYlitornio<br \/>\nNina Airiainen 050&nbsp;4130 449<br \/>\nKari Airiainen&nbsp;050 4912 089<br \/>\n<a href=\"http:\/\/joutilaankennel.com\">www.joutilaankennel.com<\/a><br \/>\nFacebookissa <a href=\"https:\/\/www.facebook.com\/joutilaankennel\/\">Joutilaan kennel<\/a><\/p>\n<h3>Evening&#8217;s kennel<\/h3>\n<p>karkeakarvaisia m\u00e4yr\u00e4koiria<br \/>\nRovaniemi<br \/>\nJohanna Isaksson 040 5962 271<br \/>\n<a href=\"mailto:johanna.isaksson@luukku.com\">johanna.isaksson@luukku.com<\/a><br \/>\n<a href=\"http:\/\/www.eveningskennel.com\" target=\"_blank\" rel=\"noopener noreferrer\" data-saferedirecturl=\"https:\/\/www.google.com\/url?hl=fi&amp;q=http:\/\/www.eveningskennel.com&amp;source=gmail&amp;ust=1503316148694000&amp;usg=AFQjCNGTc_7wgLjm_t1RNuy2N0cSBlQI8A\">www.eveningskennel.com<\/a><\/p>\n<h3>Chiking kennel<\/h3>\n<p>pitk\u00e4karvaisia m\u00e4yr\u00e4koiria<br \/>\nTornio<br \/>\nKatja Luttinen 045 1279 190<br \/>\n<a href=\"mailto:luttinenkatja@gmail.com\">luttinenkatja@gmail.com<\/a><br \/>\n<a href=\"https:\/\/chiking-kennel.webnode.fi\/\">https:\/\/chiking-kennel.webnode.fi<\/a><\/p>\n<h3>Salamantelin kennel<\/h3>\n<p>pitk\u00e4karvaisia m\u00e4yr\u00e4koiria<br \/>\nTornio<br \/>\nKatja Miettunen 040 7063438<br \/>\n<a href=\"mailto:miettunen.katja@gmail.com\">miettunen.katja@gmail.com<\/a><br \/>\n<a href=\"https:\/\/www.facebook.com\/kennelSalamantelin\">https:\/\/www.facebook.com\/kennelSalamantelin<\/a><\/p>\n","protected":false},"excerpt":{"rendered":"<p>Joutilaan kennel karkeakarvaisia m\u00e4yr\u00e4koiria Ylitornio Nina Airiainen 050&nbsp;4130 449 Kari Airiainen&nbsp;050 4912 089 www.joutilaankennel.com Facebookissa Joutilaan kennel Evening&#8217;s kennel karkeakarvaisia m\u00e4yr\u00e4koiria Rovaniemi Johanna Isaksson 040 5962 271 johanna.isaksson@luukku.com www.eveningskennel.com Chiking kennel pitk\u00e4karvaisia m\u00e4yr\u00e4koiria Tornio Katja Luttinen 045 1279 190 luttinenkatja@gmail.com https:\/\/chiking-kennel.webnode.fi Salamantelin kennel pitk\u00e4karvaisia m\u00e4yr\u00e4koiria Tornio Katja Miettunen 040 7063438 miettunen.katja@gmail.com https:\/\/www.facebook.com\/kennelSalamantelin<\/p>\n","protected":false},"author":1,"featured_media":0,"parent":0,"menu_order":0,"comment_status":"closed","ping_status":"closed","template":"","meta":{"footnotes":""},"class_list":["post-34","page","type-page","status-publish","hentry"],"_links":{"self":[{"href":"http:\/\/www.lmkk.org\/index.php?rest_route=\/wp\/v2\/pages\/34","targetHints":{"allow":["GET"]}}],"collection":[{"href":"http:\/\/www.lmkk.org\/index.php?rest_route=\/wp\/v2\/pages"}],"about":[{"href":"http:\/\/www.lmkk.org\/index.php?rest_route=\/wp\/v2\/types\/page"}],"author":[{"embeddable":true,"href":"http:\/\/www.lmkk.org\/index.php?rest_route=\/wp\/v2\/users\/1"}],"replies":[{"embeddable":true,"href":"http:\/\/www.lmkk.org\/index.php?rest_route=%2Fwp%2Fv2%2Fcomments&post=34"}],"version-history":[{"count":8,"href":"http:\/\/www.lmkk.org\/index.php?rest_route=\/wp\/v2\/pages\/34\/revisions"}],"predecessor-version":[{"id":2298,"href":"http:\/\/www.lmkk.org\/index.php?rest_route=\/wp\/v2\/pages\/34\/revisions\/2298"}],"wp:attachment":[{"href":"http:\/\/www.lmkk.org\/index.php?rest_route=%2Fwp%2Fv2%2Fmedia&parent=34"}],"curies":[{"name":"wp","href":"https:\/\/api.w.org\/{rel}","templated":true}]}}