{"id":37,"date":"2014-05-05T15:29:47","date_gmt":"2014-05-05T15:29:47","guid":{"rendered":"http:\/\/www.lmkk.org\/?page_id=37"},"modified":"2022-02-14T14:02:11","modified_gmt":"2022-02-14T14:02:11","slug":"pentueet-kotia-etsivat","status":"publish","type":"page","link":"http:\/\/www.lmkk.org\/?page_id=37","title":{"rendered":"Pentueet &#038; kotia etsiv\u00e4t"},"content":{"rendered":"<h3 style=\"text-align: center;\"><span style=\"color: #ff9900;\">PENTUEET<\/span><\/h3>\n<p style=\"text-align: center;\">Yhdistyksen j\u00e4senet voivat ilmoittaa odotettavissa olevista ja syntyneist\u00e4 m\u00e4yr\u00e4koirapentueista.<\/p>\n<p>&#8211; Vanhempien tulee olla rekister\u00f6ityj\u00e4 ja pentueiden rekister\u00f6intikelpoisia<br \/>&#8211; Ilmoittaja vastaa pentueiden tietojen oikeellisuudesta ja ajantasaisuudesta<br \/>&#8211; Ilmoitus on sivuilla 8 viikkoa syntym\u00e4st\u00e4 alkaen, mik\u00e4li kasvattaja ei halua poistaa ilmoitusta aikaisemmin<\/p>\n<table class=\" aligncenter\" border=\"0\" width=\"670\" cellpadding=\"5\">\n<tbody>\n<tr>\n<td width=\"70\">\u00a0<\/td>\n<td style=\"border-bottom: 1px solid #000000;\" valign=\"top\" width=\"300\"><span style=\"color: #ff9900;\"><strong>SYNTYNEET<\/strong><\/span><\/td>\n<td style=\"border-bottom: 1px solid #000000;\" valign=\"top\" width=\"300\"><span style=\"color: #ff9900;\"><strong>ODOTETTAVISSA<\/strong><\/span><\/td>\n<\/tr>\n<tr>\n<td width=\"70\">\u00a0<\/td>\n<td valign=\"top\" width=\"300\">\u00a0<\/td>\n<td valign=\"top\" width=\"300\"><hr style=\"font-size: 1rem;\" \/><\/td>\n<\/tr>\n<\/tbody>\n<\/table>\n<h3 style=\"text-align: center;\"><span style=\"color: #ff9900;\">KOTIA ETSIV\u00c4T<br \/><\/span><\/h3>\n<p style=\"text-align: center;\">\u00a0<\/p>\n\n\n<p><\/p>\n","protected":false},"excerpt":{"rendered":"<p>PENTUEET Yhdistyksen j\u00e4senet voivat ilmoittaa odotettavissa olevista ja syntyneist\u00e4 m\u00e4yr\u00e4koirapentueista. &#8211; Vanhempien tulee olla rekister\u00f6ityj\u00e4 ja pentueiden rekister\u00f6intikelpoisia&#8211; Ilmoittaja vastaa pentueiden tietojen oikeellisuudesta ja ajantasaisuudesta&#8211; Ilmoitus on sivuilla 8 viikkoa syntym\u00e4st\u00e4 alkaen, mik\u00e4li kasvattaja ei halua poistaa ilmoitusta aikaisemmin \u00a0 SYNTYNEET ODOTETTAVISSA \u00a0 \u00a0 KOTIA ETSIV\u00c4T \u00a0<\/p>\n","protected":false},"author":1,"featured_media":0,"parent":0,"menu_order":0,"comment_status":"closed","ping_status":"closed","template":"","meta":{"footnotes":""},"class_list":["post-37","page","type-page","status-publish","hentry"],"_links":{"self":[{"href":"http:\/\/www.lmkk.org\/index.php?rest_route=\/wp\/v2\/pages\/37","targetHints":{"allow":["GET"]}}],"collection":[{"href":"http:\/\/www.lmkk.org\/index.php?rest_route=\/wp\/v2\/pages"}],"about":[{"href":"http:\/\/www.lmkk.org\/index.php?rest_route=\/wp\/v2\/types\/page"}],"author":[{"embeddable":true,"href":"http:\/\/www.lmkk.org\/index.php?rest_route=\/wp\/v2\/users\/1"}],"replies":[{"embeddable":true,"href":"http:\/\/www.lmkk.org\/index.php?rest_route=%2Fwp%2Fv2%2Fcomments&post=37"}],"version-history":[{"count":71,"href":"http:\/\/www.lmkk.org\/index.php?rest_route=\/wp\/v2\/pages\/37\/revisions"}],"predecessor-version":[{"id":2307,"href":"http:\/\/www.lmkk.org\/index.php?rest_route=\/wp\/v2\/pages\/37\/revisions\/2307"}],"wp:attachment":[{"href":"http:\/\/www.lmkk.org\/index.php?rest_route=%2Fwp%2Fv2%2Fmedia&parent=37"}],"curies":[{"name":"wp","href":"https:\/\/api.w.org\/{rel}","templated":true}]}}