{"id":4,"date":"2014-04-27T20:27:55","date_gmt":"2014-04-27T20:27:55","guid":{"rendered":"http:\/\/www.lmkk.org\/?page_id=4"},"modified":"2026-04-02T18:18:55","modified_gmt":"2026-04-02T18:18:55","slug":"yhdistys","status":"publish","type":"page","link":"http:\/\/www.lmkk.org\/?page_id=4","title":{"rendered":"Hallitus 2026"},"content":{"rendered":"<table class=\" aligncenter\" style=\"height: 1310px;\" border=\"0\" width=\"672\" rules=\"rows\" cellpadding=\"5\">\n<tbody>\n<tr>\n<td valign=\"top\" width=\"200\">Puheenjohtaja<br \/>(kausi 2026)<\/td>\n<td valign=\"top\" width=\"160\"><strong>Jouko Lepp\u00e4nen<\/strong><\/td>\n<td style=\"text-align: left;\" valign=\"top\" width=\"180\">Puh. 040 6793666<br \/>lmkk.puheenjohtaja@gmail.com<\/td>\n<\/tr>\n<tr>\n<td valign=\"top\" width=\"200\">Varapuheenjohtaja<br \/>(kausi 2025-2026)<\/td>\n<td valign=\"top\" width=\"160\"><strong>Marika Ahola<\/strong><\/td>\n<td valign=\"top\" width=\"180\">\u00a0<\/td>\n<\/tr>\n<tr>\n<td valign=\"top\" width=\"200\">\n<p>Sihteeri<br \/>(kausi 2025-2026)<\/p>\n<p>J\u00e4sensihteeri<br \/>(kausi 2025-2026)<\/p>\n<\/td>\n<td valign=\"top\" width=\"160\"><strong>Susanna Kaarlej\u00e4rvi<\/strong><\/td>\n<td style=\"text-align: left;\" valign=\"top\" width=\"180\">\n<p>lmkk.sihteeri@gmail.com<\/p>\n<p>lmkk.jasensihteeri@gmail.com<\/p>\n<p>&nbsp;<\/p>\n<\/td>\n<\/tr>\n<tr>\n<td valign=\"top\" width=\"200\">\n<p>Rahastonhoitaja (kausi 2025-2026)<\/p>\n<\/td>\n<td valign=\"top\" width=\"160\"><b>Niina Lepp\u00e4nen<\/b><\/td>\n<td valign=\"top\" width=\"180\">\n<p>lmkk.rahastonhoitaja@gmail.com<\/p>\n<\/td>\n<\/tr>\n<tr>\n<td valign=\"top\" width=\"200\">J\u00e4sen \/ tiedotus<br \/>(kausi 2025-2026)<\/td>\n<td valign=\"top\" width=\"160\"><strong>Wilma Soudunsaari<\/strong><\/td>\n<td valign=\"top\" width=\"180\">\u00a0<\/td>\n<\/tr>\n<tr>\n<td valign=\"top\" width=\"200\">J\u00e4sen<br \/>(kausi 2024-25)<\/td>\n<td valign=\"top\" width=\"160\"><strong>Roope Ronkainen<\/strong><\/td>\n<td valign=\"top\" width=\"180\">\u00a0<\/td>\n<\/tr>\n<tr>\n<td valign=\"top\" width=\"200\">J\u00e4sen<br \/>(kausi 2025-2026)<\/td>\n<td valign=\"top\" width=\"160\"><strong>Johanna Isaksson<\/strong><\/td>\n<td valign=\"top\" width=\"180\">\u00a0<\/td>\n<\/tr>\n<tr>\n<td valign=\"top\" width=\"200\">Varaj\u00e4sen<br \/>(kausi 2026)<\/td>\n<td valign=\"top\" width=\"160\"><strong>Kari Airiainen<\/strong><\/td>\n<td valign=\"top\" width=\"180\">\u00a0<\/td>\n<\/tr>\n<tr>\n<td valign=\"top\" width=\"200\">Varaj\u00e4sen<br \/>(kausi 2026)<\/td>\n<td valign=\"top\" width=\"160\"><strong>Janne Poikaj\u00e4rvi<\/strong><\/td>\n<td valign=\"top\" width=\"180\">\u00a0<\/td>\n<\/tr>\n<\/tbody>\n<\/table>\n\n\n<p><\/p>\n","protected":false},"excerpt":{"rendered":"<p>Puheenjohtaja(kausi 2026) Jouko Lepp\u00e4nen Puh. 040 6793666lmkk.puheenjohtaja@gmail.com Varapuheenjohtaja(kausi 2025-2026) Marika Ahola \u00a0 Sihteeri(kausi 2025-2026) J\u00e4sensihteeri(kausi 2025-2026) Susanna Kaarlej\u00e4rvi lmkk.sihteeri@gmail.com lmkk.jasensihteeri@gmail.com &nbsp; Rahastonhoitaja (kausi 2025-2026) Niina Lepp\u00e4nen lmkk.rahastonhoitaja@gmail.com J\u00e4sen \/ tiedotus(kausi 2025-2026) Wilma Soudunsaari \u00a0 J\u00e4sen(kausi 2024-25) Roope Ronkainen \u00a0 J\u00e4sen(kausi 2025-2026) Johanna Isaksson \u00a0 Varaj\u00e4sen(kausi 2026) Kari Airiainen \u00a0 Varaj\u00e4sen(kausi 2026) Janne Poikaj\u00e4rvi \u00a0<\/p>\n","protected":false},"author":1,"featured_media":0,"parent":0,"menu_order":0,"comment_status":"closed","ping_status":"closed","template":"","meta":{"footnotes":""},"class_list":["post-4","page","type-page","status-publish","hentry"],"_links":{"self":[{"href":"http:\/\/www.lmkk.org\/index.php?rest_route=\/wp\/v2\/pages\/4","targetHints":{"allow":["GET"]}}],"collection":[{"href":"http:\/\/www.lmkk.org\/index.php?rest_route=\/wp\/v2\/pages"}],"about":[{"href":"http:\/\/www.lmkk.org\/index.php?rest_route=\/wp\/v2\/types\/page"}],"author":[{"embeddable":true,"href":"http:\/\/www.lmkk.org\/index.php?rest_route=\/wp\/v2\/users\/1"}],"replies":[{"embeddable":true,"href":"http:\/\/www.lmkk.org\/index.php?rest_route=%2Fwp%2Fv2%2Fcomments&post=4"}],"version-history":[{"count":54,"href":"http:\/\/www.lmkk.org\/index.php?rest_route=\/wp\/v2\/pages\/4\/revisions"}],"predecessor-version":[{"id":2378,"href":"http:\/\/www.lmkk.org\/index.php?rest_route=\/wp\/v2\/pages\/4\/revisions\/2378"}],"wp:attachment":[{"href":"http:\/\/www.lmkk.org\/index.php?rest_route=%2Fwp%2Fv2%2Fmedia&parent=4"}],"curies":[{"name":"wp","href":"https:\/\/api.w.org\/{rel}","templated":true}]}}