{"id":40,"date":"2014-05-05T15:31:07","date_gmt":"2014-05-05T15:31:07","guid":{"rendered":"http:\/\/www.lmkk.org\/?page_id=40"},"modified":"2016-02-17T16:41:32","modified_gmt":"2016-02-17T16:41:32","slug":"saannot","status":"publish","type":"page","link":"http:\/\/www.lmkk.org\/?page_id=40","title":{"rendered":"S\u00e4\u00e4nn\u00f6t"},"content":{"rendered":"<hr \/>\n<h3><\/h3>\n<h3><span style=\"color: #ff9900;\">Yhdistyksen s\u00e4\u00e4nn\u00f6t<\/span><\/h3>\n<p>&nbsp;<\/p>\n<p>I LUKU<\/p>\n<p>TARKOITUS JA TOIMINTA<\/p>\n<p>&nbsp;<\/p>\n<p>1. Nimi ja kotipaikka<\/p>\n<p>Yhdistyksen nimi on Lapin M\u00e4yr\u00e4koirakerho ry.<\/p>\n<p>Yhdistys on Suomen M\u00e4yr\u00e4koiraliitto SML &#8211; Finska Taxklubben FTK ry:n j\u00e4sen.<\/p>\n<p>N\u00e4iss\u00e4 s\u00e4\u00e4nn\u00f6iss\u00e4 yhdistyksest\u00e4 k\u00e4ytet\u00e4\u00e4n nimityst\u00e4 kerho ja Suomen M\u00e4yr\u00e4koiraliitto SML -Finska Taxklubben FTK ry:st\u00e4 nimityst\u00e4 liitto.<\/p>\n<p>Yhdistyksen kotipaikka on Rovaniemi ja sen toiminta-alueena Suomen M\u00e4yr\u00e4koiraliitto &#8211; Finska Taxklubben ry:n hallituksen m\u00e4\u00e4r\u00e4\u00e4m\u00e4 alue.<\/p>\n<p>&nbsp;<\/p>\n<p>2. Tarkoitus ja toiminnan laatu<\/p>\n<p>Kerhon tarkoituksena on vaalia sek\u00e4 m\u00e4yr\u00e4koirien rotum\u00e4\u00e4ritelm\u00e4n mukaisia ominaisuuksia ett\u00e4 kehitt\u00e4\u00e4 niiden mets\u00e4stysominaisuuksia edist\u00e4m\u00e4ll\u00e4 ja tukemalla m\u00e4yr\u00e4koirien jalostusta.<\/p>\n<p>Tarkoituksensa toteuttamiseksi kerho:<\/p>\n<p>\u2013 j\u00e4rjest\u00e4\u00e4 n\u00e4yttelyit\u00e4 ja erilaisia mets\u00e4styskokeita<\/p>\n<p>\u2013 harjoittaa valistustoimintaa j\u00e4rjest\u00e4m\u00e4ll\u00e4 esitelm\u00e4-, keskustelu- ja koulutustilaisuuksia sek\u00e4 kursseja<\/p>\n<p>\u2013 julkaisee j\u00e4senlehte\u00e4 ja tiedotteita<\/p>\n<p>\u2013 voi kuulua j\u00e4senyhdistyksen\u00e4 Suomen Kennelliitto &#8211; Finska Kennelklubben ry:een ja sen piiriin<\/p>\n<p>\u2013 harjoittaa yhteisty\u00f6t\u00e4 Suomen M\u00e4yr\u00e4koiraliitto SML &#8211; Finska Taxklubben FTK ry:n, Suomen<\/p>\n<p>Kennelliitto &#8211; Finska Kennelklubben ry:n, sen piirin, muiden rotuyhdistysten ja muiden yhdistysten kanssa, joiden kanssa yhteisty\u00f6 edist\u00e4\u00e4 kerhon tarkoituksen toteutumista &#8211; pyrkii muilla samantapaisilla keinoilla saavuttamaan tavoitteensa.<\/p>\n<p>Toimintansa tukemiseksi kerho voi ottaa vastaan lahjoituksia ja testamentteja ja omistaa toimintaansa varten tarpeellista kiinte\u00e4t\u00e4 ja irtainta omaisuutta, j\u00e4rjest\u00e4\u00e4 asianomaisella luvalla arpajaisia ja rahanker\u00e4yksi\u00e4.<\/p>\n<p>&nbsp;<\/p>\n<p>II LUKU<\/p>\n<p>J\u00c4SENET<\/p>\n<p>&nbsp;<\/p>\n<p>3. J\u00e4senlajit<\/p>\n<p>Kerhon j\u00e4senet ovat varsinaisia j\u00e4seni\u00e4 ja kunniaj\u00e4seni\u00e4.<\/p>\n<p>Varsinaiseksi j\u00e4seneksi hallitus voi hyv\u00e4ksy\u00e4 henkil\u00f6n, joka haluaa edist\u00e4\u00e4 kerhon p\u00e4\u00e4m\u00e4\u00e4ri\u00e4. Varsinaiset j\u00e4senet suorittavat vuosikokouksen m\u00e4\u00e4r\u00e4\u00e4m\u00e4n j\u00e4senmaksun.<\/p>\n<p>Kunniaj\u00e4seneksi kerhon kokous voi hallituksen esityksest\u00e4 hyv\u00e4ksy\u00e4 henkil\u00f6n, joka on ansiokkaasti ja tuloksellisesti tukenut kerhon tarkoituksen toteutumista. Kunniaj\u00e4sen ei maksa kerholle j\u00e4senmaksua.<\/p>\n<p>&nbsp;<\/p>\n<p>4. J\u00e4senen eroaminen<\/p>\n<p>J\u00e4sen voi erota kerhosta ilmoittamalla siit\u00e4 kirjallisesti hallitukselle tai sen puheenjohtajalle tai ilmoittamalla eroamisesta yhdistyksen kokouksessa p\u00f6yt\u00e4kirjaan merkitt\u00e4v\u00e4ksi.<\/p>\n<p>&nbsp;<\/p>\n<p>5. J\u00e4senen erottaminen<\/p>\n<p>Hallitus voi erottaa j\u00e4senen, joka<\/p>\n<p>\u2013 ei ole maksanut j\u00e4senmaksuaan m\u00e4\u00e4r\u00e4aikana<\/p>\n<p>\u2013 toimii vastoin kerhon s\u00e4\u00e4nt\u00f6j\u00e4 tai tarkoitusperi\u00e4<\/p>\n<p>\u2013 toiminnallaan kerhossa tai sen ulkopuolella huomattavasti vahingoittaa kerhoa<\/p>\n<p>\u2013 saamastaan varoituksesta huolimatta jatkaa ep\u00e4eettist\u00e4 toimintaa koirien kasvattajana.<\/p>\n<p>Mik\u00e4li erottamisen syyn\u00e4 on jokin muu kuin j\u00e4senmaksun laiminly\u00f6nti, j\u00e4senelle on varattava tilaisuus antaa selvitys asiasta ennen erottamisp\u00e4\u00e4t\u00f6ksen tekemist\u00e4.<\/p>\n<p>Mik\u00e4li erottamisen syyn\u00e4 on jokin muu kuin j\u00e4senmaksun laiminly\u00f6nti, j\u00e4sen voi vedota erottamisestaan kerhon kokoukseen j\u00e4tt\u00e4m\u00e4ll\u00e4 kirjallisen valituksen hallitukselle kuukauden kuluessa erottamisesta tiedon saatuaan.<\/p>\n<p>Erottaminen astuu voimaan vetoamisajan menty\u00e4 umpeen tai kerhon kokouksen vahvistettua erottamisp\u00e4\u00e4t\u00f6ksen.<\/p>\n<p>Eronneella tai erotetulla j\u00e4senell\u00e4 ei ole mit\u00e4\u00e4n oikeutta kerhon omaisuuteen.<\/p>\n<p>&nbsp;<\/p>\n<p>6. J\u00e4seniin kohdistuvat kurinpitotoimet<\/p>\n<p>Hallitus voi antaa j\u00e4senelle huomautuksen tai varoituksen.<\/p>\n<p>Varoitus voidaan antaa j\u00e4senelle, joka on toiminnallaan vahingoittanut yhdistyst\u00e4 tai toiminut ep\u00e4eettisesti koirien kasvattajana. Ep\u00e4eettisen\u00e4 toimintana pidet\u00e4\u00e4n muun muassa el\u00e4insuojelulain, el\u00e4insuojeluasetuksen sek\u00e4 Euroopan neuvoston lemmikkiel\u00e4inten jalostusta koskevan p\u00e4\u00e4t\u00f6slauselman ja Kennelliiton kasvattajasitoumuksen vastaista toimintaa.<\/p>\n<p>Jos rikkomus on liev\u00e4, hallitus voi antaa j\u00e4senelle huomautuksen.<\/p>\n<p>J\u00e4senelle on varattava tilaisuus antaa oma selvityksens\u00e4 asiasta ennen varoituksen tai huomautuksen antamista.<\/p>\n<p>&nbsp;<\/p>\n<p>III LUKU<\/p>\n<p>P\u00c4\u00c4T\u00d6KSENTEKO<\/p>\n<p>&nbsp;<\/p>\n<p>7. P\u00e4\u00e4t\u00e4nt\u00e4valta<\/p>\n<p>Kerhon p\u00e4\u00e4tt\u00e4v\u00e4n\u00e4 elimen\u00e4 on kerhon kokous.<\/p>\n<p>Kerhon kokouksia ovat helmi-maaliskuussa pidett\u00e4v\u00e4 vuosikokous sek\u00e4 erikseen koolle kutsuttavat ylim\u00e4\u00e4r\u00e4iset kokoukset.<\/p>\n<p>Ylim\u00e4\u00e4r\u00e4inen kokous pidet\u00e4\u00e4n, kun kerhon kokous niin p\u00e4\u00e4tt\u00e4\u00e4 tai kun hallitus katsoo sen aiheelliseksi tai v\u00e4hint\u00e4\u00e4n 1\/10 kerhon \u00e4\u00e4nioikeutetuista j\u00e4senist\u00e4 sit\u00e4 hallitukselta vaatii erityisesti ilmoittamansa asian k\u00e4sittely\u00e4 varten. Kun t\u00e4llainen vaatimus esitet\u00e4\u00e4n, hallituksen on kutsuttava kokous koolle viimeist\u00e4\u00e4n kuukauden kuluttua vaatimuksen esitt\u00e4misest\u00e4.<\/p>\n<p>&nbsp;<\/p>\n<p>8. Kokouskutsu<\/p>\n<p>Hallituksen on kutsuttava yhdistyksen kokoukset koolle yhdistyksen vuosikokouksen p\u00e4\u00e4tt\u00e4m\u00e4ll\u00e4 tavalla v\u00e4hint\u00e4\u00e4n seitsem\u00e4n vuorokautta ennen kokousta ilmoituksella kerhon lehdess\u00e4, postitse<\/p>\n<p>j\u00e4senille l\u00e4hetettyn\u00e4 kirjallisena kutsuna tai s\u00e4hk\u00f6postitse j\u00e4senen ilmoittamaan osoitteeseen.<\/p>\n<p>&nbsp;<\/p>\n<p>9. Vuosikokouksessa k\u00e4sitelt\u00e4v\u00e4t asiat<\/p>\n<p>Vuosikokouksessa k\u00e4sitell\u00e4\u00e4n seuraavat asiat:<\/p>\n<p>\u2013 Valitaan kokouksen puheenjohtaja, sihteeri, \u00e4\u00e4ntenlaskijat ja p\u00f6yt\u00e4kirjan tarkastajat<\/p>\n<p>\u2013 Todetaan kokouksen p\u00e4\u00e4t\u00f6svaltaisuus.<\/p>\n<p>\u2013 K\u00e4sitell\u00e4\u00e4n hallituksen antama ja esittelem\u00e4 toimintakertomus edellisen vuoden toiminnasta ja p\u00e4\u00e4tet\u00e4\u00e4n niist\u00e4 toimenpiteist\u00e4, joihin se antaa aihetta.<\/p>\n<p>\u2013 K\u00e4sitell\u00e4\u00e4n edellisen vuoden tilinp\u00e4\u00e4t\u00f6s ja toiminnantarkastajan lausunto.<\/p>\n<p>\u2013 P\u00e4\u00e4tet\u00e4\u00e4n tilinp\u00e4\u00e4t\u00f6ksen vahvistamisesta.<\/p>\n<p>\u2013 P\u00e4\u00e4tet\u00e4\u00e4n vastuuvapauden my\u00f6nt\u00e4misest\u00e4 hallitukselle ja muille vastuuvelvollisille.<\/p>\n<p>\u2013 P\u00e4\u00e4tet\u00e4\u00e4n ylij\u00e4\u00e4m\u00e4n k\u00e4ytt\u00e4misest\u00e4 tai alij\u00e4\u00e4m\u00e4n kattamisesta.<\/p>\n<p>\u2013 P\u00e4\u00e4tet\u00e4\u00e4n seuraavan vuoden toimintasuunnitelma.<\/p>\n<p>\u2013 P\u00e4\u00e4tet\u00e4\u00e4n seuraavan vuoden varsinaisten j\u00e4senten j\u00e4senmaksun suuruus.<\/p>\n<p>\u2013 P\u00e4\u00e4tet\u00e4\u00e4n seuraavan vuoden talousarvio.<\/p>\n<p>\u2013 P\u00e4\u00e4tet\u00e4\u00e4n seuraavan kokouksen koollekutsumistapa n\u00e4iden s\u00e4\u00e4nt\u00f6jen 8 S:n mukaan.<\/p>\n<p>\u2013 Valitaan hallituksen puheenjohtaja<\/p>\n<p>\u2013 Valitaan hallituksen muut varsinaiset j\u00e4senet erovuoroisten tilalle<\/p>\n<p>\u2013 Valitaan hallituksen varaj\u00e4senet ja p\u00e4\u00e4tet\u00e4\u00e4n, miss\u00e4 j\u00e4rjestyksess\u00e4 heid\u00e4t kutsutaan estyneiden varsinaisten hallituksen j\u00e4senten tilalle hallituksen kokoukseen.<\/p>\n<p>\u2013 Valitaan toiminnantarkastaja ja varatoiminnantarkastaja.<\/p>\n<p>\u2013 Valitaan kerhon edustajat liiton liittokokouksiin.<\/p>\n<p>\u2013 Valitaan kerhon ehdokkaat Suomen Kennelliitto &#8211; Finska Kennelklubben ry:n ja sen piirien toimielimiin.<\/p>\n<p>\u2013 K\u00e4sitell\u00e4\u00e4n j\u00e4senten tekem\u00e4t aloitteet.<\/p>\n<p>\u2013 K\u00e4sitell\u00e4\u00e4n muut kokouskutsussa mainitut asiat.<\/p>\n<p>\u2013 K\u00e4sitell\u00e4\u00e4n muut asiat, jotka kokous toteaa kiireellisiksi v\u00e4hint\u00e4\u00e4n % m\u00e4\u00e4r\u00e4enemmist\u00f6ll\u00e4 annetuista \u00e4\u00e4nist\u00e4 ottaen huomioon yhdistyslain m\u00e4\u00e4r\u00e4ykset<\/p>\n<p>&nbsp;<\/p>\n<p>10. A\u00e4nioikeus<\/p>\n<p>Jokaisella 15 vuotta t\u00e4ytt\u00e4neell\u00e4 kerhon j\u00e4senell\u00e4 on yksi \u00e4\u00e4ni kerhon kokouksessa. Jokaisen \u00e4\u00e4nioikeutetun on itse k\u00e4ytett\u00e4v\u00e4 \u00e4\u00e4nt\u00e4\u00e4n &#8211; valtakirjoja ei voida k\u00e4ytt\u00e4\u00e4.<\/p>\n<p>&nbsp;<\/p>\n<p>11. P\u00e4\u00e4t\u00f6ksenteko kerhon kokouksessa<\/p>\n<p>P\u00e4\u00e4t\u00f6kset kerhon kokouksessa tehd\u00e4\u00e4n yksinkertaisella enemmist\u00f6ll\u00e4 paitsi n\u00e4iden s\u00e4\u00e4nt\u00f6jen 18. ja 19. pyk\u00e4liss\u00e4 mainituista asioista.<\/p>\n<p>\u00c4\u00e4nten menness\u00e4 tasan ratkaisee asia\u00e4\u00e4nestyksiss\u00e4 kokouksen puheenjohtajan kanta ja henkil\u00f6vaaleissa arpa.<\/p>\n<p>\u00c4\u00e4nestyksiss\u00e4 k\u00e4ytet\u00e4\u00e4n avointa \u00e4\u00e4nestystapaa. Jos kuitenkin v\u00e4hint\u00e4\u00e4n kolme \u00e4\u00e4nivaltaista osanottajaa vaatii, k\u00e4ytet\u00e4\u00e4n suljettua lippu\u00e4\u00e4nestyst\u00e4.<\/p>\n<p>Henkil\u00f6vaalissa k\u00e4ytet\u00e4\u00e4n aina suljettua lippu\u00e4\u00e4nestyst\u00e4, jos ehdokkaita on enemm\u00e4n kuin t\u00e4ytett\u00e4vi\u00e4 paikkoja.<\/p>\n<p>&nbsp;<\/p>\n<p>12. Aloitteet kerhon kokoukselle<\/p>\n<p>Aloitteita kerhon kokoukselle ovat oikeutettuja tekem\u00e4\u00e4n kerhon j\u00e4senet.<\/p>\n<p>Hallituksen tulee saattaa aloite omalla lausunnollaan varustettuna kerhon kokouksen k\u00e4sitelt\u00e4v\u00e4ksi.<\/p>\n<p>J\u00e4senten aloitteet tulee toimittaa hallitukselle vuosikokousta varten viimeist\u00e4\u00e4n edellisen vuoden joulukuun 31. p\u00e4iv\u00e4n\u00e4.<\/p>\n<p>&nbsp;<\/p>\n<p>IV LUKU<\/p>\n<p>HALLINTO<\/p>\n<p>&nbsp;<\/p>\n<p>13. Hallitus<\/p>\n<p>Kerhon hallituksen muodostavat puheenjohtaja ja kuusi varsinaista j\u00e4sent\u00e4 sek\u00e4 kaksi varaj\u00e4sent\u00e4. Puheenjohtajan toimikausi on s\u00e4\u00e4nt\u00f6m\u00e4\u00e4r\u00e4isten kokousten v\u00e4linen aika.<\/p>\n<p>Hallituksen varsinaisten j\u00e4senten toimikausi on kaksi vuotta siten, ett\u00e4 vuosittain on erovuorossa kolme hallituksen j\u00e4sent\u00e4. Hallituksen varaj\u00e4senen toimikausi on s\u00e4\u00e4nt\u00f6m\u00e4\u00e4r\u00e4isten kokousten v\u00e4linen aika.<\/p>\n<p>Hallitus kokoontuu puheenjohtajan tai h\u00e4nen estyneen\u00e4 ollessaan varapuheenjohtajan kutsusta tai, jos v\u00e4hint\u00e4\u00e4n kolme hallituksen j\u00e4sent\u00e4 sit\u00e4 kirjallisesti vaatii erityisesti ilmoittamansa asian k\u00e4sittely\u00e4 varten.<\/p>\n<p>Hallitus on p\u00e4\u00e4t\u00f6svaltainen, kun puheenjohtajan, tai h\u00e4nen estyneen\u00e4 ollessaan varapuheenjohtajan lis\u00e4ksi paikalla on v\u00e4hint\u00e4\u00e4n kolme muuta j\u00e4sent\u00e4.<\/p>\n<p>\u00c4\u00e4nestykset hallituksen kokouksissa ovat avoimia. Jos v\u00e4hint\u00e4\u00e4n kaksi hallituksen j\u00e4sent\u00e4 vaatii suljettua lippu\u00e4\u00e4nestyst\u00e4, sellainen on toimitettava. \u00c4\u00e4nten menness\u00e4 tasan ratkaisee asia\u00e4\u00e4nestyksess\u00e4 puheenjohtajan \u00e4\u00e4ni, henkil\u00f6vaalissa arpa.<\/p>\n<p>&nbsp;<\/p>\n<p>14. Hallituksen teht\u00e4v\u00e4t<\/p>\n<p>Hallituksen teht\u00e4v\u00e4n\u00e4 on muun muassa:<\/p>\n<p>\u2013 Johtaa kerhon toimintaa n\u00e4iden s\u00e4\u00e4nt\u00f6jen, kerhon kokousten p\u00e4\u00e4t\u00f6sten ja liiton p\u00e4\u00e4tt\u00e4vien ja hallintoelinten tekemien p\u00e4\u00e4t\u00f6sten mukaisesti.<\/p>\n<p>\u2013 Valita keskuudestaan vuosittain varapuheenjohtaja ja m\u00e4\u00e4r\u00e4t\u00e4 h\u00e4nen teht\u00e4v\u00e4ns\u00e4.<\/p>\n<p>\u2013 Valita keskuudestaan tai ulkopuolelta vuosittain sihteeri ja rahastonhoitaja.<\/p>\n<p>\u2013 Hoitaa kerhon varoja ja muuta omaisuutta sek\u00e4 huolehtia kirjanpidosta ja tilinp\u00e4\u00e4t\u00f6ksen valmistumisesta.<\/p>\n<p>\u2013 Kutsua koolle kerhon kokoukset ja valmistella niiss\u00e4 k\u00e4sitelt\u00e4v\u00e4t asiat.<\/p>\n<p>\u2013 P\u00e4\u00e4tt\u00e4\u00e4 mahdollisten valiokuntien ja toimikuntien perustamisesta ja antaa niille teht\u00e4v\u00e4t. &#8211; Hyv\u00e4ksy\u00e4 kerhon j\u00e4senet ja pit\u00e4\u00e4 j\u00e4senist\u00e4 luettelo sek\u00e4 p\u00e4\u00e4tt\u00e4\u00e4 j\u00e4senten erottamisesta n\u00e4iden s\u00e4\u00e4nt\u00f6jen 5 S:n mukaisesti.<\/p>\n<p>\u2013 Ilmoittaa liitolle sellaisista kokouksista, joissa k\u00e4sitell\u00e4\u00e4n liiton kannalta t\u00e4rkeit\u00e4 asioita ja varata liiton edustajalle mahdollisuus puheenvuoron k\u00e4ytt\u00e4miseen.<\/p>\n<p>\u2013 Toimittaa liitolle vuosittain kerhon toimintakertomus ja tilinp\u00e4\u00e4t\u00f6s sek\u00e4 ilmoittaa liitolle kerhon toimihenkil\u00f6iden nimet v\u00e4litt\u00f6m\u00e4sti valinnan j\u00e4lkeen.<\/p>\n<p>\u2013 Valmistella liiton s\u00e4\u00e4nt\u00f6jen muuttamisesta johtuvat, n\u00e4ihin s\u00e4\u00e4nt\u00f6ihin teht\u00e4v\u00e4t muutokset v\u00e4litt\u00f6m\u00e4sti saatuaan tiedon liiton s\u00e4\u00e4nt\u00f6jen muuttamisesta.<\/p>\n<p>\u2013 Edustaa kerhoa sek\u00e4 kantaa ja vastata sen puolesta.<\/p>\n<p>&nbsp;<\/p>\n<p>V LUKU<\/p>\n<p>YLEIST\u00c4<\/p>\n<p>&nbsp;<\/p>\n<p>15. Kerhon nimen kirjoittaminen<\/p>\n<p>Kerhon nimen kirjoittavat puheenjohtaja, varapuheenjohtaja tai sihteeri, kukin erikseen<\/p>\n<p>Hallitus voi lis\u00e4ksi m\u00e4\u00e4r\u00e4t\u00e4 kerhon jonkun toimihenkil\u00f6n kirjoittamaan yksin kerhon nimen.<\/p>\n<p>&nbsp;<\/p>\n<p>16. Toiminnantarkastaja<\/p>\n<p>Kerholla on toiminnantarkastaja ja varatoiminnantarkastaja. Toiminnantarkastajalla tulee olla sellainen tilinpitoa ja yhdistyksen hallintoa koskeva asiantuntemus, joka kerhon toiminnan laatu ja laajuus huomioon ottaen on teht\u00e4v\u00e4n kannalta katsottava tarpeelliseksi.<\/p>\n<p>&nbsp;<\/p>\n<p>17. Tili- ja toimintavuosi<\/p>\n<p>Kerhon tili- ja toimintavuosi on kalenterivuosi.<\/p>\n<p>Yhdistyksen hallituksen on luovutettava yhdistyksen tilit ja tilinp\u00e4\u00e4t\u00f6s toiminnantarkastajalle tarkastettavaksi v\u00e4hint\u00e4\u00e4n kuukausi ennen vuosikokousta.<\/p>\n<p>Toiminnantarkastajan on annettava toiminnantarkastuskertomus viimeist\u00e4\u00e4n kaksi (2) viikkoa ennen vuosikokousta.<\/p>\n<p>Toiminnantarkastuskertomus osoitetaan kerhon kokoukselle ja toimitetaan hallitukselle.<\/p>\n<p>&nbsp;<\/p>\n<p>18. S\u00e4\u00e4nt\u00f6jen muuttaminen<\/p>\n<p>N\u00e4it\u00e4 s\u00e4\u00e4nt\u00f6j\u00e4 voidaan muuttaa kerhon kokouksen p\u00e4\u00e4t\u00f6ksell\u00e4.<\/p>\n<p>Asiasta on mainittava kokouskutsussa ja s\u00e4\u00e4nt\u00f6jen muuttamisen on saatava hyv\u00e4kseen v\u00e4hint\u00e4\u00e4n 3\/4 m\u00e4\u00e4r\u00e4enemmist\u00f6 annetuista \u00e4\u00e4nist\u00e4.<\/p>\n<p>S\u00e4\u00e4nt\u00f6muutos astuu voimaan, kun se on merkitty yhdistysrekisteriin.<\/p>\n<p>&nbsp;<\/p>\n<p>19. Kerhon purkaminen<\/p>\n<p>Kerho voidaan purkaa kerhon kokouksen p\u00e4\u00e4t\u00f6ksell\u00e4.<\/p>\n<p>Asiasta on mainittava kokouskutsussa ja kerhon purkamisen on saatava hyv\u00e4kseen v\u00e4hint\u00e4\u00e4n 3\/4 m\u00e4\u00e4r\u00e4enemmist\u00f6 annetuista \u00e4\u00e4nist\u00e4.<\/p>\n<p>Kerhon purkauduttua tai tultua lakkautetuksi sen j\u00e4ljell\u00e4 olevat varat ja arkisto on luovutettava liitolle.<\/p>\n<p>Kerholle lahjoitettujen tai testamentattujen varojen k\u00e4yt\u00f6st\u00e4 p\u00e4\u00e4tet\u00e4\u00e4n samalla tavalla, ellei<\/p>\n<p>lahjoittaja tai testamentin tekij\u00e4 ole toisin m\u00e4\u00e4r\u00e4nnyt.<\/p>\n","protected":false},"excerpt":{"rendered":"<p>Yhdistyksen s\u00e4\u00e4nn\u00f6t &nbsp; I LUKU TARKOITUS JA TOIMINTA &nbsp; 1. Nimi ja kotipaikka Yhdistyksen nimi on Lapin M\u00e4yr\u00e4koirakerho ry. Yhdistys on Suomen M\u00e4yr\u00e4koiraliitto SML &#8211; Finska Taxklubben FTK ry:n j\u00e4sen. N\u00e4iss\u00e4 s\u00e4\u00e4nn\u00f6iss\u00e4 yhdistyksest\u00e4 k\u00e4ytet\u00e4\u00e4n nimityst\u00e4 kerho ja Suomen M\u00e4yr\u00e4koiraliitto SML -Finska Taxklubben FTK ry:st\u00e4 nimityst\u00e4 liitto. Yhdistyksen kotipaikka on Rovaniemi ja sen toiminta-alueena Suomen M\u00e4yr\u00e4koiraliitto &hellip; <\/p>\n<p class=\"link-more\"><a href=\"http:\/\/www.lmkk.org\/?page_id=40\" class=\"more-link\">Jatka lukemista<span class=\"screen-reader-text\"> &#8221;S\u00e4\u00e4nn\u00f6t&#8221;<\/span><\/a><\/p>\n","protected":false},"author":1,"featured_media":0,"parent":0,"menu_order":0,"comment_status":"closed","ping_status":"closed","template":"","meta":{"footnotes":""},"class_list":["post-40","page","type-page","status-publish","hentry"],"_links":{"self":[{"href":"http:\/\/www.lmkk.org\/index.php?rest_route=\/wp\/v2\/pages\/40","targetHints":{"allow":["GET"]}}],"collection":[{"href":"http:\/\/www.lmkk.org\/index.php?rest_route=\/wp\/v2\/pages"}],"about":[{"href":"http:\/\/www.lmkk.org\/index.php?rest_route=\/wp\/v2\/types\/page"}],"author":[{"embeddable":true,"href":"http:\/\/www.lmkk.org\/index.php?rest_route=\/wp\/v2\/users\/1"}],"replies":[{"embeddable":true,"href":"http:\/\/www.lmkk.org\/index.php?rest_route=%2Fwp%2Fv2%2Fcomments&post=40"}],"version-history":[{"count":7,"href":"http:\/\/www.lmkk.org\/index.php?rest_route=\/wp\/v2\/pages\/40\/revisions"}],"predecessor-version":[{"id":688,"href":"http:\/\/www.lmkk.org\/index.php?rest_route=\/wp\/v2\/pages\/40\/revisions\/688"}],"wp:attachment":[{"href":"http:\/\/www.lmkk.org\/index.php?rest_route=%2Fwp%2Fv2%2Fmedia&parent=40"}],"curies":[{"name":"wp","href":"https:\/\/api.w.org\/{rel}","templated":true}]}}