{"id":448,"date":"2015-06-03T08:11:13","date_gmt":"2015-06-03T08:11:13","guid":{"rendered":"http:\/\/www.lmkk.org\/?page_id=448"},"modified":"2020-08-10T15:57:31","modified_gmt":"2020-08-10T15:57:31","slug":"tuomarit-toimitsijat","status":"publish","type":"page","link":"http:\/\/www.lmkk.org\/?page_id=448","title":{"rendered":"Tuomarit &#038; toimitsijat"},"content":{"rendered":"<p>J\u00e4senist\u00e4mme l\u00f6ytyy tuomareita ja toimitsijoita. Alla olevista linkeist\u00e4 voit hakea ajantasalla olevia tietoja.<\/p>\n<h4><a href=\"https:\/\/www.kennelliitto.fi\/yhteystiedot\/ylituomarit\">Ylituomarit<\/a><\/h4>\n<h4><a href=\"https:\/\/www.kennelliitto.fi\/yhteystiedot\/koetoimitsijat\">Koetoimitsijat<\/a><\/h4>\n<h4><a href=\"https:\/\/www.kennelliitto.fi\/yhteystiedot\/kehatoimitsijat\">Keh\u00e4toimitsijat<\/a><\/h4>\n","protected":false},"excerpt":{"rendered":"<p>J\u00e4senist\u00e4mme l\u00f6ytyy tuomareita ja toimitsijoita. Alla olevista linkeist\u00e4 voit hakea ajantasalla olevia tietoja. Ylituomarit Koetoimitsijat Keh\u00e4toimitsijat<\/p>\n","protected":false},"author":1,"featured_media":0,"parent":0,"menu_order":0,"comment_status":"closed","ping_status":"closed","template":"","meta":{"footnotes":""},"class_list":["post-448","page","type-page","status-publish","hentry"],"_links":{"self":[{"href":"http:\/\/www.lmkk.org\/index.php?rest_route=\/wp\/v2\/pages\/448","targetHints":{"allow":["GET"]}}],"collection":[{"href":"http:\/\/www.lmkk.org\/index.php?rest_route=\/wp\/v2\/pages"}],"about":[{"href":"http:\/\/www.lmkk.org\/index.php?rest_route=\/wp\/v2\/types\/page"}],"author":[{"embeddable":true,"href":"http:\/\/www.lmkk.org\/index.php?rest_route=\/wp\/v2\/users\/1"}],"replies":[{"embeddable":true,"href":"http:\/\/www.lmkk.org\/index.php?rest_route=%2Fwp%2Fv2%2Fcomments&post=448"}],"version-history":[{"count":17,"href":"http:\/\/www.lmkk.org\/index.php?rest_route=\/wp\/v2\/pages\/448\/revisions"}],"predecessor-version":[{"id":2142,"href":"http:\/\/www.lmkk.org\/index.php?rest_route=\/wp\/v2\/pages\/448\/revisions\/2142"}],"wp:attachment":[{"href":"http:\/\/www.lmkk.org\/index.php?rest_route=%2Fwp%2Fv2%2Fmedia&parent=448"}],"curies":[{"name":"wp","href":"https:\/\/api.w.org\/{rel}","templated":true}]}}