{"id":46,"date":"2014-05-05T15:35:00","date_gmt":"2014-05-05T15:35:00","guid":{"rendered":"http:\/\/www.lmkk.org\/?page_id=46"},"modified":"2023-01-30T16:58:36","modified_gmt":"2023-01-30T16:58:36","slug":"poytakirjat","status":"publish","type":"page","link":"http:\/\/www.lmkk.org\/?page_id=46","title":{"rendered":"Asiakirjat"},"content":{"rendered":"\n<p id=\"Toimintakertomus-2021\"><\/p>\n\n\n<p>\u00a0<\/p>\n<p><strong><a href=\"http:\/\/www.lmkk.org\/wp-content\/uploads\/2023\/01\/9-LMKK-RY-Vuosikokous-2022-poytakirja-2.docx\" target=\"_blank\" rel=\"noopener\">Vuosikokous 2022 p\u00f6yt\u00e4kirja<\/a><\/strong><\/p>\n<p><a href=\"http:\/\/www.lmkk.org\/wp-content\/uploads\/2023\/01\/2-LMKK-RY-toimintakertomus-2021-1.pdf\"><strong>Toimintakertomus 2021<\/strong><\/a><\/p>\n<p><strong><a href=\"http:\/\/www.lmkk.org\/wp-content\/uploads\/2021\/03\/LMKK-RY-Vuosikokous-2021-poytakirja.pdf\">Vuosikokous 2021 p\u00f6yt\u00e4kirja<\/a><\/strong><\/p>\n<p><strong><a href=\"http:\/\/www.lmkk.org\/wp-content\/uploads\/2021\/03\/LMKK-RY-Toimintasuunnitelma-2021-1.pdf\" target=\"_blank\" rel=\"noopener\">Toimintasuunnitelma 2021<\/a><\/strong><\/p>\n<p><strong><a href=\"http:\/\/www.lmkk.org\/wp-content\/uploads\/2021\/03\/LMKK-RY-Toimintakertomus-2020.pdf\" target=\"_blank\" rel=\"noopener\">Toimintakertomus 2020<\/a><\/strong><\/p>\n<p><a href=\"http:\/\/www.lmkk.org\/wp-content\/uploads\/2020\/03\/LMKK-RY-Toimintasuunnitelma-2020.pdf\"><strong>Toimintasuunnitelma 2020<\/strong><\/a><\/p>\n<p><a href=\"http:\/\/www.lmkk.org\/wp-content\/uploads\/2020\/03\/LMKK-RY-Toimintakertomus-2019.pdf\"><strong>Toimintakertomus 2019<\/strong><\/a><\/p>\n<p><strong><a href=\"http:\/\/www.lmkk.org\/wp-content\/uploads\/2019\/08\/LMKK-RY-Vuosikokous-2019-p\u00f6yt\u00e4kirja.pdf\">Vuosikokous 2019 p\u00f6yt\u00e4kirja<\/a><\/strong><\/p>\n<p><strong><a href=\"http:\/\/www.lmkk.org\/wp-content\/uploads\/2019\/08\/Toimintasuunnitelma-2019-2.pdf\">Toimintasuunnitelma 2019 <\/a><\/strong><\/p>\n<p><strong><a href=\"http:\/\/www.lmkk.org\/wp-content\/uploads\/2019\/08\/Toimintakertomus-2018-kuvat.pdf\">Toimintakertomus 2018<\/a><\/strong><\/p>\n<p><strong><a href=\"http:\/\/www.lmkk.org\/wp-content\/uploads\/2014\/05\/Vuosikokous-2018-p\u00f6yt\u00e4kirja.pdf\" target=\"_blank\" rel=\"noopener noreferrer\">Vuosikokous 2018 p\u00f6yt\u00e4kirja<\/a><\/strong><\/p>\n<p><strong><a href=\"http:\/\/www.lmkk.org\/wp-content\/uploads\/2014\/05\/Toimintasuunnitelma-2018.pdf\" target=\"_blank\" rel=\"noopener noreferrer\">Toimintasuunnitelma 2018<\/a><\/strong><\/p>\n<p><strong><a href=\"http:\/\/www.lmkk.org\/wp-content\/uploads\/2014\/05\/Toimintakertomus-2017.pdf\" target=\"_blank\" rel=\"noopener noreferrer\">Toimintakertomus 2017<\/a><\/strong><\/p>\n<p><strong><a href=\"http:\/\/www.lmkk.org\/wp-content\/uploads\/2014\/05\/Vuosikokous-2017-p\u00f6yt\u00e4kirja.pdf\" target=\"_blank\" rel=\"noopener noreferrer\">Vuosikokous 2017 p\u00f6yt\u00e4kirja<\/a><\/strong><\/p>\n<p><strong><a href=\"http:\/\/www.lmkk.org\/wp-content\/uploads\/2014\/05\/Toimintasuunnitelma-2017.pdf\" target=\"_blank\" rel=\"noopener noreferrer\">Toimintasuunnitelma 2017<\/a><\/strong><\/p>\n<p><strong><a href=\"http:\/\/www.lmkk.org\/wp-content\/uploads\/2014\/05\/Toimintakertomus-2016.pdf\" target=\"_blank\" rel=\"noopener noreferrer\">Toimintakertomus 2016<\/a><\/strong><\/p>\n<p><strong><a href=\"http:\/\/www.lmkk.org\/wp-content\/uploads\/2014\/05\/Vuosikokous-2016-p\u00f6yt\u00e4kirja-kotisivut.pdf\" target=\"_blank\" rel=\"noopener noreferrer\">Vuosikokous 2016 p\u00f6yt\u00e4kirja<\/a><\/strong><\/p>\n<p><strong><a href=\"http:\/\/www.lmkk.org\/wp-content\/uploads\/2014\/05\/Toimintasuunnitelma-2016.pdf\" target=\"_blank\" rel=\"noopener noreferrer\">Toimintasuunnitelma 2016<\/a><\/strong><\/p>\n<p><strong><a href=\"http:\/\/www.lmkk.org\/wp-content\/uploads\/2014\/05\/Toimintakertomus-2015-kotisivut.pdf\" target=\"_blank\" rel=\"noopener noreferrer\">Toimintakertomus 2015<\/a><\/strong><\/p>\n<p><strong><a href=\"http:\/\/www.lmkk.org\/wp-content\/uploads\/2015\/02\/Vuosikokous-2015-p\u00f6yt\u00e4kirja.pdf\" target=\"_blank\" rel=\"noopener noreferrer\">Vuosikokous 2015 p\u00f6yt\u00e4kirja<\/a><\/strong><\/p>\n<p><strong><a href=\"http:\/\/www.lmkk.org\/wp-content\/uploads\/2014\/05\/Toimintasuunnitelma-2015.pdf\" target=\"_blank\" rel=\"noopener noreferrer\">Toimintasuunnitelma 2015<\/a><\/strong><\/p>\n<p><strong><a href=\"http:\/\/www.lmkk.org\/wp-content\/uploads\/2014\/05\/Toimintakertomus-2014.pdf\" target=\"_blank\" rel=\"noopener noreferrer\">Toimintakertomus 2014<\/a><\/strong><\/p>\n<p><strong><a href=\"http:\/\/www.lmkk.org\/wp-content\/uploads\/2014\/05\/Vuosikokous2014-p\u00f6yt\u00e4kirja-1.pdf\" target=\"_blank\" rel=\"noopener noreferrer\">Vuosikokous 2014 p\u00f6yt\u00e4kirja<\/a><\/strong><\/p>\n<p><strong><a href=\"http:\/\/www.lmkk.org\/wp-content\/uploads\/2014\/05\/Toimintasuunnitelma-2014.pdf\" target=\"_blank\" rel=\"noopener noreferrer\">Toimintasuunnitelma 2014<\/a><\/strong><\/p>\n<p><strong><a href=\"http:\/\/www.lmkk.org\/wp-content\/uploads\/2014\/05\/LMKK-toimintakertomus-2013.pdf\" target=\"_blank\" rel=\"noopener noreferrer\">Toimintakertomus\u00a02013<\/a><\/strong><\/p>\n\n\n<p><\/p>\n","protected":false},"excerpt":{"rendered":"<p>\u00a0 Vuosikokous 2022 p\u00f6yt\u00e4kirja Toimintakertomus 2021 Vuosikokous 2021 p\u00f6yt\u00e4kirja Toimintasuunnitelma 2021 Toimintakertomus 2020 Toimintasuunnitelma 2020 Toimintakertomus 2019 Vuosikokous 2019 p\u00f6yt\u00e4kirja Toimintasuunnitelma 2019 Toimintakertomus 2018 Vuosikokous 2018 p\u00f6yt\u00e4kirja Toimintasuunnitelma 2018 Toimintakertomus 2017 Vuosikokous 2017 p\u00f6yt\u00e4kirja Toimintasuunnitelma 2017 Toimintakertomus 2016 Vuosikokous 2016 p\u00f6yt\u00e4kirja Toimintasuunnitelma 2016 Toimintakertomus 2015 Vuosikokous 2015 p\u00f6yt\u00e4kirja Toimintasuunnitelma 2015 Toimintakertomus 2014 Vuosikokous 2014 p\u00f6yt\u00e4kirja &hellip; <\/p>\n<p class=\"link-more\"><a href=\"http:\/\/www.lmkk.org\/?page_id=46\" class=\"more-link\">Jatka lukemista<span class=\"screen-reader-text\"> &#8221;Asiakirjat&#8221;<\/span><\/a><\/p>\n","protected":false},"author":1,"featured_media":0,"parent":0,"menu_order":0,"comment_status":"closed","ping_status":"closed","template":"","meta":{"footnotes":""},"class_list":["post-46","page","type-page","status-publish","hentry"],"_links":{"self":[{"href":"http:\/\/www.lmkk.org\/index.php?rest_route=\/wp\/v2\/pages\/46","targetHints":{"allow":["GET"]}}],"collection":[{"href":"http:\/\/www.lmkk.org\/index.php?rest_route=\/wp\/v2\/pages"}],"about":[{"href":"http:\/\/www.lmkk.org\/index.php?rest_route=\/wp\/v2\/types\/page"}],"author":[{"embeddable":true,"href":"http:\/\/www.lmkk.org\/index.php?rest_route=\/wp\/v2\/users\/1"}],"replies":[{"embeddable":true,"href":"http:\/\/www.lmkk.org\/index.php?rest_route=%2Fwp%2Fv2%2Fcomments&post=46"}],"version-history":[{"count":36,"href":"http:\/\/www.lmkk.org\/index.php?rest_route=\/wp\/v2\/pages\/46\/revisions"}],"predecessor-version":[{"id":2340,"href":"http:\/\/www.lmkk.org\/index.php?rest_route=\/wp\/v2\/pages\/46\/revisions\/2340"}],"wp:attachment":[{"href":"http:\/\/www.lmkk.org\/index.php?rest_route=%2Fwp%2Fv2%2Fmedia&parent=46"}],"curies":[{"name":"wp","href":"https:\/\/api.w.org\/{rel}","templated":true}]}}