{"id":463,"date":"2015-06-03T08:45:03","date_gmt":"2015-06-03T08:45:03","guid":{"rendered":"http:\/\/www.lmkk.org\/?page_id=463"},"modified":"2019-08-07T10:32:39","modified_gmt":"2019-08-07T10:32:39","slug":"kurssit","status":"publish","type":"page","link":"http:\/\/www.lmkk.org\/?page_id=463","title":{"rendered":"Kurssit\/koulutukset"},"content":{"rendered":"<hr \/>\n<p>J\u00e4seni\u00e4 kannustetaan ja tuetaan osallistumaan ensimm\u00e4iselle<br \/>\nja lajikohtaisille\u00a0koetoimitsijakursseille sek\u00e4 tuomarikursseille.<\/p>\n<p>Kurssille osallistumiseen tarvittavaa puoltoa tulee anoa yhdistyksen hallitukselta hyviss\u00e4 ajoin.<\/p>\n<p>J\u00e4senet voivat anoa kerhon hallitukselta kurssimaksujen palautusta,<br \/>\nkun koetoimitsija 1 -kurssi sek\u00e4 lajikohtainen koetoimitsija 2 -kurssi ovat suoritettu.<br \/>\nAnomukset ja kuitit kurssimaksuista osoitteeseen lmkk.sihteeri@gmail.com.<\/p>\n<h4><\/h4>\n","protected":false},"excerpt":{"rendered":"<p>J\u00e4seni\u00e4 kannustetaan ja tuetaan osallistumaan ensimm\u00e4iselle ja lajikohtaisille\u00a0koetoimitsijakursseille sek\u00e4 tuomarikursseille. Kurssille osallistumiseen tarvittavaa puoltoa tulee anoa yhdistyksen hallitukselta hyviss\u00e4 ajoin. J\u00e4senet voivat anoa kerhon hallitukselta kurssimaksujen palautusta, kun koetoimitsija 1 -kurssi sek\u00e4 lajikohtainen koetoimitsija 2 -kurssi ovat suoritettu. Anomukset ja kuitit kurssimaksuista osoitteeseen lmkk.sihteeri@gmail.com.<\/p>\n","protected":false},"author":1,"featured_media":0,"parent":0,"menu_order":0,"comment_status":"closed","ping_status":"closed","template":"","meta":{"footnotes":""},"class_list":["post-463","page","type-page","status-publish","hentry"],"_links":{"self":[{"href":"http:\/\/www.lmkk.org\/index.php?rest_route=\/wp\/v2\/pages\/463","targetHints":{"allow":["GET"]}}],"collection":[{"href":"http:\/\/www.lmkk.org\/index.php?rest_route=\/wp\/v2\/pages"}],"about":[{"href":"http:\/\/www.lmkk.org\/index.php?rest_route=\/wp\/v2\/types\/page"}],"author":[{"embeddable":true,"href":"http:\/\/www.lmkk.org\/index.php?rest_route=\/wp\/v2\/users\/1"}],"replies":[{"embeddable":true,"href":"http:\/\/www.lmkk.org\/index.php?rest_route=%2Fwp%2Fv2%2Fcomments&post=463"}],"version-history":[{"count":10,"href":"http:\/\/www.lmkk.org\/index.php?rest_route=\/wp\/v2\/pages\/463\/revisions"}],"predecessor-version":[{"id":1939,"href":"http:\/\/www.lmkk.org\/index.php?rest_route=\/wp\/v2\/pages\/463\/revisions\/1939"}],"wp:attachment":[{"href":"http:\/\/www.lmkk.org\/index.php?rest_route=%2Fwp%2Fv2%2Fmedia&parent=463"}],"curies":[{"name":"wp","href":"https:\/\/api.w.org\/{rel}","templated":true}]}}