{"id":566,"date":"2015-08-05T19:19:47","date_gmt":"2015-08-05T19:19:47","guid":{"rendered":"http:\/\/www.lmkk.org\/?page_id=566"},"modified":"2019-08-07T11:03:04","modified_gmt":"2019-08-07T11:03:04","slug":"yhdistys-2","status":"publish","type":"page","link":"http:\/\/www.lmkk.org\/?page_id=566","title":{"rendered":"Yhdistys"},"content":{"rendered":"\n<h1 class=\"wp-block-heading\">TERVETULOA LAPIN M\u00c4YR\u00c4KOIRAKERHON SIVUILLE!<\/h1>\n\n\n\n<p>LMKK on vuonna 2013 perustettu Suomen M\u00e4yr\u00e4koiraliiton alainen j\u00e4senyhdistys,<br>toiminta-alueemme on Lappi.<\/p>\n","protected":false},"excerpt":{"rendered":"<p>TERVETULOA LAPIN M\u00c4YR\u00c4KOIRAKERHON SIVUILLE! LMKK on vuonna 2013 perustettu Suomen M\u00e4yr\u00e4koiraliiton alainen j\u00e4senyhdistys,toiminta-alueemme on Lappi.<\/p>\n","protected":false},"author":1,"featured_media":0,"parent":0,"menu_order":0,"comment_status":"closed","ping_status":"closed","template":"","meta":{"footnotes":""},"class_list":["post-566","page","type-page","status-publish","hentry"],"_links":{"self":[{"href":"http:\/\/www.lmkk.org\/index.php?rest_route=\/wp\/v2\/pages\/566","targetHints":{"allow":["GET"]}}],"collection":[{"href":"http:\/\/www.lmkk.org\/index.php?rest_route=\/wp\/v2\/pages"}],"about":[{"href":"http:\/\/www.lmkk.org\/index.php?rest_route=\/wp\/v2\/types\/page"}],"author":[{"embeddable":true,"href":"http:\/\/www.lmkk.org\/index.php?rest_route=\/wp\/v2\/users\/1"}],"replies":[{"embeddable":true,"href":"http:\/\/www.lmkk.org\/index.php?rest_route=%2Fwp%2Fv2%2Fcomments&post=566"}],"version-history":[{"count":3,"href":"http:\/\/www.lmkk.org\/index.php?rest_route=\/wp\/v2\/pages\/566\/revisions"}],"predecessor-version":[{"id":1944,"href":"http:\/\/www.lmkk.org\/index.php?rest_route=\/wp\/v2\/pages\/566\/revisions\/1944"}],"wp:attachment":[{"href":"http:\/\/www.lmkk.org\/index.php?rest_route=%2Fwp%2Fv2%2Fmedia&parent=566"}],"curies":[{"name":"wp","href":"https:\/\/api.w.org\/{rel}","templated":true}]}}