{"id":570,"date":"2015-08-05T19:21:20","date_gmt":"2015-08-05T19:21:20","guid":{"rendered":"http:\/\/www.lmkk.org\/?page_id=570"},"modified":"2020-07-22T15:23:05","modified_gmt":"2020-07-22T15:23:05","slug":"ilmoitustaulu-2","status":"publish","type":"page","link":"http:\/\/www.lmkk.org\/?page_id=570","title":{"rendered":"Ilmoitustaulu"},"content":{"rendered":"\n<p>Ilmoitustaululla yhdistyksen j\u00e4senet voivat ilmoittaa:<\/p>\n\n\n\n<ul class=\"wp-block-list\"><li>odotettavissa olevista ja syntyneist\u00e4 m\u00e4yr\u00e4koiran pentueista.<\/li><li>jalostus uroksista<\/li><li>kasvattaja tiedot<\/li><\/ul>\n\n\n\n<p>Tiedot ja kuvia voi l\u00e4hett\u00e4\u00e4 Sirpalle lmkk.sihteeri@gmail.com<\/p>\n\n\n\n<p><img loading=\"lazy\" decoding=\"async\" width=\"450\" height=\"338\" class=\"wp-image-2122\" src=\"http:\/\/www.lmkk.org\/wp-content\/uploads\/2020\/07\/P1040064-scaled.jpg\" alt=\"\" style=\"width: 450px;\" srcset=\"http:\/\/www.lmkk.org\/wp-content\/uploads\/2020\/07\/P1040064-scaled.jpg 2560w, http:\/\/www.lmkk.org\/wp-content\/uploads\/2020\/07\/P1040064-300x225.jpg 300w, http:\/\/www.lmkk.org\/wp-content\/uploads\/2020\/07\/P1040064-1024x768.jpg 1024w, http:\/\/www.lmkk.org\/wp-content\/uploads\/2020\/07\/P1040064-768x576.jpg 768w, http:\/\/www.lmkk.org\/wp-content\/uploads\/2020\/07\/P1040064-1536x1152.jpg 1536w, http:\/\/www.lmkk.org\/wp-content\/uploads\/2020\/07\/P1040064-2048x1536.jpg 2048w\" sizes=\"auto, (max-width: 450px) 100vw, 450px\" \/><\/p>\n","protected":false},"excerpt":{"rendered":"<p>Ilmoitustaululla yhdistyksen j\u00e4senet voivat ilmoittaa: odotettavissa olevista ja syntyneist\u00e4 m\u00e4yr\u00e4koiran pentueista. jalostus uroksista kasvattaja tiedot Tiedot ja kuvia voi l\u00e4hett\u00e4\u00e4 Sirpalle lmkk.sihteeri@gmail.com<\/p>\n","protected":false},"author":1,"featured_media":0,"parent":0,"menu_order":0,"comment_status":"closed","ping_status":"closed","template":"","meta":{"footnotes":""},"class_list":["post-570","page","type-page","status-publish","hentry"],"_links":{"self":[{"href":"http:\/\/www.lmkk.org\/index.php?rest_route=\/wp\/v2\/pages\/570","targetHints":{"allow":["GET"]}}],"collection":[{"href":"http:\/\/www.lmkk.org\/index.php?rest_route=\/wp\/v2\/pages"}],"about":[{"href":"http:\/\/www.lmkk.org\/index.php?rest_route=\/wp\/v2\/types\/page"}],"author":[{"embeddable":true,"href":"http:\/\/www.lmkk.org\/index.php?rest_route=\/wp\/v2\/users\/1"}],"replies":[{"embeddable":true,"href":"http:\/\/www.lmkk.org\/index.php?rest_route=%2Fwp%2Fv2%2Fcomments&post=570"}],"version-history":[{"count":3,"href":"http:\/\/www.lmkk.org\/index.php?rest_route=\/wp\/v2\/pages\/570\/revisions"}],"predecessor-version":[{"id":2124,"href":"http:\/\/www.lmkk.org\/index.php?rest_route=\/wp\/v2\/pages\/570\/revisions\/2124"}],"wp:attachment":[{"href":"http:\/\/www.lmkk.org\/index.php?rest_route=%2Fwp%2Fv2%2Fmedia&parent=570"}],"curies":[{"name":"wp","href":"https:\/\/api.w.org\/{rel}","templated":true}]}}