{"id":7,"date":"2014-04-27T22:21:17","date_gmt":"2014-04-27T22:21:17","guid":{"rendered":"http:\/\/www.lmkk.org\/?page_id=7"},"modified":"2025-04-12T14:47:32","modified_gmt":"2025-04-12T14:47:32","slug":"kiertopalkinnot","status":"publish","type":"page","link":"http:\/\/www.lmkk.org\/?page_id=7","title":{"rendered":"Kiertopalkinnot"},"content":{"rendered":"<p>&nbsp;<\/p>\n<hr \/>\n<p><a href=\"http:\/\/www.lmkk.org\/wp-content\/uploads\/2023\/01\/Kiertopalkintojen-saannot.docx-Google-Docs.pdf\">Kiertopalkintojen s\u00e4\u00e4nn\u00f6t<\/a><\/p>\n<p><a href=\"http:\/\/www.lmkk.org\/wp-content\/uploads\/2019\/08\/Vuosi-2015.pdf\">Vuosi 2015<\/a><\/p>\n<p><a href=\"http:\/\/www.lmkk.org\/wp-content\/uploads\/2019\/08\/Vuosi-2016.pdf\">Vuosi 2016<\/a><\/p>\n<p><a href=\"http:\/\/www.lmkk.org\/wp-content\/uploads\/2019\/08\/Vuosi-2017.pdf\">Vuosi 2017<\/a><\/p>\n<p><a href=\"http:\/\/www.lmkk.org\/?page_id=2189\">Vuosi 2018<\/a><\/p>\n<p><a href=\"http:\/\/www.lmkk.org\/?page_id=2186\">Vuosi 2019<\/a><\/p>\n<p>Vuosi 2020<\/p>\n<p><strong>Vuoden N\u00e4yttelym\u00e4yr\u00e4koira<\/strong><br \/>pku Sagotax H\u00f6vliga Holger, om. Mari Saarenp\u00e4\u00e4, Tornio, 41p<br \/>kkn Joutilaan Xantippa, om. Saara Pyh\u00e4j\u00e4rvi, Rovaniemi, 18p<\/p>\n<p><strong>Vuoden K\u00e4ytt\u00f6m\u00e4yr\u00e4koira<\/strong><br \/>lkn Taxiaseman Tupas-Villa, om. Marika Ahola &amp; Mika Angl\u00e9, Rovaniemi, 39p<br \/>kkn Filurin Immergr\u00fcn, om. Ella ja Antti P\u00e4tsi, Lohiranta, 36p<br \/>kkn Joutilaan Xantippa, om. Saara Pyh\u00e4j\u00e4rvi, Rovaniemi, 22p<br \/>kku Mets\u00e4kruunun Aikapoika, om. Roope ja Mira Ronkainen, Rovaniemi, 19p<br \/>lku m\u00e4yr\u00e4koira Zaron Melton Kronos, om. Susanna Kaarlej\u00e4rvi, Rovaniemi 17p<br \/>pku Salamantelin Naurava Kulkuri, om. Sirpa Penttil\u00e4, Maksniemi, 8p<br \/>kkn Alma, om. Jouko Lepp\u00e4nen, Kemi 6p<br \/>kkn Amatsoonintyt\u00e4r, om. Jouko Lepp\u00e4nen, Kemi 2p<\/p>\n<p><strong>Vuoden Ajom\u00e4yr\u00e4koira<\/strong><br \/>kkn Joutilaan Xantippa, om. Saara Pyh\u00e4j\u00e4rvi, Rovaniemi, 22p<br \/>kku Mets\u00e4kruunun Aikapoika, om. Roope ja Mira Ronkainen, Rovaniemi, 13p<br \/>kkn Alma, om. Jouko Lepp\u00e4nen, Kemi 6p<\/p>\n<p><strong>Manun Malja \u2013 Vuoden J\u00e4ljest\u00e4j\u00e4<\/strong><br \/>lkn Taxiaseman Tupas-Villa, om. Marika Ahola &amp; Mika Angl\u00e9, Rovaniemi, 39p<br \/>kkn Filurin Immergr\u00fcn, om. Ella ja Antti P\u00e4tsi, Lohiranta, 36p<br \/>lku m\u00e4yr\u00e4koira Zaron Melton Kronos, om. Susanna Kaarlej\u00e4rv, Rovaniemii 17p<br \/>pku Salamantelin Naurava Kulkuri, om. Sirpa Penttil\u00e4, Maksniemi, 8p<br \/>kku Mets\u00e4kruunun Aikapoika, om. Roope ja Mira Ronkainen, Rovaniemi, 6p<br \/>kkn Amatsoonintyt\u00e4r, om. Jouko Lepp\u00e4nen, Kemi 2p<\/p>\n<p><strong>Vuoden Yritt\u00e4j\u00e4<\/strong><br \/>kku Mets\u00e4kruunun Aikapoika, om. Roope ja Mira Ronkainen, Rovaniemi<\/p>\n<p><strong>Vuoden Touhukas<\/strong><br \/>Katja Miettunen, Tornio<\/p>\n\n\n<p><\/p>\n","protected":false},"excerpt":{"rendered":"<p>&nbsp; Kiertopalkintojen s\u00e4\u00e4nn\u00f6t Vuosi 2015 Vuosi 2016 Vuosi 2017 Vuosi 2018 Vuosi 2019 Vuosi 2020 Vuoden N\u00e4yttelym\u00e4yr\u00e4koirapku Sagotax H\u00f6vliga Holger, om. Mari Saarenp\u00e4\u00e4, Tornio, 41pkkn Joutilaan Xantippa, om. Saara Pyh\u00e4j\u00e4rvi, Rovaniemi, 18p Vuoden K\u00e4ytt\u00f6m\u00e4yr\u00e4koiralkn Taxiaseman Tupas-Villa, om. Marika Ahola &amp; Mika Angl\u00e9, Rovaniemi, 39pkkn Filurin Immergr\u00fcn, om. Ella ja Antti P\u00e4tsi, Lohiranta, 36pkkn Joutilaan Xantippa, &hellip; <\/p>\n<p class=\"link-more\"><a href=\"http:\/\/www.lmkk.org\/?page_id=7\" class=\"more-link\">Jatka lukemista<span class=\"screen-reader-text\"> &#8221;Kiertopalkinnot&#8221;<\/span><\/a><\/p>\n","protected":false},"author":1,"featured_media":0,"parent":0,"menu_order":0,"comment_status":"closed","ping_status":"closed","template":"","meta":{"footnotes":""},"class_list":["post-7","page","type-page","status-publish","hentry"],"_links":{"self":[{"href":"http:\/\/www.lmkk.org\/index.php?rest_route=\/wp\/v2\/pages\/7","targetHints":{"allow":["GET"]}}],"collection":[{"href":"http:\/\/www.lmkk.org\/index.php?rest_route=\/wp\/v2\/pages"}],"about":[{"href":"http:\/\/www.lmkk.org\/index.php?rest_route=\/wp\/v2\/types\/page"}],"author":[{"embeddable":true,"href":"http:\/\/www.lmkk.org\/index.php?rest_route=\/wp\/v2\/users\/1"}],"replies":[{"embeddable":true,"href":"http:\/\/www.lmkk.org\/index.php?rest_route=%2Fwp%2Fv2%2Fcomments&post=7"}],"version-history":[{"count":22,"href":"http:\/\/www.lmkk.org\/index.php?rest_route=\/wp\/v2\/pages\/7\/revisions"}],"predecessor-version":[{"id":2365,"href":"http:\/\/www.lmkk.org\/index.php?rest_route=\/wp\/v2\/pages\/7\/revisions\/2365"}],"wp:attachment":[{"href":"http:\/\/www.lmkk.org\/index.php?rest_route=%2Fwp%2Fv2%2Fmedia&parent=7"}],"curies":[{"name":"wp","href":"https:\/\/api.w.org\/{rel}","templated":true}]}}