{"id":724,"date":"2016-02-29T10:34:36","date_gmt":"2016-02-29T10:34:36","guid":{"rendered":"http:\/\/www.lmkk.org\/?page_id=724"},"modified":"2023-03-16T17:52:21","modified_gmt":"2023-03-16T17:52:21","slug":"tapahtumakalenteri-2","status":"publish","type":"page","link":"http:\/\/www.lmkk.org\/?page_id=724","title":{"rendered":"Tapahtumakalenteri"},"content":{"rendered":"\n<hr class=\"wp-block-separator has-css-opacity\"\/>\n\n\n\n<div class=\"wp-block-columns is-layout-flex wp-container-core-columns-is-layout-1 wp-block-columns-is-layout-flex\">\n<div class=\"wp-block-column is-layout-flow wp-block-column-is-layout-flow\" style=\"flex-basis:100%\">\n<h2 class=\"has-medium-font-size wp-block-heading\"><strong>Tapahtumat 2023<\/strong><\/h2>\n\n\n\n<p>2.4.2023 N\u00e4yttelytreenit Nuuskuhallilla 12:00-14:00. Osoite Vapaudentie 1, Rovaniemi.<\/p>\n<\/div>\n<\/div>\n\n\n\n<h3 class=\"wp-block-heading\"><strong>Tapahtumat 2021<\/strong><\/h3>\n\n\n\n<p>21.4.2021 MEJ\u00c4-et\u00e4teorialuento aloittelijoille<\/p>\n\n\n\n<p>24.4.2021 LUT-harjoitukset ilman kettua <br>Harjoitukset j\u00e4rjestet\u00e4\u00e4n klo 12.00 alkaen Ylitorniolla. Kouluttajana toimii Kari Airiainen. Ilmoittautumiset Karille 18.4. menness\u00e4 puh. 0504912089 tai s\u00e4hk\u00f6postilla kari.airiainen@gmail.com. Harjoitukset sopivat niin ensikertalaisille, kuin my\u00f6s lajin pariin palaaville koirille. Harjoituksissa tutustutaan tyhj\u00e4\u00e4n keinoluolastoon ja ahdinkoputkeen sek\u00e4 saadaan k\u00e4yd\u00e4 keskustelua ja jakaa vinkkej\u00e4 lajiin liittyen. Harjoituksiin osallistuminen kerholaisille on ilmaista. Tarvitaan v\u00e4hint\u00e4\u00e4n viisi osallistujaa, jotta harjoitukset j\u00e4rjestet\u00e4\u00e4n. HOX! T\u00e4\u00e4ll\u00e4 saa vinkkej\u00e4 my\u00f6s elokuun VERI\/MEJ\u00c4\/PIKA koetta varten!<\/p>\n\n\n\n<p>5.5.2021 MEJ\u00c4-et\u00e4teorialuento kokeeseen aikoville<\/p>\n\n\n\n<p>9.5.2021 LUT-harjoitukset kettujen kanssa <br>Harjoitukset j\u00e4rjestet\u00e4\u00e4n yhteisty\u00f6ss\u00e4 OSTY:n kanssa Oulussa. M\u00e4yr\u00e4koirille varattu paikat iltap\u00e4iv\u00e4n koulutukseen. Tarvitaan v\u00e4hint\u00e4\u00e4n viisi osallistujaa, jotta harjoitukset j\u00e4rjestet\u00e4\u00e4n. Tarkemmat tiedot harjoitusten osallistumismaksusta ja ilmoittautumisesta ilmoitetaan my\u00f6hemmin.<\/p>\n\n\n\n<p>22.5.2021 Kokeenomainen mej\u00e4-koekurssi Rovaniemell\u00e4 yhteisty\u00f6ss\u00e4 Lapin Nuuskujen kanssa.<\/p>\n\n\n\n<p>29.-30.5.2021 LUT-koe <br>OSTY:n j\u00e4rjest\u00e4m\u00e4 koe Oulussa.<br>Ylituomari Johan Carlson.<br>Osanottomaksu 50\u20ac maksetaan paikan p\u00e4\u00e4ll\u00e4 pankkikortilla.<br>Kokeeseen mahtuu 12 koiraa.<br>Ilmoittautuminen kokeeseen 1.-22.5.<br><a rel=\"noreferrer noopener\" href=\"https:\/\/docs.google.com\/forms\/d\/e\/1FAIpQLSdlm7SAST1eKxTsgyuXmvJxnRNhiiz_njOMilcsjBwwyoDNWg\/closedform\" target=\"_blank\">Lauantain ilmoittautumislinkki<\/a><br><a rel=\"noreferrer noopener\" href=\"https:\/\/docs.google.com\/forms\/d\/e\/1FAIpQLSfOHdVIBVrFq0rwdf9Fq-rkwHia957z8OcAB0wom7BzKoi_bg\/closedform\" target=\"_blank\">Sunnuntain ilmoittautumislinkki<\/a><\/p>\n\n\n\n<p>6.6.2021 MEJ\u00c4-koe Kantoj\u00e4rvell\u00e4<\/p>\n\n\n\n<figure class=\"wp-block-table\"><table><tbody><tr><td>Paikka<\/td><td>Tornio (Kantoj\u00e4rvi)<\/td><td>&nbsp;<\/td><\/tr><tr><td>&nbsp;<\/td><td>J\u00e4rjest\u00e4j\u00e4<\/td><td>LAPIN M\u00c4YR\u00c4KOIRAKERHO RY<\/td><td>&nbsp;<\/td><\/tr><tr><td>&nbsp;<\/td><td>Tapahtumantyyppi<\/td><td>yleinen<\/td><td>&nbsp;<\/td><\/tr><tr><td>&nbsp;<\/td><td>Luokat<\/td><td>AVO, VOI<\/td><td>&nbsp;<\/td><\/tr><tr><td>&nbsp;<\/td><td>Ylituomari<\/td><td>LEA FOUDILAINEN<\/td><td>&nbsp;<\/td><\/tr><tr><td>&nbsp;<\/td><td>Ilmoittautuminen<\/td><td>19.04.-24.05.2021<br>Osanottomaksu 80,00\u20ac<\/td><td>&nbsp;<\/td><\/tr><tr><td>&nbsp;<\/td><td>Ilmoittautumisten vastaanottaja<\/td><td>KATJA ELINA MIETTUNEN<br>OX\u00d6NTIE 31 95470 TORNIO<br>puh. 040-706 3438<br>miettunen.katja@gmail.com<\/td><td>&nbsp;<\/td><\/tr><tr><td>&nbsp;<\/td><td>&nbsp;<\/td><td>Osanottomaksu koepaikan varmistuttua. J\u00e4ljentekij\u00f6ille palautetaan osa osanottomaksusta kulukorvauksena.<\/td><td>&nbsp;<\/td><\/tr><tr><td>&nbsp;<\/td><td>Rajoituksen perusteet<\/td><td>\n<p>Koiram\u00e4\u00e4r\u00e4\u00e4 koskeva rajoitus<br>Etusija j\u00e4rjest\u00e4v\u00e4n yhdistyksen j\u00e4senill\u00e4<\/p>\n<\/td><\/tr><\/tbody><\/table><\/figure>\n\n\n\n<p>10.6.2021 MEJ\u00c4-koe Tervolassa<\/p>\n\n\n\n<figure class=\"wp-block-table\"><table><tbody><tr><td>Paikka<\/td><td>Tervola<\/td><td>&nbsp;<\/td><\/tr><tr><td>&nbsp;<\/td><td>J\u00e4rjest\u00e4j\u00e4<\/td><td>LAPIN M\u00c4YR\u00c4KOIRAKERHO RY<\/td><td>&nbsp;<\/td><\/tr><tr><td>&nbsp;<\/td><td>Tapahtumantyyppi<\/td><td>yleinen<\/td><td>&nbsp;<\/td><\/tr><tr><td>&nbsp;<\/td><td>Luokat<\/td><td>AVO, VOI<\/td><td>&nbsp;<\/td><\/tr><tr><td>&nbsp;<\/td><td>Ylituomari<\/td><td>KARI HYYTI\u00c4INEN<\/td><td>&nbsp;<\/td><\/tr><tr><td>&nbsp;<\/td><td>Ilmoittautuminen<\/td><td>26.04.-25.05.2021<br>Osanottomaksu 80,00\u20ac<\/td><td>&nbsp;<\/td><\/tr><tr><td>&nbsp;<\/td><td>Ilmoittautumisten vastaanottaja<\/td><td>Sirpa Penttil\u00e4<br>TIITONTIE 4 95230 MAKSNIEMI<br>puh. 0452671673<br>penttila.s@gmail.com<\/td><td>&nbsp;<\/td><\/tr><tr><td>&nbsp;<\/td><td>&nbsp;<\/td><td>Osanottomaksu koepaikan varmistuttua. J\u00e4ljentekij\u00f6ille palautetaan osa osanottomaksusta kulukorvauksena.<\/td><td>&nbsp;<\/td><\/tr><tr><td>&nbsp;<\/td><td>Rajoituksen perusteet<\/td><td>Koiram\u00e4\u00e4r\u00e4\u00e4 koskeva rajoitus: Iltakoe.<br>Etusija j\u00e4rjest\u00e4v\u00e4n yhdistyksen j\u00e4senill\u00e4<\/td><\/tr><\/tbody><\/table><\/figure>\n\n\n\n<p>23.6.2021 MEJ\u00c4-koe Rovaniemell\u00e4<\/p>\n\n\n\n<figure class=\"wp-block-table\"><table><tbody><tr><td>Paikka<\/td><td>Rovaniemi<\/td><td>&nbsp;<\/td><\/tr><tr><td>&nbsp;<\/td><td>J\u00e4rjest\u00e4j\u00e4<\/td><td>LAPIN M\u00c4YR\u00c4KOIRAKERHO RY<\/td><td>&nbsp;<\/td><\/tr><tr><td>&nbsp;<\/td><td>Tapahtumantyyppi<\/td><td>yleinen<\/td><td>&nbsp;<\/td><\/tr><tr><td>&nbsp;<\/td><td>Luokat<\/td><td>AVO, VOI<\/td><td>&nbsp;<\/td><\/tr><tr><td>&nbsp;<\/td><td>Ylituomari<\/td><td>MARIKA AHOLA<\/td><td>&nbsp;<\/td><\/tr><tr><td>&nbsp;<\/td><td>Ilmoittautuminen<\/td><td>10.05.-07.06.2021<br>Osanottomaksu 80,00\u20ac<\/td><td>&nbsp;<\/td><\/tr><tr><td>&nbsp;<\/td><td>Ilmoittautumisten vastaanottaja<\/td><td>ELLA P\u00c4TSI<br>LOHIRANNANTIE 270 97940 LOHIRANTA<br>puh. 0408357089<br>ella.mourujarvi@gmail.com<\/td><td>&nbsp;<\/td><\/tr><tr><td>&nbsp;<\/td><td>&nbsp;<\/td><td>Osanottomaksu koepaikan varmistuttua. J\u00e4ljentekij\u00f6ille palautetaan osa osanottomaksusta kulukorvauksena.<\/td><td>&nbsp;<\/td><\/tr><tr><td>&nbsp;<\/td><td>Rajoituksen perusteet<\/td><td>Koiram\u00e4\u00e4r\u00e4\u00e4 koskeva rajoitus: Iltakoe. Max. 4 osallistujaa.<br>Etusija j\u00e4rjest\u00e4v\u00e4n yhdistyksen j\u00e4senill\u00e4<\/td><\/tr><\/tbody><\/table><\/figure>\n\n\n\n<p>8.8.2021 MEJ\u00c4-koe Posiolla<\/p>\n\n\n\n<figure class=\"wp-block-table\"><table><tbody><tr><td>Paikka<\/td><td>Posio (Lohiranta)<\/td><td>&nbsp;<\/td><\/tr><tr><td>&nbsp;<\/td><td>J\u00e4rjest\u00e4j\u00e4<\/td><td>LAPIN M\u00c4YR\u00c4KOIRAKERHO RY<\/td><td>&nbsp;<\/td><\/tr><tr><td>&nbsp;<\/td><td>Tapahtumantyyppi<\/td><td>j\u00e4sentenv\u00e4linen<\/td><td>&nbsp;<\/td><\/tr><tr><td>&nbsp;<\/td><td>Luokat<\/td><td>AVO, VOI<\/td><td>&nbsp;<\/td><\/tr><tr><td>&nbsp;<\/td><td>Ylituomari<\/td><td>JUHA PELTTARI<\/td><td>&nbsp;<\/td><\/tr><tr><td>&nbsp;<\/td><td>Ilmoittautuminen<\/td><td>28.06.-26.07.2021<br>Osanottomaksu 80,00\u20ac<\/td><td>&nbsp;<\/td><\/tr><tr><td>&nbsp;<\/td><td>Ilmoittautumisten vastaanottaja<\/td><td>ELLA P\u00c4TSI<br>LOHIRANNANTIE 270 97940 LOHIRANTA<br>puh. 0408357089<br>ella.mourujarvi@gmail.com<\/td><td>&nbsp;<\/td><\/tr><tr><td>&nbsp;<\/td><td>&nbsp;<\/td><td>Osanottomaksu koepaikan varmistuttua. J\u00e4ljentekij\u00f6ille palautetaan osa osanottomaksusta kulukorvauksena.<\/td><td>&nbsp;<\/td><\/tr><tr><td>&nbsp;<\/td><td>Rajoituksen perusteet<\/td><td>Koiram\u00e4\u00e4r\u00e4\u00e4 koskeva rajoitus<br>Etusija j\u00e4rjest\u00e4v\u00e4n yhdistyksen j\u00e4senill\u00e4: Molemmissa luokissa j\u00e4rjest\u00e4v\u00e4n yhdistyksen kerhonmestaruus<\/td><\/tr><\/tbody><\/table><\/figure>\n\n\n\n<p>21.-22.8.2021 VERI\/MEJ\u00c4\/PIKA-kokeet Utsjoella yhteisty\u00f6ss\u00e4 Lahden Seudun M\u00e4yr\u00e4koirakerhon kanssa.<\/p>\n\n\n\n<p>25.9.2021 M\u00c4AJ-piirinmestaruuskoe Ylitorniolla.<\/p>\n\n\n\n<p>30.10.2021 M\u00c4AJ-koe Kemiss\u00e4.<\/p>\n\n\n\n<h3 class=\"wp-block-heading\"><span style=\"color: #ff9900;\">Menneet tap<\/span><span style=\"color: #ff9900;\">ahtumat<\/span><\/h3>\n\n\n\n<p><a href=\"http:\/\/www.lmkk.org\/wp-content\/uploads\/2019\/08\/Menneet-tapahtumat-Vuosi-2018.pdf\" target=\"_blank\" rel=\"noopener\">Vuosi 2018<\/a><\/p>\n\n\n\n<p><a href=\"http:\/\/www.lmkk.org\/?page_id=2206\" target=\"_blank\" rel=\"noopener\">Vuosi 2019<\/a><\/p>\n\n\n\n<p><a href=\"http:\/\/www.lmkk.org\/?page_id=2211\" target=\"_blank\" rel=\"noopener\">Vuosi 2020<\/a><\/p>\n\n\n\n<hr class=\"wp-block-separator has-css-opacity\"\/>\n\n\n\n<p><\/p>\n","protected":false},"excerpt":{"rendered":"<p>Tapahtumat 2023 2.4.2023 N\u00e4yttelytreenit Nuuskuhallilla 12:00-14:00. Osoite Vapaudentie 1, Rovaniemi. Tapahtumat 2021 21.4.2021 MEJ\u00c4-et\u00e4teorialuento aloittelijoille 24.4.2021 LUT-harjoitukset ilman kettua Harjoitukset j\u00e4rjestet\u00e4\u00e4n klo 12.00 alkaen Ylitorniolla. Kouluttajana toimii Kari Airiainen. Ilmoittautumiset Karille 18.4. menness\u00e4 puh. 0504912089 tai s\u00e4hk\u00f6postilla kari.airiainen@gmail.com. Harjoitukset sopivat niin ensikertalaisille, kuin my\u00f6s lajin pariin palaaville koirille. Harjoituksissa tutustutaan tyhj\u00e4\u00e4n keinoluolastoon ja ahdinkoputkeen sek\u00e4 &hellip; <\/p>\n<p class=\"link-more\"><a href=\"http:\/\/www.lmkk.org\/?page_id=724\" class=\"more-link\">Jatka lukemista<span class=\"screen-reader-text\"> &#8221;Tapahtumakalenteri&#8221;<\/span><\/a><\/p>\n","protected":false},"author":1,"featured_media":0,"parent":0,"menu_order":0,"comment_status":"open","ping_status":"open","template":"","meta":{"footnotes":""},"class_list":["post-724","page","type-page","status-publish","hentry"],"_links":{"self":[{"href":"http:\/\/www.lmkk.org\/index.php?rest_route=\/wp\/v2\/pages\/724","targetHints":{"allow":["GET"]}}],"collection":[{"href":"http:\/\/www.lmkk.org\/index.php?rest_route=\/wp\/v2\/pages"}],"about":[{"href":"http:\/\/www.lmkk.org\/index.php?rest_route=\/wp\/v2\/types\/page"}],"author":[{"embeddable":true,"href":"http:\/\/www.lmkk.org\/index.php?rest_route=\/wp\/v2\/users\/1"}],"replies":[{"embeddable":true,"href":"http:\/\/www.lmkk.org\/index.php?rest_route=%2Fwp%2Fv2%2Fcomments&post=724"}],"version-history":[{"count":56,"href":"http:\/\/www.lmkk.org\/index.php?rest_route=\/wp\/v2\/pages\/724\/revisions"}],"predecessor-version":[{"id":2343,"href":"http:\/\/www.lmkk.org\/index.php?rest_route=\/wp\/v2\/pages\/724\/revisions\/2343"}],"wp:attachment":[{"href":"http:\/\/www.lmkk.org\/index.php?rest_route=%2Fwp%2Fv2%2Fmedia&parent=724"}],"curies":[{"name":"wp","href":"https:\/\/api.w.org\/{rel}","templated":true}]}}