{"id":870,"date":"2017-02-19T11:01:11","date_gmt":"2017-02-19T11:01:11","guid":{"rendered":"http:\/\/www.lmkk.org\/?page_id=870"},"modified":"2017-02-19T11:01:11","modified_gmt":"2017-02-19T11:01:11","slug":"menneet-tapahtumat-vuosi-2016","status":"publish","type":"page","link":"http:\/\/www.lmkk.org\/?page_id=870","title":{"rendered":"Menneet tapahtumat &#8211; Vuosi 2016"},"content":{"rendered":"<ul>\n<li><strong>23.4. LUT-harjoitukset Oulussa<\/strong><\/li>\n<\/ul>\n<p>Harjoitukset j\u00e4rjestet\u00e4\u00e4n yhteisty\u00f6ss\u00e4 Oulun seudun terrieriyhdistyksen kanssa.<br \/>\nHarjoituksiin otetaan yhteens\u00e4 20 koiraa,<br \/>\netusijalla ovat kerhojen j\u00e4senet. Lapin M\u00e4yr\u00e4koirakerhosta mahtuu siis 10 koiraa. Osallistumismaksu 10,00\u20ac<br \/>\nmaksetaan paikan p\u00e4\u00e4ll\u00e4. Ilmoittautumiset 10.4. menness\u00e4 040 835 7089 tai lmkk.sihteeri@gmail.com.<\/p>\n<ul>\n<li><strong>23.4. LUT-kouluttajien t\u00e4ydennyskoulutus\u00a0Oulussa<\/strong><\/li>\n<\/ul>\n<p>Koulutus\u00a0j\u00e4rjestet\u00e4\u00e4n yhteisty\u00f6ss\u00e4 Oulun seudun terrieriyhdistyksen kanssa.<br \/>\nKouluttajana ylituomari Kari Airiainen.\u00a0Lis\u00e4tietoa my\u00f6hemmin.<\/p>\n<ul>\n<li><strong>6.5. LUT-harjoitukset Louella<\/strong><\/li>\n<\/ul>\n<p>Harjoituksiin otetaan 10 koiraa, etusijalla ovat Lapin M\u00e4yr\u00e4koirakerhon j\u00e4senet. Osallistumismaksu 10,00\u20ac<br \/>\nmaksetaan paikan p\u00e4\u00e4ll\u00e4. Ilmoittautumiset 29.4. menness\u00e4 040 835 7089 tai lmkk.sihteeri@gmail.com.<\/p>\n<ul>\n<li><strong>6.5. PIKA-harjoitukset Louella<\/strong><\/li>\n<\/ul>\n<p>PIKA- eli pienoism\u00e4yt\u00e4koirien k\u00e4ytt\u00f6taipumusharjoitukset. Osallistumismaksu 10,00\u20ac<br \/>\nmaksetaan paikan p\u00e4\u00e4ll\u00e4. Ilmoittautumiset 29.4. menness\u00e4 040 835 7089 tai lmkk.sihteeri@gmail.com.<\/p>\n<ul>\n<li><strong>7.-8.5. LUT-kokeet Louella<\/strong><\/li>\n<\/ul>\n<p>Ylituomari Kari Airiainen. Ilmoittautumiset 1.4.-29.4. v\u00e4lisen\u00e4 aikana:<\/p>\n<p>Ella Mouruj\u00e4rvi<br \/>\nLohirannantie 270<br \/>\n97940 Lohiranta<br \/>\n040 835 7089<br \/>\nlmkk.sihteeri@gmail.com<\/p>\n<p>Kokeeseen otetaan max. 15 koiraa\/p\u00e4iv\u00e4. Osanottomaksu 50,00\u20ac maksetaan vasta koepaikan varmistuttua.<br \/>\nLapin M\u00e4yr\u00e4koirakerhon tilinumero FI98 5640 0220 2669 07, viitenumero 12409.<\/p>\n<p>Lis\u00e4ksi tarvittaessa\u00a0j\u00e4rjestet\u00e4\u00e4n luonnonluolan tarkastuksia Muurolassa,<br \/>\nosallistumismaksu 10,00\u20ac maksetaan paikan p\u00e4\u00e4ll\u00e4.<\/p>\n<ul>\n<li><strong>21.-22.5. MEJ\u00c4-koetoimitsijakurssi\u00a0Torniossa<\/strong><\/li>\n<\/ul>\n<p>Kurssin johtajana toimii Marika Ahola ja avustajana Kari Airiainen.<br \/>\nKurssi sis\u00e4lt\u00e4\u00e4 etuk\u00e4teisteht\u00e4v\u00e4n, teorialuennot ja maastoharjoittelut lauantaina sek\u00e4 koeharjoittelut ja loppukokeen sunnuntaina. Kurssilaiset osallistuvat viikonloppuna j\u00e4rjestett\u00e4v\u00e4n MEJ\u00c4-kokeen teht\u00e4viin.<\/p>\n<p>Koulutukseen osallistuvalla tulee olla j\u00e4senyhdistyksens\u00e4 suositus, koetoimitsijakoulutuksen 1-kurssin hyv\u00e4ksytty suoritus sek\u00e4:<br \/>\n&#8211; Toiminut j\u00e4ljest\u00e4miskokeissa toimitsijana, tekem\u00e4ss\u00e4 j\u00e4lki\u00e4 ja opastanut niit\u00e4<br \/>\n&#8211; Toiminut koiranohjaajana j\u00e4ljest\u00e4miskokeessa<br \/>\n&#8211; Omaa kyvyn ilmaista itse\u00e4\u00e4n suullisesti ja kirjallisesti<br \/>\n&#8211; On kykenev\u00e4 organisoimaan ja johtamaan isoakin joukkoa koetoimitsijoita ja kokeeseen osallistujia<br \/>\n&#8211; Oltava t\u00e4ysi-ik\u00e4inen ja oikeustoimikelpoinen<br \/>\n&#8211; Oltava SKL-FKK ry:n j\u00e4sen.<\/p>\n<p>Rajoitettu osallistujam\u00e4\u00e4r\u00e4. Kurssin hinta on 40 \u20ac sis\u00e4lt\u00e4en kurssimateriaalin ja viikonlopun ruokailut. Kurssipaikalla on mahdollisuus majoitukseen. Kurssimaksu maksetaan paikan varmistuttua Lapin M\u00e4yr\u00e4koirakerhon tilille FI98 5640 0220 2669 07 (viitenumero 12496).<\/p>\n<p>Ilmoittautumiset 27.4.2016 menness\u00e4 joko postitse Marika Ahola, Vorokkikuja 5, 96460 Rovaniemi tai s\u00e4hk\u00f6postitse marika_ahola@hotmail.com.<\/p>\n<p>Ilmoittautumiseen tulee liitt\u00e4\u00e4 yhdistyksen suositus ja vapaamuotoinen selvitys p\u00e4\u00e4syvaatimusten t\u00e4yttymisest\u00e4.<\/p>\n<p>Yhdistyksen puoltopyynn\u00f6t voi tehd\u00e4 s\u00e4hk\u00f6postitse joko minulla lmkk.puheenjohtaja@gmail.com tai sihteerille Ellalle lmkk.sihteeri@gmail.com.<\/p>\n<ul>\n<li><strong>22.5. MEJ\u00c4-koe Torniossa<\/strong><\/li>\n<\/ul>\n<p>Ylituomari Juha Karlstr\u00f6m. lmoittautumiset 1.4.-1.5. v\u00e4lisen\u00e4 aikana:<\/p>\n<p>Minna Kilpel\u00e4inen<br \/>\nPaakkolantie 1365<br \/>\n95590 Tornio<br \/>\n040 860 7641<br \/>\nminna.kilpelainen@suomi24.fi<\/p>\n<p>Ilmoittautumislomakkeen l\u00f6yd\u00e4t <a href=\"http:\/\/www.lmkk.org\/wp-content\/uploads\/2014\/04\/MEJ\u00c4_ilmoittautumislomake.pdf\">t\u00e4\u00e4lt\u00e4<\/a>.<\/p>\n<p>Etusija j\u00e4rjest\u00e4v\u00e4n yhdistyksen j\u00e4senill\u00e4. Osanottomaksu 80,00\u20ac maksetaan koepaikalla. J\u00e4ljentekij\u00f6ille kulukorvaus.<\/p>\n<ul>\n<li><strong>28.-29.5.\u00a0Luonnetesti Rovaniemell\u00e4<\/strong><\/li>\n<\/ul>\n<p>Lapin M\u00e4yr\u00e4koirakerho j\u00e4rjest\u00e4\u00e4 luonnetestin 28.-29.5.2016 Rovaniemell\u00e4.<br \/>\nTarkemmat tiedot l\u00f6ytyv\u00e4t Palveluskoiraliiton <a href=\"http:\/\/www.virkku.net\/index.cfm?template=ilmoittaudu.cfm&amp;koeId=863\">Virkku.net<\/a>:st\u00e4.<\/p>\n<ul>\n<li><strong>15.6. Match Show Kemiss\u00e4<\/strong><\/li>\n<\/ul>\n<p><a href=\"http:\/\/www.lmkk.org\/tervetuloa\/kemi-matsari-mainos\/\" rel=\"attachment wp-att-772\"><img loading=\"lazy\" decoding=\"async\" class=\"aligncenter wp-image-772 size-large\" src=\"http:\/\/www.lmkk.org\/wp-content\/uploads\/2014\/05\/Kemi-m\u00e4ts\u00e4ri-mainos-724x1024.jpg\" alt=\"Kemi m\u00e4ts\u00e4ri mainos\" width=\"640\" height=\"905\" srcset=\"http:\/\/www.lmkk.org\/wp-content\/uploads\/2014\/05\/Kemi-m\u00e4ts\u00e4ri-mainos-724x1024.jpg 724w, http:\/\/www.lmkk.org\/wp-content\/uploads\/2014\/05\/Kemi-m\u00e4ts\u00e4ri-mainos-212x300.jpg 212w, http:\/\/www.lmkk.org\/wp-content\/uploads\/2014\/05\/Kemi-m\u00e4ts\u00e4ri-mainos-768x1086.jpg 768w, http:\/\/www.lmkk.org\/wp-content\/uploads\/2014\/05\/Kemi-m\u00e4ts\u00e4ri-mainos.jpg 1240w\" sizes=\"auto, (max-width: 640px) 100vw, 640px\" \/><\/a><\/p>\n<p><a href=\"http:\/\/www.lmkk.org\/tervetuloa\/kkpgrayscale\/\" rel=\"attachment wp-att-774\"><img loading=\"lazy\" decoding=\"async\" class=\"aligncenter wp-image-774 size-large\" src=\"http:\/\/www.lmkk.org\/wp-content\/uploads\/2014\/05\/KKPGrayscale-1024x93.png\" alt=\"KKPGrayscale\" width=\"640\" height=\"58\" srcset=\"http:\/\/www.lmkk.org\/wp-content\/uploads\/2014\/05\/KKPGrayscale-1024x93.png 1024w, http:\/\/www.lmkk.org\/wp-content\/uploads\/2014\/05\/KKPGrayscale-300x27.png 300w, http:\/\/www.lmkk.org\/wp-content\/uploads\/2014\/05\/KKPGrayscale-768x70.png 768w, http:\/\/www.lmkk.org\/wp-content\/uploads\/2014\/05\/KKPGrayscale.png 1501w\" sizes=\"auto, (max-width: 640px) 100vw, 640px\" \/><\/a><\/p>\n<p><a href=\"http:\/\/www.lmkk.org\/tervetuloa\/biobag\/\" rel=\"attachment wp-att-776\"><img loading=\"lazy\" decoding=\"async\" class=\"aligncenter size-medium wp-image-776\" src=\"http:\/\/www.lmkk.org\/wp-content\/uploads\/2014\/05\/BioBag-269x300.jpg\" alt=\"BioBag\" width=\"269\" height=\"300\" srcset=\"http:\/\/www.lmkk.org\/wp-content\/uploads\/2014\/05\/BioBag-269x300.jpg 269w, http:\/\/www.lmkk.org\/wp-content\/uploads\/2014\/05\/BioBag.jpg 510w\" sizes=\"auto, (max-width: 269px) 100vw, 269px\" \/><\/a><\/p>\n<ul>\n<li><strong>14.8. MEJ\u00c4-koe\u00a0Rovaniemell\u00e4<\/strong><\/li>\n<\/ul>\n<p>Koe j\u00e4rjestet\u00e4\u00e4n yhteisty\u00f6ss\u00e4 Rovaniemen K\u00e4ytt\u00f6koirat ry:n kanssa.<br \/>\nYlituomarina Eino J\u00e4ms\u00e4. Ilmoittautumiset 27.6.-27.7. v\u00e4lisen\u00e4 aikana:<\/p>\n<p>Marika Ahola<br \/>\nVorokkikuja 5<br \/>\n96460 Rovaniemi<br \/>\n040 534 8663<br \/>\nmarika_ahola@hotmail.com<\/p>\n<p>Ilmoittautumislomakkeen l\u00f6yd\u00e4t <a href=\"http:\/\/www.lmkk.org\/tapahtumakalenteri\/meja_ilmoittautumislomake\/\" rel=\"attachment wp-att-340\">t\u00e4\u00e4lt\u00e4<\/a>.<\/p>\n<p>Etusija j\u00e4rjest\u00e4v\u00e4n yhdistyksen j\u00e4senill\u00e4. Osanottomaksu 80,00\u20ac maksetaan koepaikalla. J\u00e4ljentekij\u00f6ille kulukorvaus.<\/p>\n<ul>\n<li><strong>21.8. MEJ\u00c4-koe Posiolla<\/strong><\/li>\n<\/ul>\n<p>Koe on samalla kerhonmestaruus molemmissa luokissa.<br \/>\nYlituomarina Aila Pekkarinen. Ilmoittautumiset 4.7.-4.8. v\u00e4lisen\u00e4 aikana:<\/p>\n<p>Marika Ahola<br \/>\nVorokkikuja 5<br \/>\n96460 Rovaniemi<br \/>\n040 534 8663<br \/>\nmarika_ahola@hotmail.com<\/p>\n<p>Ilmoittautumislomakkeen l\u00f6yd\u00e4t <a href=\"http:\/\/www.lmkk.org\/tapahtumakalenteri\/meja_ilmoittautumislomake\/\" rel=\"attachment wp-att-340\">t\u00e4\u00e4lt\u00e4<\/a>.<\/p>\n<p>Etusija j\u00e4rjest\u00e4v\u00e4n yhdistyksen j\u00e4senill\u00e4. Osanottomaksu 80,00\u20ac maksetaan koepaikalla. J\u00e4ljentekij\u00f6ille kulukorvaus.<\/p>\n<ul>\n<li><strong>2.-3.9. M\u00c4AJ-palkintotuomarin peruskurssi Muurolassa<\/strong><\/li>\n<\/ul>\n<p>Kouluttajana ylituomari Kari Airiainen.\u00a0Ilmoittautumiset 21.8. menness\u00e4:<\/p>\n<p>Vuokko Huovinen<br \/>\n045 114 2006<br \/>\nvuokkohuovinen@gmail.com<\/p>\n<ul>\n<li><strong>3.9. M\u00c4AJ-palkintotuomareiden jatkokoulutus Muurolassa<\/strong><\/li>\n<\/ul>\n<p>Kouluttajana ylituomari Risto Kellin. Ilmoittautumiset 25.8. menness\u00e4:<\/p>\n<p>Vuokko Huovinen<br \/>\n045 114 2006<br \/>\nvuokkohuovinen@gmail.com<\/p>\n<ul>\n<li><strong>4.9. M\u00c4AJ-koe Muurolassa<\/strong><\/li>\n<\/ul>\n<p>Koe on samalla Lapin kennelpiirin piirinmestaruuskoe,<br \/>\nosallistujat valitaan piirimestaruuskokeen valintas\u00e4\u00e4nt\u00f6jen mukaisesti.<br \/>\nYlituomari Risto Kellin, koiranohjaaja ilmoittaa palkintotuomarin.<\/p>\n<p>Osallistumismaksu 55,00\u20ac maksetaan paikan p\u00e4\u00e4ll\u00e4.<\/p>\n<p>Ilmottautumiset 8.-28.8. v\u00e4lisen\u00e4 aikana:<\/p>\n<p>Vuokko Huovinen<br \/>\nPasmantie 23<br \/>\n97140 Muurola<br \/>\n045 114 2006<br \/>\nvuokkohuovinen@gmail.com<\/p>\n<ul>\n<li><strong>17.9. Ruska-ajot M\u00c4AJ-koe Muurolassa<\/strong><\/li>\n<\/ul>\n<p>Koe j\u00e4rjestet\u00e4\u00e4n yhteisty\u00f6ss\u00e4 Muurolan Er\u00e4miesten kanssa.<br \/>\nKoe on samalla kerhonmestaruuskoe. Kokeeseen mahtuu 12 koiraa.<br \/>\nP\u00e4\u00e4palkintona on Ultra Pointin tutkapanta!<br \/>\nYlituomari Kari Airiainen, koiranohjaaja ilmoittaa palkintotuomarin.<\/p>\n<p>Osallistumismaksu 70,00\u20ac, maksuohje tulee ilmoittautumisen j\u00e4lkeen.<\/p>\n<p>Ilmottautumiset 22.8.-9.9. v\u00e4lisen\u00e4 aikana:<\/p>\n<p>Vuokko Huovinen<br \/>\nPasmantie 23<br \/>\n97140 Muurola<br \/>\n045 114 2006<br \/>\nvuokkohuovinen@gmail.com<\/p>\n<ul>\n<li><strong>17.-30.10. M\u00c4AJ-pitk\u00e4koe Muurolassa<\/strong><\/li>\n<\/ul>\n<p>Ylituomari Kari Airiainen, koiranohjaaja ilmoittaa palkintotuomarin ja koemaaston.<br \/>\nPalkintotuomarin hankinnassa avustetaan.<\/p>\n<p>Osallistumismaksu 20,00\u20ac maksetaan paikan p\u00e4\u00e4ll\u00e4.<\/p>\n<p>Ilmottautumiset 24.9.-10.10. v\u00e4lisen\u00e4 aikana:<\/p>\n<p>Kari Airiainen<br \/>\nTengeli\u00f6ntie 671<br \/>\n95635 Kaulinranta<br \/>\n050 491 2089<br \/>\nkari.airiainen@gmail.com<\/p>\n","protected":false},"excerpt":{"rendered":"<p>23.4. LUT-harjoitukset Oulussa Harjoitukset j\u00e4rjestet\u00e4\u00e4n yhteisty\u00f6ss\u00e4 Oulun seudun terrieriyhdistyksen kanssa. Harjoituksiin otetaan yhteens\u00e4 20 koiraa, etusijalla ovat kerhojen j\u00e4senet. Lapin M\u00e4yr\u00e4koirakerhosta mahtuu siis 10 koiraa. Osallistumismaksu 10,00\u20ac maksetaan paikan p\u00e4\u00e4ll\u00e4. Ilmoittautumiset 10.4. menness\u00e4 040 835 7089 tai lmkk.sihteeri@gmail.com. 23.4. LUT-kouluttajien t\u00e4ydennyskoulutus\u00a0Oulussa Koulutus\u00a0j\u00e4rjestet\u00e4\u00e4n yhteisty\u00f6ss\u00e4 Oulun seudun terrieriyhdistyksen kanssa. Kouluttajana ylituomari Kari Airiainen.\u00a0Lis\u00e4tietoa my\u00f6hemmin. 6.5. LUT-harjoitukset Louella &hellip; <\/p>\n<p class=\"link-more\"><a href=\"http:\/\/www.lmkk.org\/?page_id=870\" class=\"more-link\">Jatka lukemista<span class=\"screen-reader-text\"> &#8221;Menneet tapahtumat &#8211; Vuosi 2016&#8221;<\/span><\/a><\/p>\n","protected":false},"author":1,"featured_media":0,"parent":0,"menu_order":0,"comment_status":"closed","ping_status":"closed","template":"","meta":{"footnotes":""},"class_list":["post-870","page","type-page","status-publish","hentry"],"_links":{"self":[{"href":"http:\/\/www.lmkk.org\/index.php?rest_route=\/wp\/v2\/pages\/870","targetHints":{"allow":["GET"]}}],"collection":[{"href":"http:\/\/www.lmkk.org\/index.php?rest_route=\/wp\/v2\/pages"}],"about":[{"href":"http:\/\/www.lmkk.org\/index.php?rest_route=\/wp\/v2\/types\/page"}],"author":[{"embeddable":true,"href":"http:\/\/www.lmkk.org\/index.php?rest_route=\/wp\/v2\/users\/1"}],"replies":[{"embeddable":true,"href":"http:\/\/www.lmkk.org\/index.php?rest_route=%2Fwp%2Fv2%2Fcomments&post=870"}],"version-history":[{"count":1,"href":"http:\/\/www.lmkk.org\/index.php?rest_route=\/wp\/v2\/pages\/870\/revisions"}],"predecessor-version":[{"id":871,"href":"http:\/\/www.lmkk.org\/index.php?rest_route=\/wp\/v2\/pages\/870\/revisions\/871"}],"wp:attachment":[{"href":"http:\/\/www.lmkk.org\/index.php?rest_route=%2Fwp%2Fv2%2Fmedia&parent=870"}],"curies":[{"name":"wp","href":"https:\/\/api.w.org\/{rel}","templated":true}]}}