{"id":911,"date":"2017-07-26T11:14:18","date_gmt":"2017-07-26T11:14:18","guid":{"rendered":"http:\/\/www.lmkk.org\/?page_id=911"},"modified":"2017-12-01T16:59:43","modified_gmt":"2017-12-01T16:59:43","slug":"menneet-tapahtumat-vuosi-2017","status":"publish","type":"page","link":"http:\/\/www.lmkk.org\/?page_id=911","title":{"rendered":"Menneet tapahtumat &#8211; Vuosi 2017"},"content":{"rendered":"<ul>\n<li><strong>21.5. MEJ\u00c4-koe Torniossa<\/strong><\/li>\n<\/ul>\n<p>Ylituomari Eino J\u00e4ms\u00e4. Ilmoittautumiset 1.-28.4. v\u00e4lisen\u00e4 aikana:<\/p>\n<p>Minna Kilpel\u00e4inen<br \/>\nPaakkolantie 1365<br \/>\n95590 TORNIO<br \/>\npuh. 0408607641<br \/>\nminna.kilpelainen@outokumpu.com<\/p>\n<p>Ilmoittautumislomakkeen l\u00f6yd\u00e4t <a href=\"http:\/\/www.lmkk.org\/wp-content\/uploads\/2014\/04\/MEJ\u00c4_ilmoittautumislomake.pdf\" target=\"_blank\">t\u00e4\u00e4lt\u00e4<\/a>.<\/p>\n<p>Etusija j\u00e4rjest\u00e4v\u00e4n yhdistyksen j\u00e4senill\u00e4. Osanottomaksu 80,00\u20ac maksetaan koepaikalla.<br \/>\nOsallistumiseen sis\u00e4ltyy oppaan teht\u00e4v\u00e4t. Oppaille kulukorvaus.<\/p>\n<p>HOX!! KOE PERUTTU LUMITILANTEEN VUOKSI!<\/p>\n<ul>\n<li><strong>2.6. MEJ\u00c4-iltakoe Torniossa<\/strong><\/li>\n<\/ul>\n<p>Ylituomari Marika Ahola. Ilmoittautumiset 18.4.-10.5. v\u00e4lisen\u00e4 aikana:<\/p>\n<p>Minna Kilpel\u00e4inen<br \/>\nPaakkolantie 1365<br \/>\n95590 TORNIO<br \/>\npuh. 0408607641<br \/>\nminna.kilpelainen@outokumpu.com<\/p>\n<p>Ilmoittautumislomakkeen l\u00f6yd\u00e4t <a href=\"http:\/\/www.lmkk.org\/wp-content\/uploads\/2014\/04\/MEJ\u00c4_ilmoittautumislomake.pdf\" target=\"_blank\">t\u00e4\u00e4lt\u00e4<\/a>.<\/p>\n<p>Koe on iltakoe, max. 3 koiraa. Etusija j\u00e4rjest\u00e4v\u00e4n yhdistyksen j\u00e4senill\u00e4.<br \/>\nOsanottomaksu 80,00\u20ac maksetaan koepaikalla.<\/p>\n<ul>\n<li><strong>2.7. MEJ\u00c4-koe Torniossa<\/strong><\/li>\n<\/ul>\n<p>Koe j\u00e4rjestet\u00e4\u00e4n yhteisty\u00f6ss\u00e4 Lappalaiskoirat ry:n kanssa.<br \/>\nYlituomari Eino J\u00e4ms\u00e4. Ilmoittautumiset 15.5.-12.6. v\u00e4lisen\u00e4 aikana:<\/p>\n<p>Satu Valo<br \/>\nNivakatu 13<br \/>\n95420 Tornio<br \/>\npuh. 0407656791<br \/>\nsatu.valo@pp1.inet.fi<\/p>\n<p>Ilmoittautumislomakkeen l\u00f6yd\u00e4t <a href=\"http:\/\/www.lmkk.org\/wp-content\/uploads\/2014\/04\/MEJ\u00c4_ilmoittautumislomake.pdf\" target=\"_blank\">t\u00e4\u00e4lt\u00e4<\/a>.<\/p>\n<p>Etusija j\u00e4rjest\u00e4v\u00e4n yhdistyksen j\u00e4senill\u00e4. Osanottomaksu 80,00\u20ac maksetaan koepaikalla.<br \/>\nOsallistumiseen sis\u00e4ltyy oppaan teht\u00e4v\u00e4t. Oppaille kulukorvaus.<\/p>\n<ul>\n<li><strong>9.7. MEJ\u00c4-koe Posiolla<\/strong><\/li>\n<\/ul>\n<p>Ylituomari Juha Pelttari. Ilmoittautumiset 22.5.-19.6. v\u00e4lisen\u00e4 aikana:<\/p>\n<p>Ella Mouruj\u00e4rvi<br \/>\nLohirannantie 270<br \/>\n97940 Lohiranta<br \/>\npuh. 0408357089<br \/>\nella.mourujarvi@hotmail.com<\/p>\n<p>Ilmoittautumislomakkeen l\u00f6yd\u00e4t <a href=\"http:\/\/www.lmkk.org\/wp-content\/uploads\/2014\/04\/MEJ\u00c4_ilmoittautumislomake.pdf\" target=\"_blank\">t\u00e4\u00e4lt\u00e4<\/a>.<\/p>\n<p>Etusija j\u00e4rjest\u00e4v\u00e4n yhdistyksen j\u00e4senill\u00e4. Osanottomaksu 80,00\u20ac maksetaan koepaikalla.<br \/>\nOsallistumiseen sis\u00e4ltyy oppaan teht\u00e4v\u00e4t. Oppaille kulukorvaus.<\/p>\n<ul>\n<li><strong>5.-6.8. Luonnetesti Rovaniemell\u00e4<\/strong><\/li>\n<\/ul>\n<p>Luonnetesti j\u00e4rjestet\u00e4\u00e4n\u00a0yhteisty\u00f6ss\u00e4 Suomen Picardienpaimenkoirat ry:n kanssa.<\/p>\n<p>HOX! Luonnetesti on peruttu!<\/p>\n<ul>\n<li><strong>6.8. MEJ\u00c4-koe Rovaniemell\u00e4<\/strong><\/li>\n<\/ul>\n<p>Koe on samalla kerhonmestaruus molemmissa luokissa.<br \/>\nYlituomari Kari Hyyti\u00e4inen. Ilmoittautumiset 13.6.-13.7. v\u00e4lisen\u00e4 aikana:<\/p>\n<p>Marika Ahola<br \/>\nVorokkikuja 5<br \/>\n96460 Rovaniemi<br \/>\npuh. 0405348663<br \/>\nmarika_ahola@hotmail.com<\/p>\n<p>Ilmoittautumislomakkeen l\u00f6yd\u00e4t <a href=\"http:\/\/www.lmkk.org\/wp-content\/uploads\/2014\/04\/MEJ\u00c4_ilmoittautumislomake.pdf\" target=\"_blank\">t\u00e4\u00e4lt\u00e4<\/a>.<\/p>\n<p>Etusija j\u00e4rjest\u00e4v\u00e4n yhdistyksen j\u00e4senill\u00e4. Osanottomaksu 80,00\u20ac maksetaan koepaikalla.<br \/>\nOsallistumiseen sis\u00e4ltyy oppaan teht\u00e4v\u00e4t. Oppaille kulukorvaus.<\/p>\n<p><strong>27.8. MEJ\u00c4-koe Tervolassa<\/strong><\/p>\n<p>Koe on Lapin kennelpiirin piirinmestaruuskoe.<br \/>\nOsallistujat valitaan piirimestaruuskokeen valintas\u00e4\u00e4nt\u00f6jen mukaisesti.<br \/>\nYlituomari Lea Foudilainen. Ilmoittautumiset 17.7.-14.8. v\u00e4lisen\u00e4 aikana:<\/p>\n<p>Marika Ahola<br \/>\nVorokkikuja 5<br \/>\n96460 Rovaniemi<br \/>\npuh. 0405348663<br \/>\nmarika_ahola@hotmail.com<\/p>\n<p>Ilmoittautumislomakkeen l\u00f6yd\u00e4t <a href=\"http:\/\/www.lmkk.org\/wp-content\/uploads\/2014\/04\/MEJ\u00c4_ilmoittautumislomake.pdf\" target=\"_blank\">t\u00e4\u00e4lt\u00e4<\/a>.<\/p>\n<p>Osanottomaksu 80,00\u20ac maksetaan koepaikalla.<\/p>\n<ul>\n<li><strong>27.8. MEJ\u00c4-koe Tervolassa<\/strong><\/li>\n<\/ul>\n<p>Ylituomari Marika Ahola. Ilmoittautumiset 17.7.-14.8. v\u00e4lisen\u00e4 aikana:<\/p>\n<p>Marika Ahola<br \/>\nVorokkikuja 5<br \/>\n96460 Rovaniemi<br \/>\npuh. 0405348663<br \/>\nmarika_ahola@hotmail.com<\/p>\n<p>Ilmoittautumislomakkeen l\u00f6yd\u00e4t <a href=\"http:\/\/www.lmkk.org\/wp-content\/uploads\/2014\/04\/MEJ\u00c4_ilmoittautumislomake.pdf\" target=\"_blank\">t\u00e4\u00e4lt\u00e4<\/a>.<\/p>\n<p>Etusija j\u00e4rjest\u00e4v\u00e4n yhdistyksen j\u00e4senill\u00e4. Osanottomaksu 80,00\u20ac maksetaan koepaikalla.<br \/>\nOsallistumiseen sis\u00e4ltyy oppaan teht\u00e4v\u00e4t. Oppaille kulukorvaus.<\/p>\n<ul>\n<li><strong>16.9. Ruska-ajot M\u00c4AJ-koe Muurolassa<\/strong><\/li>\n<\/ul>\n<p>Koe j\u00e4rjestet\u00e4\u00e4n yhteisty\u00f6ss\u00e4 Muurolan Er\u00e4miesten kanssa.<br \/>\nKoe on samalla kerhonmestaruuskoe.<\/p>\n<p>Ylituomarina Mikko Lappalainen.<br \/>\nOsanottomaksu 60,00\u20ac<br \/>\nMaksuohje ilmoittautumisen j\u00e4lkeen. Koiranohjaaja ilmoittaa palkintotuomarin.<\/p>\n<p>Ilmoittautuminen 9.9.2017 menness\u00e4:<br \/>\nVuokko Huovinen<br \/>\npuh. 0451142006<br \/>\nvuokkohuovinen@gmail.com<\/p>\n<p>HOX! Ruska-ajot on peruttu!<\/p>\n<ul>\n<li><strong>23.9. M\u00c4AJ-koe Muurolassa<\/strong><\/li>\n<\/ul>\n<p>Koe on Lapin kennelpiirin piirinmestaruuskoe,<br \/>\nosallistujat valitaan piirimestaruuskokeen valintas\u00e4\u00e4nt\u00f6jen mukaisesti.<\/p>\n<p>Ylituomarina\u00a0Kari Uotila.<br \/>\nOsanottomaksu 60,00\u20ac<br \/>\nMaksuohje ilmoittautumisen j\u00e4lkeen. Koiranohjaaja ilmoittaa palkintotuomarin.<\/p>\n<p>Ilmoittautuminen 20.8.-16.9.2017 menness\u00e4:<br \/>\nVuokko Huovinen<br \/>\npuh. 0451142006<br \/>\nvuokkohuovinen@gmail.com<\/p>\n<p>HOX! PM-M\u00c4AJ koe on peruttu!<\/p>\n<ul>\n<li><strong>18.-19.11. LUT-koe Oulussa<\/strong><\/li>\n<\/ul>\n<p>LUT harrastajat huomio! Koska kerho ei t\u00e4n\u00e4 vuonna pysty j\u00e4rjest\u00e4m\u00e4\u00e4n lut kokeita, niin suosittelemme menem\u00e4\u00e4n kokeisiin Ouluun. Osty j\u00e4rjest\u00e4\u00e4 18.-19.11. lut kokeet, joiden ylituomarina toimii meid\u00e4n oma Kari Airiainen. Koemaksu on 45\u20ac ja luo kokeen maksu 10\u20ac. Tarkemmat tiedot kokeista l\u00f6ytyv\u00e4t Kennelliiton tapahtumakalenterista ja ostyn kotisivuilta.<\/p>\n<p>HOX! LUT-kokeet on peruttu!<\/p>\n<ul>\n<li><strong>M\u00c4AJ<\/strong><\/li>\n<\/ul>\n<p>Koe kest\u00e4\u00e4 koko koekauden 20.8. \u2013 helmikuun viimeinen p\u00e4iv\u00e4.Koemaksu 20 \u20ac on maksettava Lapin Kennelpiirin tilille FI79 5640 3340 0101 55 viitteell\u00e4 11002. Maksukuitti on esitett\u00e4v\u00e4 ylituomarille kokeen purkutilaisuudessa. Purkutilaisuudessa on koiranomistajan esitett\u00e4v\u00e4 koiran rekisteri- ja rokotustodistukset ja ylituomarin niin vaatiessa on koira otettava purkutilaisuuteen mukaan. Ilmoittautuminen vuorokautta ennen koetta.<br \/>\nLapin kennelpiirin vastaanottava ylituomari\u00a0: Kari Airiainen 050 491 2089 ( Ylitornio).<\/p>\n<ul>\n<li><strong>1-luokan NWF-koe 25.-26.11. Torniossa<\/strong><\/li>\n<\/ul>\n<p>Lapin M\u00e4yr\u00e4koirakerho ry j\u00e4rjest\u00e4\u00e4 Torniossa 26.11.2017 1-luokan NWF-kokeen, joka sis\u00e4lt\u00e4\u00e4 nelj\u00e4 osa-aluetta.Koe on Nose Work Finland ry:n my\u00f6nt\u00e4m\u00e4 ja kokeen tuomarina toimii Pekka Alamommo ja vastaavana koetoimitsijana Minna Isonikkil\u00e4. Kokeeseen otetaan 5-20 koiraa ja osallistumishinta on 30\u20ac\/koirakko. Juoksuiset nartut saavat osallistua juoksuhousut jalassa.<\/p>\n<p>Koe suoritetaan Nose Work Finland ry:n s\u00e4\u00e4nn\u00f6ill\u00e4. Koiran tulee olla v\u00e4hint\u00e4\u00e4n 9kk ik\u00e4inen ja tunnistusmerkitty. Osallistuvilla koirilla t\u00e4ytyy olla suoritettuna 1-luokan hajutesti hyv\u00e4ksytysti. Osallistuvien koirien tulee olla rokotettu Suomen Kennelliiton yleisten rokotusohjeiden mukaisesti. Koiran ohjaajan tulee olla Nose Work Finland ry:n j\u00e4sen.<\/p>\n<p>Koepaikka: Kantoj\u00e4rven toimintakeskus, Kantoj\u00e4rventie 107, 95590 TORNIO<br \/>\nJ\u00e4rjest\u00e4j\u00e4: Lapin M\u00e4yr\u00e4koirakerho ry<br \/>\nOsallistumismaksu: on 30 euroa.<br \/>\nIlmoittautuminen:<br \/>\n02.10.2017-10.11.2017<br \/>\nS\u00e4hk\u00f6postitse osoitteeseen minna.kilpelainen@suomi24.fi<\/p>\n","protected":false},"excerpt":{"rendered":"<p>21.5. MEJ\u00c4-koe Torniossa Ylituomari Eino J\u00e4ms\u00e4. Ilmoittautumiset 1.-28.4. v\u00e4lisen\u00e4 aikana: Minna Kilpel\u00e4inen Paakkolantie 1365 95590 TORNIO puh. 0408607641 minna.kilpelainen@outokumpu.com Ilmoittautumislomakkeen l\u00f6yd\u00e4t t\u00e4\u00e4lt\u00e4. Etusija j\u00e4rjest\u00e4v\u00e4n yhdistyksen j\u00e4senill\u00e4. Osanottomaksu 80,00\u20ac maksetaan koepaikalla. Osallistumiseen sis\u00e4ltyy oppaan teht\u00e4v\u00e4t. Oppaille kulukorvaus. HOX!! KOE PERUTTU LUMITILANTEEN VUOKSI! 2.6. MEJ\u00c4-iltakoe Torniossa Ylituomari Marika Ahola. Ilmoittautumiset 18.4.-10.5. v\u00e4lisen\u00e4 aikana: Minna Kilpel\u00e4inen Paakkolantie 1365 &hellip; <\/p>\n<p class=\"link-more\"><a href=\"http:\/\/www.lmkk.org\/?page_id=911\" class=\"more-link\">Jatka lukemista<span class=\"screen-reader-text\"> &#8221;Menneet tapahtumat &#8211; Vuosi 2017&#8221;<\/span><\/a><\/p>\n","protected":false},"author":1,"featured_media":0,"parent":0,"menu_order":0,"comment_status":"closed","ping_status":"closed","template":"","meta":{"footnotes":""},"class_list":["post-911","page","type-page","status-publish","hentry"],"_links":{"self":[{"href":"http:\/\/www.lmkk.org\/index.php?rest_route=\/wp\/v2\/pages\/911","targetHints":{"allow":["GET"]}}],"collection":[{"href":"http:\/\/www.lmkk.org\/index.php?rest_route=\/wp\/v2\/pages"}],"about":[{"href":"http:\/\/www.lmkk.org\/index.php?rest_route=\/wp\/v2\/types\/page"}],"author":[{"embeddable":true,"href":"http:\/\/www.lmkk.org\/index.php?rest_route=\/wp\/v2\/users\/1"}],"replies":[{"embeddable":true,"href":"http:\/\/www.lmkk.org\/index.php?rest_route=%2Fwp%2Fv2%2Fcomments&post=911"}],"version-history":[{"count":7,"href":"http:\/\/www.lmkk.org\/index.php?rest_route=\/wp\/v2\/pages\/911\/revisions"}],"predecessor-version":[{"id":949,"href":"http:\/\/www.lmkk.org\/index.php?rest_route=\/wp\/v2\/pages\/911\/revisions\/949"}],"wp:attachment":[{"href":"http:\/\/www.lmkk.org\/index.php?rest_route=%2Fwp%2Fv2%2Fmedia&parent=911"}],"curies":[{"name":"wp","href":"https:\/\/api.w.org\/{rel}","templated":true}]}}